{"id":533,"date":"2025-09-15T10:46:58","date_gmt":"2025-09-15T10:46:58","guid":{"rendered":"https:\/\/www.wjlsteelsupplier.com\/?post_type=product&#038;p=533"},"modified":"2025-09-20T02:00:48","modified_gmt":"2025-09-20T02:00:48","slug":"galvalume-steel-sheets","status":"publish","type":"product","link":"https:\/\/www.wjlsteelsupplier.com\/fr\/produit\/galvalume-steel-sheets\/","title":{"rendered":"T\u00f4les d'acier galvanis\u00e9 en gros - Approvisionnement en vrac pour la construction, la fabrication et les applications architecturales"},"content":{"rendered":"<h2 class=\"wp-block-heading\">Caract\u00e9ristiques des t\u00f4les d'acier galvanis\u00e9<\/h2>\n\n\n\n<ul class=\"wp-block-list\">\n<li><strong>Excellente durabilit\u00e9 et r\u00e9sistance :<\/strong> Les t\u00f4les d'acier galvanis\u00e9 conservent une excellente int\u00e9grit\u00e9 structurelle, m\u00eame sous pression, sous de lourdes charges et dans des conditions environnementales extr\u00eames. Sa durabilit\u00e9 en fait un choix id\u00e9al pour les toitures, les bardages et les projets de construction industrielle.<\/li>\n\n\n\n<li><strong>Excellente r\u00e9flectivit\u00e9 \u00e0 la chaleur et aux UV :<\/strong> T\u00f4les d'acier galvanis\u00e9 La surface r\u00e9fl\u00e9chissante du b\u00e2timent peut minimiser l'absorption de chaleur, am\u00e9liorer l'efficacit\u00e9 \u00e9nerg\u00e9tique et r\u00e9duire les co\u00fbts de refroidissement.<\/li>\n\n\n\n<li><strong>Efficacit\u00e9 \u00e9conomique : <\/strong>En raison de leur longue dur\u00e9e de vie et de leurs faibles besoins d'entretien, les t\u00f4les d'acier Galvalume constituent un choix \u00e9conomique pour les besoins de construction et de fabrication \u00e0 grande \u00e9chelle.<\/li>\n\n\n\n<li><strong>Applications diversifi\u00e9es et personnalisation : <\/strong>Ces panneaux peuvent \u00eatre personnalis\u00e9s en fonction de diff\u00e9rentes tailles, \u00e9paisseurs et surfaces afin de r\u00e9pondre aux exigences de diff\u00e9rents projets.<\/li>\n<\/ul>","protected":false},"excerpt":{"rendered":"<p>Les t\u00f4les d'acier Galvalume sont des aciers rev\u00eatus de haute qualit\u00e9, r\u00e9sistants \u00e0 la corrosion, con\u00e7us pour offrir d'excellentes performances dans les domaines des toitures, du bardage, des panneaux muraux et de la fabrication industrielle. Nos t\u00f4les d'acier Galvalume en gros offrent des options de personnalisation, y compris des tailles, des \u00e9paisseurs et des traitements de surface personnalis\u00e9s pour r\u00e9pondre aux besoins sp\u00e9cifiques de votre projet. Nous invitons les entreprises de construction, les fabricants et les transformateurs de m\u00e9taux \u00e0 nous contacter.<\/p>\n<p><script src=\"chrome-extension:\/\/fpelahbljekknahkcaegamhcndkfpfnc\/iFrame.js\" type=\"text\/javascript\"><\/script><\/p>","protected":false},"featured_media":534,"comment_status":"closed","ping_status":"closed","template":"","meta":{"_acf_changed":false},"product_brand":[],"product_cat":[22,54],"product_tag":[],"class_list":{"0":"post-533","1":"product","2":"type-product","3":"status-publish","4":"has-post-thumbnail","6":"product_cat-galvalume-steel","7":"product_cat-galvalume-steel-sheets","9":"first","10":"instock","11":"shipping-taxable","12":"product-type-simple"},"acf":[],"_links":{"self":[{"href":"https:\/\/www.wjlsteelsupplier.com\/fr\/wp-json\/wp\/v2\/product\/533","targetHints":{"allow":["GET"]}}],"collection":[{"href":"https:\/\/www.wjlsteelsupplier.com\/fr\/wp-json\/wp\/v2\/product"}],"about":[{"href":"https:\/\/www.wjlsteelsupplier.com\/fr\/wp-json\/wp\/v2\/types\/product"}],"replies":[{"embeddable":true,"href":"https:\/\/www.wjlsteelsupplier.com\/fr\/wp-json\/wp\/v2\/comments?post=533"}],"wp:featuredmedia":[{"embeddable":true,"href":"https:\/\/www.wjlsteelsupplier.com\/fr\/wp-json\/wp\/v2\/media\/534"}],"wp:attachment":[{"href":"https:\/\/www.wjlsteelsupplier.com\/fr\/wp-json\/wp\/v2\/media?parent=533"}],"wp:term":[{"taxonomy":"product_brand","embeddable":true,"href":"https:\/\/www.wjlsteelsupplier.com\/fr\/wp-json\/wp\/v2\/product_brand?post=533"},{"taxonomy":"product_cat","embeddable":true,"href":"https:\/\/www.wjlsteelsupplier.com\/fr\/wp-json\/wp\/v2\/product_cat?post=533"},{"taxonomy":"product_tag","embeddable":true,"href":"https:\/\/www.wjlsteelsupplier.com\/fr\/wp-json\/wp\/v2\/product_tag?post=533"}],"curies":[{"name":"wp","href":"https:\/\/api.w.org\/{rel}","templated":true}]}}