{"id":531,"date":"2025-09-15T10:35:27","date_gmt":"2025-09-15T10:35:27","guid":{"rendered":"https:\/\/www.wjlsteelsupplier.com\/?post_type=product&#038;p=531"},"modified":"2025-09-16T02:17:17","modified_gmt":"2025-09-16T02:17:17","slug":"non-oriented-electrical-steel-sheets","status":"publish","type":"product","link":"https:\/\/www.wjlsteelsupplier.com\/fr\/produit\/non-oriented-electrical-steel-sheets\/","title":{"rendered":"T\u00f4les d'acier \u00e9lectrique non orient\u00e9es Wholesale - T\u00f4les d'acier \u00e9lectrique NGO"},"content":{"rendered":"<h2 class=\"wp-block-heading\">Caract\u00e9ristiques des t\u00f4les d'acier \u00e9lectrique non orient\u00e9es<\/h2>\n\n\n\n<ul class=\"wp-block-list\">\n<li><strong>R\u00e9sistance m\u00e9canique et int\u00e9grit\u00e9 structurelle \u00e9lev\u00e9es :<\/strong> Les t\u00f4les d'acier \u00e9lectrique NGO sont produites \u00e0 l'aide de proc\u00e9d\u00e9s de laminage et de recuit avanc\u00e9s, avec une excellente r\u00e9sistance \u00e0 la traction et une grande t\u00e9nacit\u00e9. Elles peuvent r\u00e9sister aux contraintes m\u00e9caniques lors de l'assemblage et du fonctionnement des moteurs \u00e0 grande vitesse sans d\u00e9formation ni d\u00e9gradation des performances.<\/li>\n\n\n\n<li><strong>Large application : <\/strong>Les t\u00f4les d'acier \u00e9lectrique NGO sont largement utilis\u00e9es dans la fabrication de moteurs \u00e9lectriques, de transformateurs, de g\u00e9n\u00e9rateurs, d'appareils \u00e9lectrom\u00e9nagers, de v\u00e9hicules \u00e9lectriques, de syst\u00e8mes d'\u00e9nergie renouvelable et d'\u00e9quipements d'automatisation industrielle.<\/li>\n\n\n\n<li><strong>Prix de gros tr\u00e8s comp\u00e9titifs :<\/strong> En tant que fournisseur professionnel d'acier en Chine, nous nous assurons que nos clients b\u00e9n\u00e9ficient des prix de gros les plus comp\u00e9titifs.<\/li>\n\n\n\n<li><strong>Contr\u00f4le strict de la qualit\u00e9 : <\/strong>Chaque lot de t\u00f4les d'acier ONG fait l'objet d'une inspection rigoureuse, de tests et de contr\u00f4les d'assurance qualit\u00e9 afin de garantir que nos produits sont conformes aux normes internationales telles que ISO, ASTM et IEC.<\/li>\n\n\n\n<li><strong>Services techniques :<\/strong> Nous proposons des solutions sur mesure aux clients qui ont besoin d'\u00e9paisseurs, de largeurs ou de feuilles pr\u00e9-fendues pr\u00e9cises pour leurs lignes de production.<\/li>\n<\/ul>","protected":false},"excerpt":{"rendered":"<p>Nos t\u00f4les magn\u00e9tiques non orient\u00e9es en gros sont fabriqu\u00e9es \u00e0 partir d'acier au silicium de haute qualit\u00e9, offrant des propri\u00e9t\u00e9s magn\u00e9tiques constantes dans toutes les directions. Ces t\u00f4les ont une surface lisse et des tol\u00e9rances d'\u00e9paisseur pr\u00e9cises, ce qui les rend id\u00e9ales pour la production automatis\u00e9e et la production en grande quantit\u00e9. Les fabricants sont invit\u00e9s \u00e0 nous contacter pour des achats en gros.<\/p>","protected":false},"featured_media":545,"comment_status":"closed","ping_status":"closed","template":"","meta":{"_acf_changed":false},"product_brand":[],"product_cat":[23,50],"product_tag":[],"class_list":{"0":"post-531","1":"product","2":"type-product","3":"status-publish","4":"has-post-thumbnail","6":"product_cat-non-oriented-electrical-steel","7":"product_cat-non-oriented-electrical-steel-sheets","9":"first","10":"instock","11":"shipping-taxable","12":"product-type-simple"},"acf":[],"_links":{"self":[{"href":"https:\/\/www.wjlsteelsupplier.com\/fr\/wp-json\/wp\/v2\/product\/531","targetHints":{"allow":["GET"]}}],"collection":[{"href":"https:\/\/www.wjlsteelsupplier.com\/fr\/wp-json\/wp\/v2\/product"}],"about":[{"href":"https:\/\/www.wjlsteelsupplier.com\/fr\/wp-json\/wp\/v2\/types\/product"}],"replies":[{"embeddable":true,"href":"https:\/\/www.wjlsteelsupplier.com\/fr\/wp-json\/wp\/v2\/comments?post=531"}],"wp:featuredmedia":[{"embeddable":true,"href":"https:\/\/www.wjlsteelsupplier.com\/fr\/wp-json\/wp\/v2\/media\/545"}],"wp:attachment":[{"href":"https:\/\/www.wjlsteelsupplier.com\/fr\/wp-json\/wp\/v2\/media?parent=531"}],"wp:term":[{"taxonomy":"product_brand","embeddable":true,"href":"https:\/\/www.wjlsteelsupplier.com\/fr\/wp-json\/wp\/v2\/product_brand?post=531"},{"taxonomy":"product_cat","embeddable":true,"href":"https:\/\/www.wjlsteelsupplier.com\/fr\/wp-json\/wp\/v2\/product_cat?post=531"},{"taxonomy":"product_tag","embeddable":true,"href":"https:\/\/www.wjlsteelsupplier.com\/fr\/wp-json\/wp\/v2\/product_tag?post=531"}],"curies":[{"name":"wp","href":"https:\/\/api.w.org\/{rel}","templated":true}]}}