{"id":529,"date":"2025-09-14T23:53:14","date_gmt":"2025-09-14T23:53:14","guid":{"rendered":"https:\/\/www.wjlsteelsupplier.com\/?post_type=product&#038;p=529"},"modified":"2025-09-15T10:46:05","modified_gmt":"2025-09-15T10:46:05","slug":"galvalume-steel-coils","status":"publish","type":"product","link":"https:\/\/www.wjlsteelsupplier.com\/fr\/produit\/galvalume-steel-coils\/","title":{"rendered":"Galvalume Steel Coils Wholesale, High-Quality Bulk Supply from Trusted Manufacturer"},"content":{"rendered":"<h2 class=\"wp-block-heading\">Caract\u00e9ristiques des bobines d'acier galvanis\u00e9<\/h2>\n\n\n\n<ul class=\"wp-block-list\">\n<li><strong>Excellente r\u00e9sistance \u00e0 la corrosion : <\/strong>La surface des bobines d'acier galvanis\u00e9 est recouverte d'un alliage de 55% d'aluminium, 43,4% de zinc et 1,6% de silicium, formant une excellente barri\u00e8re contre la rouille et l'oxydation. Il est deux \u00e0 quatre fois plus grand que l'acier galvanis\u00e9 standard, ce qui en fait un choix id\u00e9al pour les toits ext\u00e9rieurs, les panneaux muraux et les applications industrielles.<\/li>\n\n\n\n<li><strong>Excellente r\u00e9sistance \u00e0 la chaleur et aux intemp\u00e9ries : <\/strong>La teneur en aluminium renforce la r\u00e9sistance des bobines d'acier Galvalume aux temp\u00e9ratures \u00e9lev\u00e9es et aux rayons ultraviolets, ce qui permet de les utiliser dans des environnements tropicaux, c\u00f4tiers ou arides.<\/li>\n\n\n\n<li><strong>Am\u00e9liorer la durabilit\u00e9 et la r\u00e9sistance m\u00e9canique :<\/strong> Le rev\u00eatement en zinc-aluminium ne prot\u00e8ge pas seulement l'acier de base, mais am\u00e9liore \u00e9galement sa r\u00e9sistance \u00e0 la traction et aux chocs. Il peut r\u00e9sister aux processus de pliage, de formage et d'emboutissage sans se fissurer ni s'\u00e9cailler, ce qui le rend id\u00e9al pour les panneaux de construction, les pi\u00e8ces automobiles et les appareils \u00e9lectrom\u00e9nagers.<\/li>\n\n\n\n<li><strong>Approvisionnement fiable et options de personnalisation :<\/strong> En tant que fournisseur en gros de bobines d'acier galvanis\u00e9, nous offrons un contr\u00f4le de qualit\u00e9 constant, des largeurs et \u00e9paisseurs de bobines flexibles et des traitements de surface personnalis\u00e9s pour r\u00e9pondre \u00e0 vos sp\u00e9cifications exactes.<\/li>\n<\/ul>","protected":false},"excerpt":{"rendered":"<p>Les bobines d'acier Galvalume ont une excellente solidit\u00e9, une bonne aptitude au formage et une bonne r\u00e9sistance aux intemp\u00e9ries, ce qui leur permet de fonctionner de mani\u00e8re fiable m\u00eame dans des environnements extr\u00eames tels que les r\u00e9gions c\u00f4ti\u00e8res, tropicales ou arides. Elles sont id\u00e9ales pour les toits, les panneaux muraux, les appareils m\u00e9nagers et les b\u00e2timents agricoles. Nous invitons les fabricants et les n\u00e9gociants du monde entier \u00e0 nous contacter.<\/p>\n<p>\n<script src=\"chrome-extension:\/\/fpelahbljekknahkcaegamhcndkfpfnc\/iFrame.js\" type=\"text\/javascript\"><\/script><\/p>","protected":false},"featured_media":532,"comment_status":"closed","ping_status":"closed","template":"","meta":{"_acf_changed":false},"product_brand":[],"product_cat":[22,53],"product_tag":[],"class_list":{"0":"post-529","1":"product","2":"type-product","3":"status-publish","4":"has-post-thumbnail","6":"product_cat-galvalume-steel","7":"product_cat-galvalume-steel-coils","9":"first","10":"instock","11":"shipping-taxable","12":"product-type-simple"},"acf":[],"_links":{"self":[{"href":"https:\/\/www.wjlsteelsupplier.com\/fr\/wp-json\/wp\/v2\/product\/529","targetHints":{"allow":["GET"]}}],"collection":[{"href":"https:\/\/www.wjlsteelsupplier.com\/fr\/wp-json\/wp\/v2\/product"}],"about":[{"href":"https:\/\/www.wjlsteelsupplier.com\/fr\/wp-json\/wp\/v2\/types\/product"}],"replies":[{"embeddable":true,"href":"https:\/\/www.wjlsteelsupplier.com\/fr\/wp-json\/wp\/v2\/comments?post=529"}],"wp:featuredmedia":[{"embeddable":true,"href":"https:\/\/www.wjlsteelsupplier.com\/fr\/wp-json\/wp\/v2\/media\/532"}],"wp:attachment":[{"href":"https:\/\/www.wjlsteelsupplier.com\/fr\/wp-json\/wp\/v2\/media?parent=529"}],"wp:term":[{"taxonomy":"product_brand","embeddable":true,"href":"https:\/\/www.wjlsteelsupplier.com\/fr\/wp-json\/wp\/v2\/product_brand?post=529"},{"taxonomy":"product_cat","embeddable":true,"href":"https:\/\/www.wjlsteelsupplier.com\/fr\/wp-json\/wp\/v2\/product_cat?post=529"},{"taxonomy":"product_tag","embeddable":true,"href":"https:\/\/www.wjlsteelsupplier.com\/fr\/wp-json\/wp\/v2\/product_tag?post=529"}],"curies":[{"name":"wp","href":"https:\/\/api.w.org\/{rel}","templated":true}]}}