{"id":527,"date":"2025-09-14T23:32:08","date_gmt":"2025-09-14T23:32:08","guid":{"rendered":"https:\/\/www.wjlsteelsupplier.com\/?post_type=product&#038;p=527"},"modified":"2025-09-14T23:48:12","modified_gmt":"2025-09-14T23:48:12","slug":"stainless-steel-strips","status":"publish","type":"product","link":"https:\/\/www.wjlsteelsupplier.com\/fr\/produit\/stainless-steel-strips\/","title":{"rendered":"Bandes d'acier inoxydable Wholesale, Bulk Precision-Cut Steel Strips Supplier - 210,304,316 Grade"},"content":{"rendered":"<h2 class=\"wp-block-heading\">Caract\u00e9ristiques des bandes en acier inoxydable<\/h2>\n\n\n\n<p><strong>R\u00e9sistance sup\u00e9rieure \u00e0 la corrosion : <\/strong>La surface des bandes d'acier inoxydable peut former une couche d'oxyde passive auto-cicatrisante. M\u00eame dans des environnements humides ou faiblement acides, cette couche d'oxyde peut servir de barri\u00e8re solide.<br><br><strong>Coupe de pr\u00e9cision pour plus de coh\u00e9rence :<\/strong> En tant que fournisseur professionnel d'acier inoxydable, nous garantissons une \u00e9paisseur et une largeur constantes sur l'ensemble du lot de produits. Cette pr\u00e9cision permet aux fabricants d'int\u00e9grer les bandes dans des processus de fabrication automatis\u00e9s.<br><strong><br>Excellent \u00e9tat de surface<\/strong>: Les surfaces exquises am\u00e9liorent non seulement l'esth\u00e9tique, mais r\u00e9duisent \u00e9galement le frottement pendant les processus de moulage, d'emboutissage ou de soudage. Elles conviennent donc parfaitement aux composants visibles tels que les int\u00e9rieurs automobiles, les appareils m\u00e9nagers, les d\u00e9corations de b\u00e2timents, les ustensiles de cuisine et la quincaillerie d\u00e9corative.<\/p>\n\n\n\n<p><strong>Large choix de qualit\u00e9s<\/strong>: <\/p>\n\n\n\n<ul class=\"wp-block-list\">\n<li>L'acier inoxydable de qualit\u00e9 210 est un choix \u00e9conomique et fiable pour les applications int\u00e9rieures ou les environnements peu corrosifs, alliant \u00e9conomie et r\u00e9sistance.<\/li>\n\n\n\n<li>L'acier inoxydable 304 est largement consid\u00e9r\u00e9 comme la norme dans l'industrie, avec une excellente r\u00e9sistance \u00e0 la corrosion, une bonne aptitude au formage et un bon rapport co\u00fbt-efficacit\u00e9.<\/li>\n\n\n\n<li>L'acier inoxydable 316 avec ajout de molybd\u00e8ne offre le plus haut niveau de protection contre la corrosion et constitue le choix privil\u00e9gi\u00e9 pour les applications marines, chimiques et ext\u00e9rieures susceptibles d'entrer en contact avec de l'eau de mer ou des produits chimiques irritants.<\/li>\n<\/ul>\n\n\n\n<p><strong>Prix avantageux : <\/strong>En tant que fournisseur d'acier inoxydable en gros, nous offrons des prix tr\u00e8s comp\u00e9titifs. Gr\u00e2ce \u00e0 des stocks fiables et \u00e0 des quantit\u00e9s de commande flexibles, nous sommes en mesure de r\u00e9pondre aux besoins des petites entreprises, des fabricants de taille moyenne et des grandes entreprises.<\/p>","protected":false},"excerpt":{"rendered":"<p data-pm-slice=\"0 0 []\">Les bandes d'acier inoxydable en gros sont fabriqu\u00e9es \u00e0 l'aide d'une technologie de coupe de haute pr\u00e9cision afin de garantir une \u00e9paisseur uniforme, des bords lisses et des performances fiables. Nous proposons trois qualit\u00e9s : 210, 304 et 316, adapt\u00e9es \u00e0 diverses applications. Nous sommes un fournisseur de bandes en acier inoxydable de Chine, offrant des prix directs d'usine, des quantit\u00e9s de commande flexibles et des options de personnalisation. N'h\u00e9sitez pas \u00e0 nous contacter.<\/p>\n<p>\n<script src=\"chrome-extension:\/\/fpelahbljekknahkcaegamhcndkfpfnc\/iFrame.js\" type=\"text\/javascript\"><\/script><\/p>","protected":false},"featured_media":528,"comment_status":"closed","ping_status":"closed","template":"","meta":{"_acf_changed":false},"product_brand":[],"product_cat":[25,42],"product_tag":[],"class_list":{"0":"post-527","1":"product","2":"type-product","3":"status-publish","4":"has-post-thumbnail","6":"product_cat-stainless-steel","7":"product_cat-stainless-steel-strips","9":"first","10":"instock","11":"shipping-taxable","12":"product-type-simple"},"acf":[],"_links":{"self":[{"href":"https:\/\/www.wjlsteelsupplier.com\/fr\/wp-json\/wp\/v2\/product\/527","targetHints":{"allow":["GET"]}}],"collection":[{"href":"https:\/\/www.wjlsteelsupplier.com\/fr\/wp-json\/wp\/v2\/product"}],"about":[{"href":"https:\/\/www.wjlsteelsupplier.com\/fr\/wp-json\/wp\/v2\/types\/product"}],"replies":[{"embeddable":true,"href":"https:\/\/www.wjlsteelsupplier.com\/fr\/wp-json\/wp\/v2\/comments?post=527"}],"wp:featuredmedia":[{"embeddable":true,"href":"https:\/\/www.wjlsteelsupplier.com\/fr\/wp-json\/wp\/v2\/media\/528"}],"wp:attachment":[{"href":"https:\/\/www.wjlsteelsupplier.com\/fr\/wp-json\/wp\/v2\/media?parent=527"}],"wp:term":[{"taxonomy":"product_brand","embeddable":true,"href":"https:\/\/www.wjlsteelsupplier.com\/fr\/wp-json\/wp\/v2\/product_brand?post=527"},{"taxonomy":"product_cat","embeddable":true,"href":"https:\/\/www.wjlsteelsupplier.com\/fr\/wp-json\/wp\/v2\/product_cat?post=527"},{"taxonomy":"product_tag","embeddable":true,"href":"https:\/\/www.wjlsteelsupplier.com\/fr\/wp-json\/wp\/v2\/product_tag?post=527"}],"curies":[{"name":"wp","href":"https:\/\/api.w.org\/{rel}","templated":true}]}}