{"id":521,"date":"2025-09-13T10:36:39","date_gmt":"2025-09-13T10:36:39","guid":{"rendered":"https:\/\/www.wjlsteelsupplier.com\/?post_type=product&#038;p=521"},"modified":"2025-09-17T02:38:19","modified_gmt":"2025-09-17T02:38:19","slug":"stainless-steel-sheets","status":"publish","type":"product","link":"https:\/\/www.wjlsteelsupplier.com\/fr\/produit\/stainless-steel-sheets\/","title":{"rendered":"Feuilles d'acier inoxydable en gros - 210, 304, 316 Grade"},"content":{"rendered":"<h2 class=\"wp-block-heading\">Caract\u00e9ristiques des t\u00f4les d'acier lamin\u00e9es \u00e0 froid<\/h2>\n\n\n\n<ul class=\"wp-block-list\">\n<li><strong>Excellente r\u00e9sistance \u00e0 la corrosion : <\/strong>Les t\u00f4les d'acier de qualit\u00e9 304 et 316 peuvent r\u00e9sister \u00e0 la rouille, \u00e0 l'oxydation et \u00e0 la corrosion chimique dans divers environnements. Les t\u00f4les d'acier de qualit\u00e9 316 riches en molybd\u00e8ne offrent une excellente protection et constituent un choix id\u00e9al pour diverses applications difficiles.<\/li>\n\n\n\n<li><strong>Traitement de surface lisse et uniforme :<\/strong> Les t\u00f4les en acier inoxydable subissent un traitement de surface lisse et uniforme, ce qui les rend id\u00e9ales pour les applications qui privil\u00e9gient l'apparence, telles que les panneaux de construction, les fa\u00e7ades d\u00e9coratives et les \u00e9l\u00e9ments de d\u00e9coration int\u00e9rieure.<\/li>\n\n\n\n<li><strong>Hygi\u00e8ne et faible co\u00fbt d'entretien : <\/strong>La surface de l'acier inoxydable est lisse, non poreuse et facile \u00e0 nettoyer et \u00e0 d\u00e9sinfecter. Elle n'absorbe ni les produits chimiques ni les bact\u00e9ries, ce qui explique qu'elle soit devenue le mat\u00e9riau de pr\u00e9dilection pour des applications telles que les industries alimentaires et m\u00e9dicales, o\u00f9 la propret\u00e9 est cruciale.<\/li>\n\n\n\n<li><strong>Recyclabilit\u00e9 : <\/strong>L'acier inoxydable est un mat\u00e9riau recyclable 100% et un choix respectueux de l'environnement.<\/li>\n<\/ul>","protected":false},"excerpt":{"rendered":"<p>Vente en gros de t\u00f4les en acier inoxydable. Les t\u00f4les en acier inoxydable de type 304 et 316 r\u00e9sistent \u00e0 la rouille, \u00e0 l'oxydation et \u00e0 la corrosion chimique. L'acier inoxydable 316 est enrichi en molybd\u00e8ne, ce qui permet d'am\u00e9liorer les performances dans les environnements difficiles. Nous proposons des livraisons en vrac, alors contactez-nous pour un devis.<\/p>\n<p>\n<script src=\"chrome-extension:\/\/fpelahbljekknahkcaegamhcndkfpfnc\/iFrame.js\" type=\"text\/javascript\"><\/script><\/p>","protected":false},"featured_media":522,"comment_status":"closed","ping_status":"closed","template":"","meta":{"_acf_changed":false},"product_brand":[],"product_cat":[25,43],"product_tag":[],"class_list":{"0":"post-521","1":"product","2":"type-product","3":"status-publish","4":"has-post-thumbnail","6":"product_cat-stainless-steel","7":"product_cat-stainless-steel-sheets","9":"first","10":"instock","11":"shipping-taxable","12":"product-type-simple"},"acf":[],"_links":{"self":[{"href":"https:\/\/www.wjlsteelsupplier.com\/fr\/wp-json\/wp\/v2\/product\/521","targetHints":{"allow":["GET"]}}],"collection":[{"href":"https:\/\/www.wjlsteelsupplier.com\/fr\/wp-json\/wp\/v2\/product"}],"about":[{"href":"https:\/\/www.wjlsteelsupplier.com\/fr\/wp-json\/wp\/v2\/types\/product"}],"replies":[{"embeddable":true,"href":"https:\/\/www.wjlsteelsupplier.com\/fr\/wp-json\/wp\/v2\/comments?post=521"}],"wp:featuredmedia":[{"embeddable":true,"href":"https:\/\/www.wjlsteelsupplier.com\/fr\/wp-json\/wp\/v2\/media\/522"}],"wp:attachment":[{"href":"https:\/\/www.wjlsteelsupplier.com\/fr\/wp-json\/wp\/v2\/media?parent=521"}],"wp:term":[{"taxonomy":"product_brand","embeddable":true,"href":"https:\/\/www.wjlsteelsupplier.com\/fr\/wp-json\/wp\/v2\/product_brand?post=521"},{"taxonomy":"product_cat","embeddable":true,"href":"https:\/\/www.wjlsteelsupplier.com\/fr\/wp-json\/wp\/v2\/product_cat?post=521"},{"taxonomy":"product_tag","embeddable":true,"href":"https:\/\/www.wjlsteelsupplier.com\/fr\/wp-json\/wp\/v2\/product_tag?post=521"}],"curies":[{"name":"wp","href":"https:\/\/api.w.org\/{rel}","templated":true}]}}