{"id":518,"date":"2025-09-13T10:14:22","date_gmt":"2025-09-13T10:14:22","guid":{"rendered":"https:\/\/www.wjlsteelsupplier.com\/?post_type=product&#038;p=518"},"modified":"2025-09-13T10:32:01","modified_gmt":"2025-09-13T10:32:01","slug":"stainless-steel-coils","status":"publish","type":"product","link":"https:\/\/www.wjlsteelsupplier.com\/fr\/produit\/stainless-steel-coils\/","title":{"rendered":"Bobines d'acier inoxydable de qualit\u00e9 sup\u00e9rieure - Bobines d'acier inoxydable 210, 304, 316"},"content":{"rendered":"<h2 class=\"wp-block-heading\">Caract\u00e9ristiques des bobines d'acier inoxydable<\/h2>\n\n\n\n<ul class=\"wp-block-list\">\n<li><strong>Excellente r\u00e9sistance \u00e0 la corrosion : <\/strong>Les bobines d'acier inoxydable contiennent une forte proportion de chrome, qui peut former une couche d'oxyde naturelle auto-cicatrisante \u00e0 la surface. Cette caract\u00e9ristique garantit la durabilit\u00e9 \u00e0 long terme de l'acier, r\u00e9duit les besoins d'entretien et prolonge la dur\u00e9e de vie des produits dans des secteurs tels que la construction navale, le traitement chimique et la construction ext\u00e9rieure.<\/li>\n\n\n\n<li><strong>Surface lisse et esth\u00e9tique :<\/strong> Les bobines d'acier inoxydable pr\u00e9sentent g\u00e9n\u00e9ralement une surface uniforme, polie et esth\u00e9tique, ce qui en fait un choix id\u00e9al \u00e0 des fins fonctionnelles et d\u00e9coratives. Elles sont \u00e9galement faciles \u00e0 nettoyer et \u00e0 traiter en surface, ce qui les rend adapt\u00e9es \u00e0 la construction, aux appareils \u00e9lectrom\u00e9nagers et aux produits d\u00e9coratifs.<\/li>\n\n\n\n<li><strong>Capacit\u00e9 de fabrication multifonctionnelle : <\/strong>Les bobines d'acier inoxydable peuvent \u00eatre coup\u00e9es, lamin\u00e9es, estamp\u00e9es, pli\u00e9es ou press\u00e9es pour obtenir diverses formes, notamment des plaques, des bandes, des tuyaux et des tubes. Ses excellentes performances de transformation r\u00e9pondent aux divers besoins de la fabrication industrielle, des pi\u00e8ces automobiles, des ustensiles de cuisine et des \u00e9quipements m\u00e9caniques.<\/li>\n\n\n\n<li><strong>Haute qualit\u00e9 : <\/strong>Nos bobines d'acier inoxydable pr\u00e9sentent une surface uniforme, des performances stables et des dimensions pr\u00e9cises. Combin\u00e9es \u00e0 une excellente r\u00e9sistance \u00e0 la corrosion, \u00e0 l'usure et \u00e0 la solidit\u00e9, nous veillons \u00e0 ce que chaque lot de produits r\u00e9ponde \u00e0 des normes de qualit\u00e9 strictes.<\/li>\n\n\n\n<li><\/li>\n<\/ul>","protected":false},"excerpt":{"rendered":"<p>L'usine fournit de grandes quantit\u00e9s de bobines d'acier inoxydable, qui pr\u00e9sentent une excellente r\u00e9sistance \u00e0 la corrosion, une couche d'oxyde auto-cicatrisante, une surface lisse et polie, et peuvent \u00eatre utilis\u00e9es \u00e0 des fins fonctionnelles ou d\u00e9coratives. Les bobines d'acier inoxydable que nous fournissons ont des dimensions pr\u00e9cises, une r\u00e9sistance \u00e9lev\u00e9e et une bonne durabilit\u00e9, et conviennent \u00e0 des applications dans de nombreux domaines tels que la fabrication, la construction et la d\u00e9coration.<\/p>\n<p>\n<script src=\"chrome-extension:\/\/fpelahbljekknahkcaegamhcndkfpfnc\/iFrame.js\" type=\"text\/javascript\"><\/script><\/p>","protected":false},"featured_media":519,"comment_status":"closed","ping_status":"closed","template":"","meta":{"_acf_changed":false},"product_brand":[],"product_cat":[25,41],"product_tag":[],"class_list":{"0":"post-518","1":"product","2":"type-product","3":"status-publish","4":"has-post-thumbnail","6":"product_cat-stainless-steel","7":"product_cat-stainless-steel-coils","9":"first","10":"instock","11":"shipping-taxable","12":"product-type-simple"},"acf":[],"_links":{"self":[{"href":"https:\/\/www.wjlsteelsupplier.com\/fr\/wp-json\/wp\/v2\/product\/518","targetHints":{"allow":["GET"]}}],"collection":[{"href":"https:\/\/www.wjlsteelsupplier.com\/fr\/wp-json\/wp\/v2\/product"}],"about":[{"href":"https:\/\/www.wjlsteelsupplier.com\/fr\/wp-json\/wp\/v2\/types\/product"}],"replies":[{"embeddable":true,"href":"https:\/\/www.wjlsteelsupplier.com\/fr\/wp-json\/wp\/v2\/comments?post=518"}],"wp:featuredmedia":[{"embeddable":true,"href":"https:\/\/www.wjlsteelsupplier.com\/fr\/wp-json\/wp\/v2\/media\/519"}],"wp:attachment":[{"href":"https:\/\/www.wjlsteelsupplier.com\/fr\/wp-json\/wp\/v2\/media?parent=518"}],"wp:term":[{"taxonomy":"product_brand","embeddable":true,"href":"https:\/\/www.wjlsteelsupplier.com\/fr\/wp-json\/wp\/v2\/product_brand?post=518"},{"taxonomy":"product_cat","embeddable":true,"href":"https:\/\/www.wjlsteelsupplier.com\/fr\/wp-json\/wp\/v2\/product_cat?post=518"},{"taxonomy":"product_tag","embeddable":true,"href":"https:\/\/www.wjlsteelsupplier.com\/fr\/wp-json\/wp\/v2\/product_tag?post=518"}],"curies":[{"name":"wp","href":"https:\/\/api.w.org\/{rel}","templated":true}]}}