{"id":516,"date":"2025-09-13T09:28:13","date_gmt":"2025-09-13T09:28:13","guid":{"rendered":"https:\/\/www.wjlsteelsupplier.com\/?post_type=product&#038;p=516"},"modified":"2025-09-13T09:58:01","modified_gmt":"2025-09-13T09:58:01","slug":"hot-rolled-pickled-and-oiled-steel-strips","status":"publish","type":"product","link":"https:\/\/www.wjlsteelsupplier.com\/fr\/produit\/hot-rolled-pickled-and-oiled-steel-strips\/","title":{"rendered":"Feuillards d'acier d\u00e9cap\u00e9s et huil\u00e9s lamin\u00e9s \u00e0 chaud Commerce de gros"},"content":{"rendered":"<h2 class=\"wp-block-heading\">Caract\u00e9ristiques des bandes d'acier d\u00e9cap\u00e9es et huil\u00e9es lamin\u00e9es \u00e0 chaud<\/h2>\n\n\n\n<ul class=\"wp-block-list\">\n<li><strong>R\u00e9duire le risque de d\u00e9fauts de surface :<\/strong> Les bandes d'acier HRPO peuvent fournir une surface uniforme et coh\u00e9rente, sans d\u00e9fauts ni points faibles. Cela r\u00e9duit le risque de fissures, de bulles ou de rev\u00eatements in\u00e9gaux au cours des processus de fabrication ult\u00e9rieurs.<\/li>\n\n\n\n<li><strong>Pr\u00e9cision et coh\u00e9rence des dimensions :<\/strong> Les tol\u00e9rances d'\u00e9paisseur, de largeur et de longueur de nos bandes d'acier HRPO sont tr\u00e8s strictes, et cette constance est cruciale pour les processus de production et d'assemblage \u00e0 grande \u00e9chelle.<\/li>\n\n\n\n<li><strong>Am\u00e9lioration de l'efficacit\u00e9 de la coupe et du formage : <\/strong>L'\u00e9limination des irr\u00e9gularit\u00e9s de surface permet de r\u00e9aliser des op\u00e9rations de coupe, d'emboutissage et de formage plus propres, plus rapides et plus pr\u00e9cises, r\u00e9duisant ainsi le temps de production et l'usure des outils.<\/li>\n\n\n\n<li><strong>Dur\u00e9e de stockage plus longue et protection contre la corrosion :<\/strong> La couche d'huile protectrice appliqu\u00e9e apr\u00e8s le d\u00e9capage peut prot\u00e9ger la bande d'acier de l'humidit\u00e9 et des facteurs environnementaux, r\u00e9duisant ainsi le risque de rouille ou de vieillissement de la surface pendant le stockage et le transport.<\/li>\n<\/ul>","protected":false},"excerpt":{"rendered":"<p>Les bandes d'acier d\u00e9cap\u00e9es et huil\u00e9es lamin\u00e9es \u00e0 chaud pr\u00e9sentent une surface lisse et propre, une excellente formabilit\u00e9, une taille constante et une r\u00e9sistance \u00e0 la corrosion. Ce produit est un choix id\u00e9al pour l'automobile, la construction, la machinerie, la production de pipelines et la fabrication g\u00e9n\u00e9rale, fournissant des produits rentables et fiables pour diverses applications industrielles. Nous proposons des livraisons en vrac. Veuillez nous contacter.<\/p>\n<p>\n<script src=\"chrome-extension:\/\/fpelahbljekknahkcaegamhcndkfpfnc\/iFrame.js\" type=\"text\/javascript\"><\/script><\/p>","protected":false},"featured_media":517,"comment_status":"closed","ping_status":"closed","template":"","meta":{"_acf_changed":false},"product_brand":[],"product_cat":[26,38],"product_tag":[],"class_list":{"0":"post-516","1":"product","2":"type-product","3":"status-publish","4":"has-post-thumbnail","6":"product_cat-hot-rolled-pickled-and-oiled-steel","7":"product_cat-hot-rolled-pickled-and-oiled-steel-strips","9":"first","10":"instock","11":"shipping-taxable","12":"product-type-simple"},"acf":[],"_links":{"self":[{"href":"https:\/\/www.wjlsteelsupplier.com\/fr\/wp-json\/wp\/v2\/product\/516","targetHints":{"allow":["GET"]}}],"collection":[{"href":"https:\/\/www.wjlsteelsupplier.com\/fr\/wp-json\/wp\/v2\/product"}],"about":[{"href":"https:\/\/www.wjlsteelsupplier.com\/fr\/wp-json\/wp\/v2\/types\/product"}],"replies":[{"embeddable":true,"href":"https:\/\/www.wjlsteelsupplier.com\/fr\/wp-json\/wp\/v2\/comments?post=516"}],"wp:featuredmedia":[{"embeddable":true,"href":"https:\/\/www.wjlsteelsupplier.com\/fr\/wp-json\/wp\/v2\/media\/517"}],"wp:attachment":[{"href":"https:\/\/www.wjlsteelsupplier.com\/fr\/wp-json\/wp\/v2\/media?parent=516"}],"wp:term":[{"taxonomy":"product_brand","embeddable":true,"href":"https:\/\/www.wjlsteelsupplier.com\/fr\/wp-json\/wp\/v2\/product_brand?post=516"},{"taxonomy":"product_cat","embeddable":true,"href":"https:\/\/www.wjlsteelsupplier.com\/fr\/wp-json\/wp\/v2\/product_cat?post=516"},{"taxonomy":"product_tag","embeddable":true,"href":"https:\/\/www.wjlsteelsupplier.com\/fr\/wp-json\/wp\/v2\/product_tag?post=516"}],"curies":[{"name":"wp","href":"https:\/\/api.w.org\/{rel}","templated":true}]}}