{"id":514,"date":"2025-09-13T08:09:15","date_gmt":"2025-09-13T08:09:15","guid":{"rendered":"https:\/\/www.wjlsteelsupplier.com\/?post_type=product&#038;p=514"},"modified":"2025-09-13T09:14:53","modified_gmt":"2025-09-13T09:14:53","slug":"hot-rolled-pickled-and-oiled-steel-plates","status":"publish","type":"product","link":"https:\/\/www.wjlsteelsupplier.com\/fr\/produit\/hot-rolled-pickled-and-oiled-steel-plates\/","title":{"rendered":"T\u00f4les d'acier d\u00e9cap\u00e9es et huil\u00e9es lamin\u00e9es \u00e0 chaud Commerce de gros"},"content":{"rendered":"<h2 class=\"wp-block-heading\">Caract\u00e9ristiques des t\u00f4les d'acier d\u00e9cap\u00e9es et huil\u00e9es lamin\u00e9es \u00e0 chaud<\/h2>\n\n\n\n<ul class=\"wp-block-list\">\n<li><strong>Surface lisse et propre :<\/strong> Le traitement de d\u00e9capage rend la surface de la t\u00f4le d'acier exceptionnellement lisse et propre, ce qui non seulement am\u00e9liore l'apparence, mais garantit \u00e9galement une excellente adh\u00e9rence lors des processus ult\u00e9rieurs de rev\u00eatement, de peinture ou de galvanisation.<\/li>\n\n\n\n<li><strong>Pr\u00eat pour un traitement secondaire efficace :<\/strong> Les t\u00f4les d'acier lamin\u00e9es \u00e0 chaud et rev\u00eatues par lavage acide subissent un pr\u00e9traitement, de sorte qu'un travail de pr\u00e9paration minimal est n\u00e9cessaire avant le traitement ou la finition ult\u00e9rieurs. Ce pr\u00e9traitement permet d'\u00e9conomiser du temps, de la main-d'\u0153uvre et des co\u00fbts de production, car ces plaques d'acier peuvent \u00eatre imm\u00e9diatement utilis\u00e9es pour les processus de d\u00e9coupe, de soudage, de peinture ou de rev\u00eatement. La surface propre, la couche d'huile protectrice et la taille constante permettent aux fabricants d'int\u00e9grer efficacement ces plaques d'acier dans la cha\u00eene de production,<\/li>\n\n\n\n<li><strong>Am\u00e9liorer la r\u00e9sistance \u00e0 la corrosion \u00e0 long terme : <\/strong>Apr\u00e8s le lavage \u00e0 l'acide, une fine pellicule d'huile est appliqu\u00e9e sur la plaque d'acier HRPO pour former un film protecteur r\u00e9sistant \u00e0 l'humidit\u00e9 et \u00e0 l'oxydation. Cela r\u00e9duit consid\u00e9rablement le risque de rouille des t\u00f4les d'acier pendant le stockage, la manutention ou le transport, garantissant ainsi que les t\u00f4les d'acier conservent leur qualit\u00e9 et leur aspect \u00e0 long terme.<\/li>\n\n\n\n<li><strong>Convient \u00e0 diverses applications industrielles : <\/strong>Les plaques d'acier HRPO ont une surface lisse, une excellente formabilit\u00e9 et une grande pr\u00e9cision dimensionnelle, ce qui les rend adapt\u00e9es \u00e0 un large \u00e9ventail d'industries.<\/li>\n<\/ul>","protected":false},"excerpt":{"rendered":"<p>La surface de la plaque d'acier HRPO est lisse et propre, et recouverte d'un film d'huile protecteur, emp\u00eachant efficacement l'oxydation et la corrosion, et garantissant une bonne adh\u00e9rence pendant la peinture, la pulv\u00e9risation ou la galvanisation. Apr\u00e8s le pr\u00e9traitement, elle peut \u00eatre directement coup\u00e9e, soud\u00e9e ou usin\u00e9e avec pr\u00e9cision, ce qui la rend facile \u00e0 utiliser. <br \/>Compar\u00e9es aux plaques d'acier lamin\u00e9es \u00e0 froid, les plaques d'acier HRPO sont plus \u00e9conomiques, tout en conservant une bonne formabilit\u00e9, une stabilit\u00e9 dimensionnelle et une r\u00e9sistance \u00e0 la corrosion \u00e0 long terme, ce qui en fait un choix id\u00e9al pour diverses applications industrielles.<\/p>\n<p>\n<script src=\"chrome-extension:\/\/fpelahbljekknahkcaegamhcndkfpfnc\/iFrame.js\" type=\"text\/javascript\"><\/script><\/p>","protected":false},"featured_media":515,"comment_status":"closed","ping_status":"closed","template":"","meta":{"_acf_changed":false},"product_brand":[],"product_cat":[26,37],"product_tag":[],"class_list":{"0":"post-514","1":"product","2":"type-product","3":"status-publish","4":"has-post-thumbnail","6":"product_cat-hot-rolled-pickled-and-oiled-steel","7":"product_cat-hot-rolled-pickled-and-oiled-steel-plates","9":"first","10":"instock","11":"shipping-taxable","12":"product-type-simple"},"acf":[],"_links":{"self":[{"href":"https:\/\/www.wjlsteelsupplier.com\/fr\/wp-json\/wp\/v2\/product\/514","targetHints":{"allow":["GET"]}}],"collection":[{"href":"https:\/\/www.wjlsteelsupplier.com\/fr\/wp-json\/wp\/v2\/product"}],"about":[{"href":"https:\/\/www.wjlsteelsupplier.com\/fr\/wp-json\/wp\/v2\/types\/product"}],"replies":[{"embeddable":true,"href":"https:\/\/www.wjlsteelsupplier.com\/fr\/wp-json\/wp\/v2\/comments?post=514"}],"wp:featuredmedia":[{"embeddable":true,"href":"https:\/\/www.wjlsteelsupplier.com\/fr\/wp-json\/wp\/v2\/media\/515"}],"wp:attachment":[{"href":"https:\/\/www.wjlsteelsupplier.com\/fr\/wp-json\/wp\/v2\/media?parent=514"}],"wp:term":[{"taxonomy":"product_brand","embeddable":true,"href":"https:\/\/www.wjlsteelsupplier.com\/fr\/wp-json\/wp\/v2\/product_brand?post=514"},{"taxonomy":"product_cat","embeddable":true,"href":"https:\/\/www.wjlsteelsupplier.com\/fr\/wp-json\/wp\/v2\/product_cat?post=514"},{"taxonomy":"product_tag","embeddable":true,"href":"https:\/\/www.wjlsteelsupplier.com\/fr\/wp-json\/wp\/v2\/product_tag?post=514"}],"curies":[{"name":"wp","href":"https:\/\/api.w.org\/{rel}","templated":true}]}}