{"id":511,"date":"2025-09-13T07:20:50","date_gmt":"2025-09-13T07:20:50","guid":{"rendered":"https:\/\/www.wjlsteelsupplier.com\/?post_type=product&#038;p=511"},"modified":"2025-09-13T08:08:58","modified_gmt":"2025-09-13T08:08:58","slug":"hot-rolled-pickled-and-oiled-steel-sheets","status":"publish","type":"product","link":"https:\/\/www.wjlsteelsupplier.com\/fr\/produit\/hot-rolled-pickled-and-oiled-steel-sheets\/","title":{"rendered":"T\u00f4les d'acier d\u00e9cap\u00e9es et huil\u00e9es lamin\u00e9es \u00e0 chaud - vente en gros (T\u00f4les d'acier HPRO)"},"content":{"rendered":"<h2 class=\"wp-block-heading\">Caract\u00e9ristiques des t\u00f4les d'acier d\u00e9cap\u00e9es et huil\u00e9es lamin\u00e9es \u00e0 chaud<\/h2>\n\n\n\n<ul class=\"wp-block-list\">\n<li><strong>Surface de la feuille propre et sans \u00e9cailles : <\/strong>Le processus de d\u00e9capage \u00e9limine les d\u00e9p\u00f4ts d'oxyde dans un bain d'acide, ce qui rend la surface de la plaque d'acier lisse et uniforme, et plus propre que les plaques d'acier lamin\u00e9es \u00e0 chaud non trait\u00e9es. Ce proc\u00e9d\u00e9 garantit l'adh\u00e9rence de la peinture, de la galvanisation ou du rev\u00eatement en poudre et minimise autant que possible les d\u00e9fauts de surface du produit fini.<\/li>\n\n\n\n<li><strong>Excellente formabilit\u00e9 pour la fabrication de feuilles : <\/strong>Par rapport aux t\u00f4les d'acier lamin\u00e9es \u00e0 chaud non trait\u00e9es, les t\u00f4les d'acier HRPO se pr\u00eatent mieux au pliage, \u00e0 l'estampage, au poin\u00e7onnage ou \u00e0 l'emboutissage, car la couche d'oxyde abrasive \u00e0 leur surface a \u00e9t\u00e9 \u00e9limin\u00e9e.<\/li>\n\n\n\n<li><strong>\u00c9paisseur et r\u00e9sistance m\u00e9canique constantes :<\/strong> Les plaques d'acier HRPO conservent la r\u00e9sistance, la ductilit\u00e9 et la t\u00e9nacit\u00e9 typiques des plaques d'acier lamin\u00e9es \u00e0 chaud, tout en conservant une \u00e9paisseur uniforme sur l'ensemble de la plaque. Cette uniformit\u00e9 garantit des performances pr\u00e9visibles et les fabricants peuvent utiliser en toute confiance les t\u00f4les en acier HRPO pour les composants qui doivent r\u00e9sister \u00e0 des contraintes m\u00e9caniques.<\/li>\n\n\n\n<li><strong>Alternative \u00e9conomique aux t\u00f4les d'acier lamin\u00e9es \u00e0 froid : <\/strong>Bien que les t\u00f4les d'acier lamin\u00e9es \u00e0 froid pr\u00e9sentent une surface plus lisse, elles sont \u00e9galement plus ch\u00e8res. Les t\u00f4les d'acier HRPO comblent l'\u00e9cart entre les t\u00f4les d'acier lamin\u00e9es \u00e0 chaud non trait\u00e9es et les t\u00f4les d'acier lamin\u00e9es \u00e0 froid, avec une surface plus propre, de meilleures performances de traitement et un prix plus \u00e9conomique.<\/li>\n\n\n\n<li><strong>Exp\u00e9rience de l'exportation au niveau mondial : <\/strong>En tant que fournisseur professionnel d'acier, nous avons une riche exp\u00e9rience de l'exportation \u00e0 l'\u00e9chelle mondiale, nous comprenons les normes internationales et nous pouvons fournir de l'acier conforme aux certifications SGS, ISO ou ASTM.<\/li>\n<\/ul>","protected":false},"excerpt":{"rendered":"<p>La surface de la t\u00f4le d'acier HRPO est propre et exempte d'oxyde, ce qui convient parfaitement \u00e0 la peinture, \u00e0 la galvanisation ou au rev\u00eatement par poudre, et pr\u00e9sente une excellente aptitude au formage. Elles peuvent \u00eatre utilis\u00e9es pour le pliage, l'estampage ou l'emboutissage. Elles ont une \u00e9paisseur uniforme et une r\u00e9sistance m\u00e9canique fiable, ce qui en fait une alternative \u00e9conomique aux t\u00f4les d'acier lamin\u00e9es \u00e0 froid. Nos plaques d'acier HRPO sont conformes aux normes SGS, ISO et ASTM et b\u00e9n\u00e9ficient d'une grande exp\u00e9rience en mati\u00e8re d'exportation. Nous invitons les constructeurs, fabricants et n\u00e9gociants du monde entier \u00e0 nous contacter.<\/p>\n<p>\n<script src=\"chrome-extension:\/\/fpelahbljekknahkcaegamhcndkfpfnc\/iFrame.js\" type=\"text\/javascript\"><\/script><\/p>","protected":false},"featured_media":512,"comment_status":"closed","ping_status":"closed","template":"","meta":{"_acf_changed":false},"product_brand":[],"product_cat":[26,36],"product_tag":[],"class_list":{"0":"post-511","1":"product","2":"type-product","3":"status-publish","4":"has-post-thumbnail","6":"product_cat-hot-rolled-pickled-and-oiled-steel","7":"product_cat-hot-rolled-pickled-and-oiled-steel-sheets","9":"first","10":"instock","11":"shipping-taxable","12":"product-type-simple"},"acf":[],"_links":{"self":[{"href":"https:\/\/www.wjlsteelsupplier.com\/fr\/wp-json\/wp\/v2\/product\/511","targetHints":{"allow":["GET"]}}],"collection":[{"href":"https:\/\/www.wjlsteelsupplier.com\/fr\/wp-json\/wp\/v2\/product"}],"about":[{"href":"https:\/\/www.wjlsteelsupplier.com\/fr\/wp-json\/wp\/v2\/types\/product"}],"replies":[{"embeddable":true,"href":"https:\/\/www.wjlsteelsupplier.com\/fr\/wp-json\/wp\/v2\/comments?post=511"}],"wp:featuredmedia":[{"embeddable":true,"href":"https:\/\/www.wjlsteelsupplier.com\/fr\/wp-json\/wp\/v2\/media\/512"}],"wp:attachment":[{"href":"https:\/\/www.wjlsteelsupplier.com\/fr\/wp-json\/wp\/v2\/media?parent=511"}],"wp:term":[{"taxonomy":"product_brand","embeddable":true,"href":"https:\/\/www.wjlsteelsupplier.com\/fr\/wp-json\/wp\/v2\/product_brand?post=511"},{"taxonomy":"product_cat","embeddable":true,"href":"https:\/\/www.wjlsteelsupplier.com\/fr\/wp-json\/wp\/v2\/product_cat?post=511"},{"taxonomy":"product_tag","embeddable":true,"href":"https:\/\/www.wjlsteelsupplier.com\/fr\/wp-json\/wp\/v2\/product_tag?post=511"}],"curies":[{"name":"wp","href":"https:\/\/api.w.org\/{rel}","templated":true}]}}