{"id":508,"date":"2025-09-13T06:52:07","date_gmt":"2025-09-13T06:52:07","guid":{"rendered":"https:\/\/www.wjlsteelsupplier.com\/?post_type=product&#038;p=508"},"modified":"2025-09-13T07:20:05","modified_gmt":"2025-09-13T07:20:05","slug":"hot-rolled-pickled-and-oiled-steel-coils","status":"publish","type":"product","link":"https:\/\/www.wjlsteelsupplier.com\/fr\/produit\/hot-rolled-pickled-and-oiled-steel-coils\/","title":{"rendered":"Bobines d'acier d\u00e9cap\u00e9 et huil\u00e9 lamin\u00e9es \u00e0 chaud Wholesale, Bulk HRPO Steel Supply"},"content":{"rendered":"<h2 class=\"wp-block-heading\">Caract\u00e9ristiques de l'acier d\u00e9cap\u00e9 et huil\u00e9 lamin\u00e9 \u00e0 chaud<\/h2>\n\n\n\n<ul class=\"wp-block-list\">\n<li><strong>Surface lisse, sans \u00e9cailles :<\/strong> Au cours du processus de laminage \u00e0 chaud, une couche d'oxyde rugueuse se forme \u00e0 la surface de l'acier. Le processus de d\u00e9capage \u00e9limine la couche d'oxyde par un bain d'acide, ce qui rend la surface de l'acier lisse et propre. Le processus d'enduction d'huile qui suit forme une fine couche d'huile protectrice sur la surface de l'acier pour emp\u00eacher la rouille. Compar\u00e9 \u00e0 l'acier lamin\u00e9 \u00e0 chaud non trait\u00e9, le processus de rev\u00eatement \u00e0 l'huile permet d'obtenir de meilleurs effets de surface, ce qui facilite la peinture, le rev\u00eatement ou d'autres traitements.<\/li>\n\n\n\n<li><strong>Alternative rentable \u00e0 l'acier lamin\u00e9 \u00e0 froid : <\/strong>Acier HRPO La surface est plus propre et plus facile \u00e0 traiter que l'acier ordinaire lamin\u00e9 \u00e0 chaud, mais le co\u00fbt est inf\u00e9rieur \u00e0 celui de l'acier lamin\u00e9 \u00e0 froid. Lorsque des surfaces de haute qualit\u00e9 sont requises mais que l'on ne veut pas d\u00e9penser trop d'argent pour le laminage \u00e0 froid, l'acier HRPO est le choix id\u00e9al.<\/li>\n\n\n\n<li><strong>La multifonctionnalit\u00e9 du traitement secondaire :<\/strong> La surface propre et les propri\u00e9t\u00e9s m\u00e9caniques stables font de l'acier HRPO un excellent substrat pour la galvanisation, la peinture, le rev\u00eatement par poudre ou d'autres traitements.<\/li>\n\n\n\n<li><strong>Am\u00e9liorer la soudabilit\u00e9 : <\/strong>L'\u00e9limination des impuret\u00e9s de surface rend l'acier HRPO plus s\u00fbr et plus facile \u00e0 souder. Il y a moins de polluants qui interf\u00e8rent avec l'int\u00e9grit\u00e9 du soudage, ce qui permet d'obtenir des joints plus solides et plus fiables et de r\u00e9duire la n\u00e9cessit\u00e9 d'un nettoyage pr\u00e9alable.<\/li>\n\n\n\n<li><strong>R\u00e9sistance \u00e0 la corrosion : <\/strong>Le processus de rev\u00eatement \u00e0 l'huile forme une fine couche protectrice sur la surface de l'acier, qui agit en bloquant l'humidit\u00e9 et les facteurs environnementaux, emp\u00eachant la rouille et l'oxydation de l'acier pendant le stockage et le transport. Ce proc\u00e9d\u00e9 est particuli\u00e8rement avantageux pour les projets dans lesquels l'acier peut \u00eatre expos\u00e9 \u00e0 l'environnement ext\u00e9rieur.<\/li>\n\n\n\n<li><strong>Applications polyvalentes : <\/strong>L'acier HRPO combine d'excellentes propri\u00e9t\u00e9s de mise en \u0153uvre, de qualit\u00e9 de surface et de r\u00e9sistance \u00e0 la corrosion, ce qui en fait un choix populaire dans diverses industries. Il est largement utilis\u00e9 dans les secteurs de la fabrication m\u00e9canique et de la construction.<\/li>\n<\/ul>","protected":false},"excerpt":{"rendered":"<p>L'acier HRPO a subi un d\u00e9capage \u00e0 l'acide et un traitement de protection par enduction d'huile, ce qui donne une surface lisse et exempte d'oxyg\u00e8ne, facilitant la peinture, la pulv\u00e9risation et le traitement. C'est une alternative \u00e9conomique et efficace \u00e0 l'acier lamin\u00e9 \u00e0 froid, avec une excellente soudabilit\u00e9 et r\u00e9sistance \u00e0 la corrosion, et qui convient \u00e0 la galvanisation ou au rev\u00eatement par poudre. L'acier HRPO a une large gamme d'applications et est durable, largement utilis\u00e9 dans la fabrication m\u00e9canique, la construction et d'autres domaines industriels.<\/p>\n<p>\n<script src=\"chrome-extension:\/\/fpelahbljekknahkcaegamhcndkfpfnc\/iFrame.js\" type=\"text\/javascript\"><\/script><\/p>","protected":false},"featured_media":510,"comment_status":"closed","ping_status":"closed","template":"","meta":{"_acf_changed":false},"product_brand":[],"product_cat":[26,35],"product_tag":[],"class_list":{"0":"post-508","1":"product","2":"type-product","3":"status-publish","4":"has-post-thumbnail","6":"product_cat-hot-rolled-pickled-and-oiled-steel","7":"product_cat-hot-rolled-pickled-and-oiled-steel-coils","9":"first","10":"instock","11":"shipping-taxable","12":"product-type-simple"},"acf":[],"_links":{"self":[{"href":"https:\/\/www.wjlsteelsupplier.com\/fr\/wp-json\/wp\/v2\/product\/508","targetHints":{"allow":["GET"]}}],"collection":[{"href":"https:\/\/www.wjlsteelsupplier.com\/fr\/wp-json\/wp\/v2\/product"}],"about":[{"href":"https:\/\/www.wjlsteelsupplier.com\/fr\/wp-json\/wp\/v2\/types\/product"}],"replies":[{"embeddable":true,"href":"https:\/\/www.wjlsteelsupplier.com\/fr\/wp-json\/wp\/v2\/comments?post=508"}],"wp:featuredmedia":[{"embeddable":true,"href":"https:\/\/www.wjlsteelsupplier.com\/fr\/wp-json\/wp\/v2\/media\/510"}],"wp:attachment":[{"href":"https:\/\/www.wjlsteelsupplier.com\/fr\/wp-json\/wp\/v2\/media?parent=508"}],"wp:term":[{"taxonomy":"product_brand","embeddable":true,"href":"https:\/\/www.wjlsteelsupplier.com\/fr\/wp-json\/wp\/v2\/product_brand?post=508"},{"taxonomy":"product_cat","embeddable":true,"href":"https:\/\/www.wjlsteelsupplier.com\/fr\/wp-json\/wp\/v2\/product_cat?post=508"},{"taxonomy":"product_tag","embeddable":true,"href":"https:\/\/www.wjlsteelsupplier.com\/fr\/wp-json\/wp\/v2\/product_tag?post=508"}],"curies":[{"name":"wp","href":"https:\/\/api.w.org\/{rel}","templated":true}]}}