{"id":505,"date":"2025-09-13T06:35:04","date_gmt":"2025-09-13T06:35:04","guid":{"rendered":"https:\/\/www.wjlsteelsupplier.com\/?post_type=product&#038;p=505"},"modified":"2025-09-20T01:28:38","modified_gmt":"2025-09-20T01:28:38","slug":"hot-rolled-steel-strips","status":"publish","type":"product","link":"https:\/\/www.wjlsteelsupplier.com\/fr\/produit\/hot-rolled-steel-strips\/","title":{"rendered":"Feuillards d'acier lamin\u00e9s \u00e0 chaud Commerce de gros"},"content":{"rendered":"<h2 class=\"wp-block-heading\">Caract\u00e9ristiques des bandes d'acier lamin\u00e9es \u00e0 chaud<\/h2>\n\n\n\n<ul class=\"wp-block-list\">\n<li><strong>R\u00e9sistance et robustesse \u00e9lev\u00e9es :<\/strong> L'acier lamin\u00e9 \u00e0 chaud est produit \u00e0 haute temp\u00e9rature, avec une structure interne fine et une excellente solidit\u00e9 et r\u00e9sistance aux chocs. Apr\u00e8s avoir \u00e9t\u00e9 d\u00e9coup\u00e9 en bandes, ces caract\u00e9ristiques sont pr\u00e9serv\u00e9es, ce qui permet \u00e0 chaque acier de r\u00e9sister au pliage, au soudage ou au formage sans compromettre son int\u00e9grit\u00e9 structurelle.<\/li>\n\n\n\n<li><strong>Refendage efficace et flexibilit\u00e9 dimensionnelle :<\/strong> En tant que fournisseur professionnel, nous sommes en mesure de couper des bandes de diff\u00e9rentes largeurs en fonction des exigences sp\u00e9cifiques du projet. Les fabricants et les transformateurs peuvent obtenir des dimensions de bandes personnalis\u00e9es pour les tuyaux ou les mat\u00e9riaux de construction, ce qui permet de r\u00e9duire les d\u00e9chets et d'am\u00e9liorer l'efficacit\u00e9 de la production.<\/li>\n\n\n\n<li><strong>Nombreux sc\u00e9narios d'application : <\/strong>Les bandes d'acier lamin\u00e9es \u00e0 chaud sont largement utilis\u00e9es dans la construction et l'infrastructure, la production de pipelines, la production d'\u00e9quipements m\u00e9caniques et d'autres applications.<\/li>\n\n\n\n<li><strong>Forte capacit\u00e9 de production : <\/strong>Nous disposons d'une forte capacit\u00e9 de production pour assurer un approvisionnement stable en t\u00f4les d'acier lamin\u00e9es \u00e0 chaud. Les fournisseurs sont en mesure de traiter rapidement de grandes quantit\u00e9s de commandes, ce qui permet de ne pas retarder l'avancement des projets.<\/li>\n<\/ul>","protected":false},"excerpt":{"rendered":"<p>Nos bandes d'acier lamin\u00e9es \u00e0 chaud sont durables, rentables et polyvalentes, et peuvent \u00eatre d\u00e9coup\u00e9es avec pr\u00e9cision en largeurs personnalis\u00e9es avec une r\u00e9sistance fiable. Ces bandes d'acier conviennent parfaitement au soudage, au formage ou au rev\u00eatement, ce qui garantit un fonctionnement efficace de votre projet et minimise les d\u00e9chets de mat\u00e9riaux dans toute la mesure du possible. Nous invitons les n\u00e9gociants et les fabricants du monde entier \u00e0 nous contacter.<\/p>\n<p><script src=\"chrome-extension:\/\/fpelahbljekknahkcaegamhcndkfpfnc\/iFrame.js\" type=\"text\/javascript\"><\/script><\/p>","protected":false},"featured_media":506,"comment_status":"closed","ping_status":"closed","template":"","meta":{"_acf_changed":false},"product_brand":[],"product_cat":[27,40],"product_tag":[],"class_list":{"0":"post-505","1":"product","2":"type-product","3":"status-publish","4":"has-post-thumbnail","6":"product_cat-hot-rolled-steel","7":"product_cat-hot-rolled-steel-strips","9":"first","10":"instock","11":"shipping-taxable","12":"product-type-simple"},"acf":[],"_links":{"self":[{"href":"https:\/\/www.wjlsteelsupplier.com\/fr\/wp-json\/wp\/v2\/product\/505","targetHints":{"allow":["GET"]}}],"collection":[{"href":"https:\/\/www.wjlsteelsupplier.com\/fr\/wp-json\/wp\/v2\/product"}],"about":[{"href":"https:\/\/www.wjlsteelsupplier.com\/fr\/wp-json\/wp\/v2\/types\/product"}],"replies":[{"embeddable":true,"href":"https:\/\/www.wjlsteelsupplier.com\/fr\/wp-json\/wp\/v2\/comments?post=505"}],"wp:featuredmedia":[{"embeddable":true,"href":"https:\/\/www.wjlsteelsupplier.com\/fr\/wp-json\/wp\/v2\/media\/506"}],"wp:attachment":[{"href":"https:\/\/www.wjlsteelsupplier.com\/fr\/wp-json\/wp\/v2\/media?parent=505"}],"wp:term":[{"taxonomy":"product_brand","embeddable":true,"href":"https:\/\/www.wjlsteelsupplier.com\/fr\/wp-json\/wp\/v2\/product_brand?post=505"},{"taxonomy":"product_cat","embeddable":true,"href":"https:\/\/www.wjlsteelsupplier.com\/fr\/wp-json\/wp\/v2\/product_cat?post=505"},{"taxonomy":"product_tag","embeddable":true,"href":"https:\/\/www.wjlsteelsupplier.com\/fr\/wp-json\/wp\/v2\/product_tag?post=505"}],"curies":[{"name":"wp","href":"https:\/\/api.w.org\/{rel}","templated":true}]}}