{"id":502,"date":"2025-09-13T06:11:39","date_gmt":"2025-09-13T06:11:39","guid":{"rendered":"https:\/\/www.wjlsteelsupplier.com\/?post_type=product&#038;p=502"},"modified":"2025-09-13T06:24:40","modified_gmt":"2025-09-13T06:24:40","slug":"hot-rolled-steel-sheets","status":"publish","type":"product","link":"https:\/\/www.wjlsteelsupplier.com\/fr\/produit\/hot-rolled-steel-sheets\/","title":{"rendered":"T\u00f4les d'acier lamin\u00e9es \u00e0 chaud Wholesale, Professional Factory Supply"},"content":{"rendered":"<p> <\/p>\n\n\n\n<h2 class=\"wp-block-heading\">Caract\u00e9ristiques des t\u00f4les d'acier lamin\u00e9es \u00e0 chaud<\/h2>\n\n\n\n<ul class=\"wp-block-list\">\n<li><strong>Haute r\u00e9sistance et durabilit\u00e9 : <\/strong>Le processus de laminage \u00e0 chaud am\u00e9liore la r\u00e9sistance et l'int\u00e9grit\u00e9 structurelle des t\u00f4les d'acier, leur conf\u00e9rant une excellente r\u00e9sistance \u00e0 la flexion, au gauchissement et \u00e0 la rupture sous de lourdes charges.<\/li>\n\n\n\n<li><strong>Flexible et mall\u00e9able : <\/strong>Bien que les t\u00f4les d'acier lamin\u00e9es \u00e0 chaud aient une r\u00e9sistance \u00e9lev\u00e9e, elles conservent une bonne ductilit\u00e9 et peuvent \u00eatre facilement pli\u00e9es, form\u00e9es ou transform\u00e9es en divers composants sans se fissurer.<\/li>\n\n\n\n<li><strong>Surface adapt\u00e9e au soudage et \u00e0 la fabrication : <\/strong>Bien que la surface des t\u00f4les d'acier lamin\u00e9es \u00e0 chaud soit l\u00e9g\u00e8rement plus rugueuse que celle des t\u00f4les d'acier lamin\u00e9es \u00e0 froid, cette texture convient parfaitement au soudage, au d\u00e9coupage et au traitement. Les caract\u00e9ristiques de sa surface garantissent une forte adh\u00e9rence lorsqu'elle est reli\u00e9e \u00e0 d'autres m\u00e9taux.<\/li>\n\n\n\n<li><strong>Excellente performance \u00e0 haute temp\u00e9rature :<\/strong> Les t\u00f4les d'acier lamin\u00e9es \u00e0 chaud peuvent conserver leur forme, leur r\u00e9sistance et leurs propri\u00e9t\u00e9s m\u00eame dans des conditions de temp\u00e9rature \u00e9lev\u00e9e. Elles conviennent donc parfaitement aux applications qui requi\u00e8rent une r\u00e9sistance aux temp\u00e9ratures \u00e9lev\u00e9es, telles que les chaudi\u00e8res, les fours, les ch\u00e2ssis de voitures et les composants de machines lourdes.<\/li>\n\n\n\n<li><strong>Des prix rentables et comp\u00e9titifs : <\/strong>Notre usine dispose d'installations de production \u00e0 grande \u00e9chelle et de processus de fabrication avanc\u00e9s, ce qui nous permet de proposer des t\u00f4les d'acier lamin\u00e9es \u00e0 chaud \u00e0 des prix tr\u00e8s comp\u00e9titifs, contribuant ainsi \u00e0 r\u00e9duire les co\u00fbts d'approvisionnement globaux des fabricants et des entreprises de construction.<\/li>\n\n\n\n<li><strong>Services professionnels de personnalisation :<\/strong> En tant que fournisseur professionnel d'acier lamin\u00e9 \u00e0 chaud en Chine, nous fournissons des services de personnalisation, y compris la d\u00e9coupe sur mesure, le traitement de surface et l'emballage des bobines. Cela permet aux acheteurs de r\u00e9duire les co\u00fbts de traitement suppl\u00e9mentaires et de s'assurer que les plaques d'acier peuvent \u00eatre imm\u00e9diatement utilis\u00e9es pour la production ou la fabrication.<\/li>\n<\/ul>","protected":false},"excerpt":{"rendered":"<p>T\u00f4les d'acier lamin\u00e9es \u00e0 chaud de haute qualit\u00e9 provenant des principaux fabricants chinois. Nous proposons diff\u00e9rentes tailles et \u00e9paisseurs. Nous fournissons un approvisionnement fiable et une livraison dans les d\u00e9lais, ce qui en fait un choix id\u00e9al pour les projets de construction, industriels et manufacturiers. Nous invitons les n\u00e9gociants et les fabricants du monde entier \u00e0 nous contacter.<\/p>\n<p>\n<script src=\"chrome-extension:\/\/fpelahbljekknahkcaegamhcndkfpfnc\/iFrame.js\" type=\"text\/javascript\"><\/script><\/p>","protected":false},"featured_media":503,"comment_status":"closed","ping_status":"closed","template":"","meta":{"_acf_changed":false},"product_brand":[],"product_cat":[27,33],"product_tag":[],"class_list":{"0":"post-502","1":"product","2":"type-product","3":"status-publish","4":"has-post-thumbnail","6":"product_cat-hot-rolled-steel","7":"product_cat-hot-rolled-steel-sheets","9":"first","10":"instock","11":"shipping-taxable","12":"product-type-simple"},"acf":[],"_links":{"self":[{"href":"https:\/\/www.wjlsteelsupplier.com\/fr\/wp-json\/wp\/v2\/product\/502","targetHints":{"allow":["GET"]}}],"collection":[{"href":"https:\/\/www.wjlsteelsupplier.com\/fr\/wp-json\/wp\/v2\/product"}],"about":[{"href":"https:\/\/www.wjlsteelsupplier.com\/fr\/wp-json\/wp\/v2\/types\/product"}],"replies":[{"embeddable":true,"href":"https:\/\/www.wjlsteelsupplier.com\/fr\/wp-json\/wp\/v2\/comments?post=502"}],"wp:featuredmedia":[{"embeddable":true,"href":"https:\/\/www.wjlsteelsupplier.com\/fr\/wp-json\/wp\/v2\/media\/503"}],"wp:attachment":[{"href":"https:\/\/www.wjlsteelsupplier.com\/fr\/wp-json\/wp\/v2\/media?parent=502"}],"wp:term":[{"taxonomy":"product_brand","embeddable":true,"href":"https:\/\/www.wjlsteelsupplier.com\/fr\/wp-json\/wp\/v2\/product_brand?post=502"},{"taxonomy":"product_cat","embeddable":true,"href":"https:\/\/www.wjlsteelsupplier.com\/fr\/wp-json\/wp\/v2\/product_cat?post=502"},{"taxonomy":"product_tag","embeddable":true,"href":"https:\/\/www.wjlsteelsupplier.com\/fr\/wp-json\/wp\/v2\/product_tag?post=502"}],"curies":[{"name":"wp","href":"https:\/\/api.w.org\/{rel}","templated":true}]}}