{"id":499,"date":"2025-09-13T03:39:46","date_gmt":"2025-09-13T03:39:46","guid":{"rendered":"https:\/\/www.wjlsteelsupplier.com\/?post_type=product&#038;p=499"},"modified":"2025-09-13T04:19:48","modified_gmt":"2025-09-13T04:19:48","slug":"hot-rolled-steel-plates","status":"publish","type":"product","link":"https:\/\/www.wjlsteelsupplier.com\/fr\/produit\/hot-rolled-steel-plates\/","title":{"rendered":"T\u00f4les d'acier lamin\u00e9es \u00e0 chaud (grossiste) - T\u00f4les durables \u00e0 haute r\u00e9sistance pour les applications industrielles, de construction et de fabrication"},"content":{"rendered":"<h2 class=\"wp-block-heading\">Caract\u00e9ristiques des t\u00f4les d'acier lamin\u00e9es \u00e0 chaud<\/h2>\n\n\n\n<ul class=\"wp-block-list\">\n<li><strong>Excellente r\u00e9sistance et durabilit\u00e9 : <\/strong>Nos t\u00f4les d'acier lamin\u00e9es \u00e0 chaud sont fabriqu\u00e9es \u00e0 l'aide d'une technologie pr\u00e9cise de contr\u00f4le de la temp\u00e9rature et pr\u00e9sentent une r\u00e9sistance m\u00e9canique et une stabilit\u00e9 structurelle exceptionnelles. Elles pr\u00e9sentent une r\u00e9sistance extr\u00eamement forte \u00e0 la flexion, \u00e0 la fissuration ou \u00e0 la d\u00e9formation sous de lourdes charges, ce qui les rend tr\u00e8s appropri\u00e9es pour des applications telles que la construction, l'industrie et la machinerie lourde, qui sont cruciales pour la durabilit\u00e9 et la fiabilit\u00e9.<\/li>\n\n\n\n<li><strong>Fonctionnalit\u00e9 multiple et application \u00e9tendue :<\/strong> L'acier lamin\u00e9 \u00e0 chaud allie r\u00e9sistance, durabilit\u00e9 et formabilit\u00e9, ce qui le rend extr\u00eamement polyvalent. Il peut \u00eatre utilis\u00e9 dans presque toutes les situations o\u00f9 la pr\u00e9cision dimensionnelle n'est pas requise.<\/li>\n\n\n\n<li><strong>Approvisionnement en vrac \u00e9conomiquement efficace :<\/strong> L'approvisionnement en vrac aide les fabricants, les transformateurs et les entreprises de construction \u00e0 r\u00e9duire les co\u00fbts des mat\u00e9riaux. Nous disposons de stocks suffisants pour que la production de nos clients ne soit pas affect\u00e9e.<\/li>\n\n\n\n<li><strong>Surface de haute qualit\u00e9 : <\/strong>Malgr\u00e9 l'utilisation de la technologie du laminage \u00e0 chaud, nos t\u00f4les d'acier conservent une surface lisse et homog\u00e8ne avec un minimum de d\u00e9p\u00f4ts d'oxyde. Ce traitement de surface de haute qualit\u00e9 garantit une excellente formabilit\u00e9 et facilite le traitement ult\u00e9rieur.<\/li>\n\n\n\n<li><strong>Livraison dans les d\u00e9lais :<\/strong> Nous nous engageons \u00e0 fournir un approvisionnement stable et fiable en t\u00f4les d'acier lamin\u00e9es \u00e0 chaud. Nos capacit\u00e9s de production et de logistique avanc\u00e9es garantissent des livraisons dans les d\u00e9lais, aident les clients \u00e0 maintenir des op\u00e9rations harmonieuses, assurent l'ach\u00e8vement des projets dans les d\u00e9lais et \u00e9vitent les retards importants.<\/li>\n<\/ul>","protected":false},"excerpt":{"rendered":"<p>Vente en gros de t\u00f4les d'acier lamin\u00e9es \u00e0 chaud pr\u00e9sentant une r\u00e9sistance, une durabilit\u00e9 et une polyvalence excellentes. Nous proposons diff\u00e9rentes \u00e9paisseurs et tailles qui r\u00e9pondent aux normes de qualit\u00e9 internationales et sont soumises \u00e0 des tests rigoureux de performance m\u00e9canique et de fiabilit\u00e9. Notre stock peut fournir un approvisionnement stable et offrir des solutions en vrac rentables pour les entreprises \u00e0 la recherche d'un acier fiable et de haute qualit\u00e9.<\/p>\n<p>\n<script src=\"chrome-extension:\/\/fpelahbljekknahkcaegamhcndkfpfnc\/iFrame.js\" type=\"text\/javascript\"><\/script><\/p>","protected":false},"featured_media":500,"comment_status":"closed","ping_status":"closed","template":"","meta":{"_acf_changed":false},"product_brand":[],"product_cat":[27,34],"product_tag":[],"class_list":{"0":"post-499","1":"product","2":"type-product","3":"status-publish","4":"has-post-thumbnail","6":"product_cat-hot-rolled-steel","7":"product_cat-hot-rolled-steel-plates","9":"first","10":"instock","11":"shipping-taxable","12":"product-type-simple"},"acf":[],"_links":{"self":[{"href":"https:\/\/www.wjlsteelsupplier.com\/fr\/wp-json\/wp\/v2\/product\/499","targetHints":{"allow":["GET"]}}],"collection":[{"href":"https:\/\/www.wjlsteelsupplier.com\/fr\/wp-json\/wp\/v2\/product"}],"about":[{"href":"https:\/\/www.wjlsteelsupplier.com\/fr\/wp-json\/wp\/v2\/types\/product"}],"replies":[{"embeddable":true,"href":"https:\/\/www.wjlsteelsupplier.com\/fr\/wp-json\/wp\/v2\/comments?post=499"}],"wp:featuredmedia":[{"embeddable":true,"href":"https:\/\/www.wjlsteelsupplier.com\/fr\/wp-json\/wp\/v2\/media\/500"}],"wp:attachment":[{"href":"https:\/\/www.wjlsteelsupplier.com\/fr\/wp-json\/wp\/v2\/media?parent=499"}],"wp:term":[{"taxonomy":"product_brand","embeddable":true,"href":"https:\/\/www.wjlsteelsupplier.com\/fr\/wp-json\/wp\/v2\/product_brand?post=499"},{"taxonomy":"product_cat","embeddable":true,"href":"https:\/\/www.wjlsteelsupplier.com\/fr\/wp-json\/wp\/v2\/product_cat?post=499"},{"taxonomy":"product_tag","embeddable":true,"href":"https:\/\/www.wjlsteelsupplier.com\/fr\/wp-json\/wp\/v2\/product_tag?post=499"}],"curies":[{"name":"wp","href":"https:\/\/api.w.org\/{rel}","templated":true}]}}