{"id":496,"date":"2025-09-13T02:35:22","date_gmt":"2025-09-13T02:35:22","guid":{"rendered":"https:\/\/www.wjlsteelsupplier.com\/?post_type=product&#038;p=496"},"modified":"2025-09-13T06:29:07","modified_gmt":"2025-09-13T06:29:07","slug":"hot-rolled-steel-coils","status":"publish","type":"product","link":"https:\/\/www.wjlsteelsupplier.com\/fr\/produit\/hot-rolled-steel-coils\/","title":{"rendered":"Bobines d'acier lamin\u00e9es \u00e0 chaud - Fabricant professionnel de bobines d'acier lamin\u00e9es \u00e0 chaud en Chine"},"content":{"rendered":"<h2 class=\"wp-block-heading\">Caract\u00e9ristiques des bobines d'acier lamin\u00e9es \u00e0 chaud<\/h2>\n\n\n\n<ul class=\"wp-block-list\">\n<li><strong>L'efficacit\u00e9 \u00e9conomique : <\/strong>Pour les projets qui n'exigent pas des tol\u00e9rances strictes et une finition de surface lisse, le processus de laminage \u00e0 chaud est un choix plus rentable.<\/li>\n\n\n\n<li><strong>Inventaire de grande capacit\u00e9 :<\/strong> Gr\u00e2ce \u00e0 la fourniture en gros de bobines d'acier lamin\u00e9es \u00e0 chaud, nous aidons les entreprises \u00e0 acheter de grandes quantit\u00e9s \u00e0 des prix tr\u00e8s comp\u00e9titifs. La mise en place d'une cha\u00eene d'approvisionnement stable est un choix \u00e9conomique pour les projets industriels \u00e0 grande \u00e9chelle.<\/li>\n\n\n\n<li><strong>Largement utilis\u00e9 : <\/strong>Nos bobines d'acier lamin\u00e9es \u00e0 chaud sont polyvalentes et conviennent \u00e0 diverses industries et applications. Ces bobines d'acier peuvent \u00eatre coup\u00e9es, pli\u00e9es, soud\u00e9es et form\u00e9es.<\/li>\n\n\n\n<li><strong>Conforme aux normes industrielles : <\/strong>Nos bobines d'acier lamin\u00e9es \u00e0 chaud sont fabriqu\u00e9es en stricte conformit\u00e9 avec les normes de qualit\u00e9 internationales telles que ASTM, EN et JIS. Chaque bobine d'acier lamin\u00e9 \u00e0 chaud est soumise \u00e0 un contr\u00f4le de qualit\u00e9 strict.<\/li>\n<\/ul>","protected":false},"excerpt":{"rendered":"<p>Vente en gros de bobines d'acier lamin\u00e9es \u00e0 chaud. Nous proposons des prix comp\u00e9titifs et garantissons une qualit\u00e9 \u00e9lev\u00e9e. Convient aux entreprises qui cherchent \u00e0 se procurer en gros de l'acier \u00e0 haute r\u00e9sistance et rentable.<\/p>\n<p>\n<script src=\"chrome-extension:\/\/fpelahbljekknahkcaegamhcndkfpfnc\/iFrame.js\" type=\"text\/javascript\"><\/script><\/p>","protected":false},"featured_media":497,"comment_status":"closed","ping_status":"closed","template":"","meta":{"_acf_changed":false},"product_brand":[],"product_cat":[27,32],"product_tag":[],"class_list":{"0":"post-496","1":"product","2":"type-product","3":"status-publish","4":"has-post-thumbnail","6":"product_cat-hot-rolled-steel","7":"product_cat-hot-rolled-steel-coils","9":"first","10":"instock","11":"shipping-taxable","12":"product-type-simple"},"acf":[],"_links":{"self":[{"href":"https:\/\/www.wjlsteelsupplier.com\/fr\/wp-json\/wp\/v2\/product\/496","targetHints":{"allow":["GET"]}}],"collection":[{"href":"https:\/\/www.wjlsteelsupplier.com\/fr\/wp-json\/wp\/v2\/product"}],"about":[{"href":"https:\/\/www.wjlsteelsupplier.com\/fr\/wp-json\/wp\/v2\/types\/product"}],"replies":[{"embeddable":true,"href":"https:\/\/www.wjlsteelsupplier.com\/fr\/wp-json\/wp\/v2\/comments?post=496"}],"wp:featuredmedia":[{"embeddable":true,"href":"https:\/\/www.wjlsteelsupplier.com\/fr\/wp-json\/wp\/v2\/media\/497"}],"wp:attachment":[{"href":"https:\/\/www.wjlsteelsupplier.com\/fr\/wp-json\/wp\/v2\/media?parent=496"}],"wp:term":[{"taxonomy":"product_brand","embeddable":true,"href":"https:\/\/www.wjlsteelsupplier.com\/fr\/wp-json\/wp\/v2\/product_brand?post=496"},{"taxonomy":"product_cat","embeddable":true,"href":"https:\/\/www.wjlsteelsupplier.com\/fr\/wp-json\/wp\/v2\/product_cat?post=496"},{"taxonomy":"product_tag","embeddable":true,"href":"https:\/\/www.wjlsteelsupplier.com\/fr\/wp-json\/wp\/v2\/product_tag?post=496"}],"curies":[{"name":"wp","href":"https:\/\/api.w.org\/{rel}","templated":true}]}}