{"id":493,"date":"2025-09-13T02:01:21","date_gmt":"2025-09-13T02:01:21","guid":{"rendered":"https:\/\/www.wjlsteelsupplier.com\/?post_type=product&#038;p=493"},"modified":"2025-09-13T06:28:53","modified_gmt":"2025-09-13T06:28:53","slug":"cold-rolled-steel-strips","status":"publish","type":"product","link":"https:\/\/www.wjlsteelsupplier.com\/fr\/produit\/cold-rolled-steel-strips\/","title":{"rendered":"Feuillards d'acier lamin\u00e9s \u00e0 froid Wholesale, largeur et \u00e9paisseur personnalisables"},"content":{"rendered":"<h2 class=\"wp-block-heading\">Caract\u00e9ristiques des bandes d'acier lamin\u00e9es \u00e0 froid<\/h2>\n\n\n\n<ul class=\"wp-block-list\">\n<li><strong>Acier de haute qualit\u00e9 : <\/strong>Nous fournissons des bandes d'acier lamin\u00e9es \u00e0 froid de haute qualit\u00e9 avec une composition coh\u00e9rente et des performances uniformes. Notre acier est soumis \u00e0 un contr\u00f4le de qualit\u00e9 strict afin de garantir une r\u00e9sistance, une duret\u00e9 et une finition de surface excellentes.<\/li>\n\n\n\n<li><strong>Applications multifonctionnelles dans tous les secteurs d'activit\u00e9 : <\/strong>Les bandes d'acier lamin\u00e9es \u00e0 froid pr\u00e9sentent d'excellentes performances en termes de degr\u00e9, d'apparence et de pr\u00e9cision dimensionnelle, ce qui les rend adapt\u00e9es \u00e0 diverses utilisations finales. Les bandes d'acier lamin\u00e9es \u00e0 froid sont le mat\u00e9riau de pr\u00e9dilection pour de nombreuses industries, notamment l'automobile, la construction, les appareils m\u00e9nagers, les meubles en m\u00e9tal, les bo\u00eetiers \u00e9lectriques et les outils de pr\u00e9cision.<\/li>\n\n\n\n<li><strong>Pr\u00e9cision dimensionnelle stricte :<\/strong> En tant que fournisseur professionnel d'acier lamin\u00e9 \u00e0 froid, nous avons personnalis\u00e9 la largeur et l'\u00e9paisseur des bandes d'acier lamin\u00e9es \u00e0 froid et veill\u00e9 \u00e0 une stricte pr\u00e9cision dimensionnelle. Des dimensions constantes permettent une int\u00e9gration ais\u00e9e dans les processus automatis\u00e9s et les syst\u00e8mes d'assemblage.<\/li>\n\n\n\n<li><strong>Approvisionnement fiable et livraison rapide :<\/strong> Nous disposons de stocks suffisants et de processus de production rationalis\u00e9s pour garantir la livraison en temps voulu des commandes importantes.<\/li>\n\n\n\n<li><strong>Fournisseur mondial de confiance : <\/strong>Nous vendons en gros des bandes d'acier lamin\u00e9es \u00e0 froid \u00e0 des clients du monde entier, avec une qualit\u00e9 et une r\u00e9gularit\u00e9 fiables. Nous respectons les normes internationales et fournissons les certifications n\u00e9cessaires pour vous aider \u00e0 vous conformer aux exigences des march\u00e9s locaux.<\/li>\n<\/ul>","protected":false},"excerpt":{"rendered":"<p>Nos bandes d'acier lamin\u00e9es \u00e0 froid en gros sont fabriqu\u00e9es en acier de haute qualit\u00e9, avec une r\u00e9sistance, une duret\u00e9 et une qualit\u00e9 de surface excellentes. Les bandes d'acier ont de faibles tol\u00e9rances dimensionnelles, une grande plan\u00e9it\u00e9, des surfaces lisses et sans d\u00e9faut, ce qui en fait un choix id\u00e9al pour l'industrie manufacturi\u00e8re. En tant que fournisseur direct de l'usine, nous proposons des prix comp\u00e9titifs, un approvisionnement en vrac fiable et une livraison rapide. Nous invitons les n\u00e9gociants et les fabricants du monde entier \u00e0 nous contacter.<\/p>\n<p>\n<script src=\"chrome-extension:\/\/fpelahbljekknahkcaegamhcndkfpfnc\/iFrame.js\" type=\"text\/javascript\"><\/script><\/p>","protected":false},"featured_media":494,"comment_status":"closed","ping_status":"closed","template":"","meta":{"_acf_changed":false},"product_brand":[],"product_cat":[19,39],"product_tag":[],"class_list":{"0":"post-493","1":"product","2":"type-product","3":"status-publish","4":"has-post-thumbnail","6":"product_cat-cold-rolled-steel","7":"product_cat-cold-rolled-steel-strips","9":"first","10":"instock","11":"shipping-taxable","12":"product-type-simple"},"acf":[],"_links":{"self":[{"href":"https:\/\/www.wjlsteelsupplier.com\/fr\/wp-json\/wp\/v2\/product\/493","targetHints":{"allow":["GET"]}}],"collection":[{"href":"https:\/\/www.wjlsteelsupplier.com\/fr\/wp-json\/wp\/v2\/product"}],"about":[{"href":"https:\/\/www.wjlsteelsupplier.com\/fr\/wp-json\/wp\/v2\/types\/product"}],"replies":[{"embeddable":true,"href":"https:\/\/www.wjlsteelsupplier.com\/fr\/wp-json\/wp\/v2\/comments?post=493"}],"wp:featuredmedia":[{"embeddable":true,"href":"https:\/\/www.wjlsteelsupplier.com\/fr\/wp-json\/wp\/v2\/media\/494"}],"wp:attachment":[{"href":"https:\/\/www.wjlsteelsupplier.com\/fr\/wp-json\/wp\/v2\/media?parent=493"}],"wp:term":[{"taxonomy":"product_brand","embeddable":true,"href":"https:\/\/www.wjlsteelsupplier.com\/fr\/wp-json\/wp\/v2\/product_brand?post=493"},{"taxonomy":"product_cat","embeddable":true,"href":"https:\/\/www.wjlsteelsupplier.com\/fr\/wp-json\/wp\/v2\/product_cat?post=493"},{"taxonomy":"product_tag","embeddable":true,"href":"https:\/\/www.wjlsteelsupplier.com\/fr\/wp-json\/wp\/v2\/product_tag?post=493"}],"curies":[{"name":"wp","href":"https:\/\/api.w.org\/{rel}","templated":true}]}}