{"id":490,"date":"2025-09-10T08:58:14","date_gmt":"2025-09-10T08:58:14","guid":{"rendered":"https:\/\/www.wjlsteelsupplier.com\/?post_type=product&#038;p=490"},"modified":"2026-01-20T01:14:10","modified_gmt":"2026-01-20T01:14:10","slug":"cold-rolled-steel-coils","status":"publish","type":"product","link":"https:\/\/www.wjlsteelsupplier.com\/fr\/produit\/cold-rolled-steel-coils\/","title":{"rendered":"Bobines d'acier lamin\u00e9es \u00e0 froid SPCC, SPCD, SPCE, DC01, DC03, DC06"},"content":{"rendered":"<h2 class=\"wp-block-heading\">Caract\u00e9ristiques des bobines d'acier lamin\u00e9es \u00e0 froid<\/h2>\n\n\n<ul>\n<li><strong>Lisse Finition de la surface : <\/strong>Les bobines d'acier lamin\u00e9es \u00e0 froid pr\u00e9sentent une surface propre, brillante et lisse, ce qui les rend adapt\u00e9es aux composants visibles et aux applications d\u00e9coratives.<\/li>\n<li><strong>Excellente formabilit\u00e9 : <\/strong>L'acier lamin\u00e9 \u00e0 froid pr\u00e9sente une ductilit\u00e9 exceptionnelle et peut \u00eatre pli\u00e9, estamp\u00e9 ou embouti pour former des formes complexes.<\/li>\n<li><strong>Bonne aptitude \u00e0 la peinture et bonnes propri\u00e9t\u00e9s de rev\u00eatement : <\/strong>L'acier lamin\u00e9 \u00e0 froid accepte facilement la galvanisation, la peinture et d'autres traitements de surface, ce qui am\u00e9liore la r\u00e9sistance \u00e0 la corrosion et permet des finitions personnalis\u00e9es pour r\u00e9pondre aux diverses exigences du march\u00e9.<\/li>\n<li><strong>Plusieurs ann\u00e9es d'\u00e9tudes : <\/strong>Weijun Steel Supplier fournit au march\u00e9 mondial une vari\u00e9t\u00e9 de nuances normalis\u00e9es au niveau international, notamment SPCC, SPCD, SPCE, DC01, DC03, DC06, etc.<\/li>\n<li><strong>Prix comp\u00e9titifs :<\/strong> Weijunli fournit des mat\u00e9riaux en acier lamin\u00e9 \u00e0 froid fiables \u00e0 des clients du monde entier ; nous offrons des prix comp\u00e9titifs et des solutions rentables.<\/li>\n<\/ul>\n\n\n<h2 class=\"wp-block-heading\">Applications des bobines d'acier lamin\u00e9es \u00e0 froid<\/h2>\n\n\n\n<div class=\"wp-block-columns is-layout-flex wp-container-core-columns-is-layout-9d6595d7 wp-block-columns-is-layout-flex\">\n<div class=\"wp-block-column is-layout-flow wp-block-column-is-layout-flow\"><div class=\"wp-block-image\">\n<figure class=\"aligncenter size-full\"><img decoding=\"async\" width=\"864\" height=\"1184\" src=\"https:\/\/www.wjlsteelsupplier.com\/wp-content\/uploads\/2025\/09\/door-handle.webp\" alt=\"\" class=\"wp-image-1498\" srcset=\"https:\/\/www.wjlsteelsupplier.com\/wp-content\/uploads\/2025\/09\/door-handle.webp 864w, https:\/\/www.wjlsteelsupplier.com\/wp-content\/uploads\/2025\/09\/door-handle-219x300.webp 219w, https:\/\/www.wjlsteelsupplier.com\/wp-content\/uploads\/2025\/09\/door-handle-768x1052.webp 768w, https:\/\/www.wjlsteelsupplier.com\/wp-content\/uploads\/2025\/09\/door-handle-9x12.webp 9w, https:\/\/www.wjlsteelsupplier.com\/wp-content\/uploads\/2025\/09\/door-handle-600x822.webp 600w\" sizes=\"(max-width: 864px) 100vw, 864px\" \/><figcaption class=\"wp-element-caption\">Poign\u00e9e de porte<\/figcaption><\/figure>\n<\/div><\/div>\n\n\n\n<div class=\"wp-block-column is-layout-flow wp-block-column-is-layout-flow\"><div class=\"wp-block-image\">\n<figure class=\"aligncenter size-full\"><img decoding=\"async\" width=\"864\" height=\"1184\" src=\"https:\/\/www.wjlsteelsupplier.com\/wp-content\/uploads\/2025\/09\/stationery-clip.webp\" alt=\"\" class=\"wp-image-1499\" srcset=\"https:\/\/www.wjlsteelsupplier.com\/wp-content\/uploads\/2025\/09\/stationery-clip.webp 864w, https:\/\/www.wjlsteelsupplier.com\/wp-content\/uploads\/2025\/09\/stationery-clip-219x300.webp 219w, https:\/\/www.wjlsteelsupplier.com\/wp-content\/uploads\/2025\/09\/stationery-clip-768x1052.webp 768w, https:\/\/www.wjlsteelsupplier.com\/wp-content\/uploads\/2025\/09\/stationery-clip-9x12.webp 9w, https:\/\/www.wjlsteelsupplier.com\/wp-content\/uploads\/2025\/09\/stationery-clip-600x822.webp 600w\" sizes=\"(max-width: 864px) 100vw, 864px\" \/><figcaption class=\"wp-element-caption\">Clip de papeterie<\/figcaption><\/figure>\n<\/div><\/div>\n<\/div>\n\n\n\n<p>Les applications typiques des bobines d'acier lamin\u00e9es \u00e0 froid comprennent les poign\u00e9es de porte, les ferrures de meubles, les clips de papeterie, les supports, les charni\u00e8res et la quincaillerie d\u00e9corative.<\/p>\n\n\n\n<p>Vente en gros de bobines d'acier lamin\u00e9es \u00e0 froid pour les acheteurs sp\u00e9cialis\u00e9s dans la production de petits composants en acier et de produits de quincaillerie. Nous savons que pour ces produits, la qualit\u00e9 de la surface, la pr\u00e9cision des dimensions et la coh\u00e9rence du traitement sont essentielles. Nos bobines d'acier lamin\u00e9es \u00e0 froid sont fiables et offrent un comportement de formage pr\u00e9visible, un rendement \u00e9lev\u00e9 en production de masse et un aspect coh\u00e9rent entre les lots, ce qui r\u00e9duit les risques li\u00e9s \u00e0 la qualit\u00e9 tout en favorisant une fabrication efficace et \u00e9volutive. <\/p>","protected":false},"excerpt":{"rendered":"<p>Weijunli propose en gros des bobines d'acier lamin\u00e9es \u00e0 froid de haute qualit\u00e9. Les bobines d'acier lamin\u00e9es \u00e0 froid sont disponibles dans les grades SPCC, SPCD, SPCE, DC01, DC03 et DC06. Les bobines lamin\u00e9es \u00e0 froid sont un type d'acier lamin\u00e9 \u00e0 temp\u00e9rature ambiante. Ce proc\u00e9d\u00e9 permet d'obtenir une finition plus lisse, une meilleure pr\u00e9cision dimensionnelle et une r\u00e9sistance accrue.<\/p>\n<p><script src=\"chrome-extension:\/\/fpelahbljekknahkcaegamhcndkfpfnc\/iFrame.js\" type=\"text\/javascript\"><\/script><\/p>","protected":false},"featured_media":1491,"comment_status":"closed","ping_status":"closed","template":"","meta":{"_acf_changed":false},"product_brand":[],"product_cat":[19,29],"product_tag":[],"class_list":{"0":"post-490","1":"product","2":"type-product","3":"status-publish","4":"has-post-thumbnail","6":"product_cat-cold-rolled-steel","7":"product_cat-cold-rolled-steel-coils","9":"first","10":"instock","11":"shipping-taxable","12":"product-type-simple"},"acf":[],"_links":{"self":[{"href":"https:\/\/www.wjlsteelsupplier.com\/fr\/wp-json\/wp\/v2\/product\/490","targetHints":{"allow":["GET"]}}],"collection":[{"href":"https:\/\/www.wjlsteelsupplier.com\/fr\/wp-json\/wp\/v2\/product"}],"about":[{"href":"https:\/\/www.wjlsteelsupplier.com\/fr\/wp-json\/wp\/v2\/types\/product"}],"replies":[{"embeddable":true,"href":"https:\/\/www.wjlsteelsupplier.com\/fr\/wp-json\/wp\/v2\/comments?post=490"}],"wp:featuredmedia":[{"embeddable":true,"href":"https:\/\/www.wjlsteelsupplier.com\/fr\/wp-json\/wp\/v2\/media\/1491"}],"wp:attachment":[{"href":"https:\/\/www.wjlsteelsupplier.com\/fr\/wp-json\/wp\/v2\/media?parent=490"}],"wp:term":[{"taxonomy":"product_brand","embeddable":true,"href":"https:\/\/www.wjlsteelsupplier.com\/fr\/wp-json\/wp\/v2\/product_brand?post=490"},{"taxonomy":"product_cat","embeddable":true,"href":"https:\/\/www.wjlsteelsupplier.com\/fr\/wp-json\/wp\/v2\/product_cat?post=490"},{"taxonomy":"product_tag","embeddable":true,"href":"https:\/\/www.wjlsteelsupplier.com\/fr\/wp-json\/wp\/v2\/product_tag?post=490"}],"curies":[{"name":"wp","href":"https:\/\/api.w.org\/{rel}","templated":true}]}}