{"id":455,"date":"2025-09-10T03:46:38","date_gmt":"2025-09-10T03:46:38","guid":{"rendered":"https:\/\/www.wjlsteelsupplier.com\/?post_type=product&#038;p=455"},"modified":"2025-09-13T01:48:08","modified_gmt":"2025-09-13T01:48:08","slug":"cold-rolled-steel-sheets","status":"publish","type":"product","link":"https:\/\/www.wjlsteelsupplier.com\/fr\/produit\/cold-rolled-steel-sheets\/","title":{"rendered":"Approvisionnement en t\u00f4les d'acier lamin\u00e9es \u00e0 froid, vente en gros fiable et dimensions personnalis\u00e9es"},"content":{"rendered":"<h2 class=\"wp-block-heading\">Caract\u00e9ristiques des t\u00f4les lamin\u00e9es \u00e0 froid<\/h2>\n\n\n\n<ul class=\"wp-block-list\">\n<li><strong>Tol\u00e9rances dimensionnelles strictes : <\/strong>Nous fournissons des t\u00f4les d'acier lamin\u00e9es \u00e0 froid de haute pr\u00e9cision, d'\u00e9paisseur uniforme et de dimensions pr\u00e9cises, ce qui permet de r\u00e9duire efficacement les d\u00e9chets de mat\u00e9riaux et convient aux industries qui exigent des sp\u00e9cifications strictes.<\/li>\n\n\n\n<li><strong>Bonne aptitude au formage et \u00e0 la fabrication : <\/strong>Les t\u00f4les d'acier lamin\u00e9es \u00e0 froid sont plus r\u00e9sistantes, mais restent faciles \u00e0 plier, \u00e0 former, \u00e0 poin\u00e7onner et \u00e0 souder. Les fabricants peuvent obtenir des produits aux formes complexes et d'une grande uniformit\u00e9.<\/li>\n\n\n\n<li><strong>Largement applicable : <\/strong>En raison de sa grande r\u00e9sistance, de sa surface lisse et de ses dimensions pr\u00e9cises, la t\u00f4le lamin\u00e9e \u00e0 froid est largement utilis\u00e9e dans les appareils m\u00e9nagers, les meubles et les armoires, ainsi que dans les mat\u00e9riaux de construction.<\/li>\n\n\n\n<li><strong>Prix comp\u00e9titifs :<\/strong> Gr\u00e2ce \u00e0 des processus de production d'acier matures et \u00e0 des capacit\u00e9s de production \u00e0 grande \u00e9chelle, nous pouvons proposer des prix plus comp\u00e9titifs que ceux d'autres pays.<\/li>\n<\/ul>","protected":false},"excerpt":{"rendered":"<p>Vente en gros de plaques d'acier lamin\u00e9es \u00e0 froid de haute qualit\u00e9, fournissant un approvisionnement fiable en gros et des options de personnalisation flexibles. Nous proposons diff\u00e9rentes qualit\u00e9s, \u00e9paisseurs et traitements de surface. Nous acceptons les commandes en gros.<\/p>\n<p>\n<script src=\"chrome-extension:\/\/fpelahbljekknahkcaegamhcndkfpfnc\/iFrame.js\" type=\"text\/javascript\"><\/script><\/p>","protected":false},"featured_media":473,"comment_status":"closed","ping_status":"closed","template":"","meta":{"_acf_changed":false},"product_brand":[],"product_cat":[19,30],"product_tag":[],"class_list":{"0":"post-455","1":"product","2":"type-product","3":"status-publish","4":"has-post-thumbnail","6":"product_cat-cold-rolled-steel","7":"product_cat-cold-rolled-steel-sheets","9":"first","10":"instock","11":"shipping-taxable","12":"product-type-simple"},"acf":[],"_links":{"self":[{"href":"https:\/\/www.wjlsteelsupplier.com\/fr\/wp-json\/wp\/v2\/product\/455","targetHints":{"allow":["GET"]}}],"collection":[{"href":"https:\/\/www.wjlsteelsupplier.com\/fr\/wp-json\/wp\/v2\/product"}],"about":[{"href":"https:\/\/www.wjlsteelsupplier.com\/fr\/wp-json\/wp\/v2\/types\/product"}],"replies":[{"embeddable":true,"href":"https:\/\/www.wjlsteelsupplier.com\/fr\/wp-json\/wp\/v2\/comments?post=455"}],"wp:featuredmedia":[{"embeddable":true,"href":"https:\/\/www.wjlsteelsupplier.com\/fr\/wp-json\/wp\/v2\/media\/473"}],"wp:attachment":[{"href":"https:\/\/www.wjlsteelsupplier.com\/fr\/wp-json\/wp\/v2\/media?parent=455"}],"wp:term":[{"taxonomy":"product_brand","embeddable":true,"href":"https:\/\/www.wjlsteelsupplier.com\/fr\/wp-json\/wp\/v2\/product_brand?post=455"},{"taxonomy":"product_cat","embeddable":true,"href":"https:\/\/www.wjlsteelsupplier.com\/fr\/wp-json\/wp\/v2\/product_cat?post=455"},{"taxonomy":"product_tag","embeddable":true,"href":"https:\/\/www.wjlsteelsupplier.com\/fr\/wp-json\/wp\/v2\/product_tag?post=455"}],"curies":[{"name":"wp","href":"https:\/\/api.w.org\/{rel}","templated":true}]}}