{"id":436,"date":"2025-09-10T01:53:28","date_gmt":"2025-09-10T01:53:28","guid":{"rendered":"https:\/\/www.wjlsteelsupplier.com\/?post_type=product&#038;p=436"},"modified":"2025-10-09T07:16:06","modified_gmt":"2025-10-09T07:16:06","slug":"cold-rolled-steel-plates","status":"publish","type":"product","link":"https:\/\/www.wjlsteelsupplier.com\/fr\/produit\/cold-rolled-steel-plates\/","title":{"rendered":"T\u00f4les d'acier lamin\u00e9es \u00e0 froid - Approvisionnement global et cotation directe de l'usine"},"content":{"rendered":"<h2 class=\"wp-block-heading\">Caract\u00e9ristiques des t\u00f4les d'acier lamin\u00e9es \u00e0 froid<\/h2>\n\n\n\n<ul class=\"wp-block-list\">\n<li><strong>Finition de surface sup\u00e9rieure : <\/strong>Les t\u00f4les d'acier lamin\u00e9es \u00e0 froid subissent un traitement suppl\u00e9mentaire pour obtenir une surface plus propre, plus brillante et plus uniforme, adapt\u00e9e aux panneaux de carrosserie automobile, aux appareils \u00e9lectrom\u00e9nagers et aux meubles.<\/li>\n\n\n\n<li><strong>Excellente plan\u00e9it\u00e9 : <\/strong>Nos t\u00f4les d'acier lamin\u00e9es \u00e0 froid sont produites dans des conditions contr\u00f4l\u00e9es, ce qui permet de r\u00e9duire au maximum le gauchissement et de garantir une surface lisse et stable de la t\u00f4le d'acier.<\/li>\n\n\n\n<li><strong>Large application : <\/strong>L'acier lamin\u00e9 \u00e0 froid pr\u00e9sente une surface tr\u00e8s lisse et d'excellentes propri\u00e9t\u00e9s m\u00e9caniques. Il convient aux appareils \u00e9lectrom\u00e9nagers, aux automobiles, \u00e0 la quincaillerie, etc.<\/li>\n\n\n\n<li><strong>Approvisionnement stable : <\/strong>En tant que fournisseur professionnel d'acier en Chine, nous pouvons assurer un approvisionnement continu et une livraison rapide.<\/li>\n<\/ul>","protected":false},"excerpt":{"rendered":"<p>Nous proposons en gros des t\u00f4les d'acier lamin\u00e9es \u00e0 froid de haute qualit\u00e9 dans une vari\u00e9t\u00e9 de tailles, d'\u00e9paisseurs, de nuances et de finitions afin de r\u00e9pondre aux divers besoins de nos clients internationaux. Les plaques d'acier lamin\u00e9es \u00e0 froid sont largement utilis\u00e9es dans les secteurs de la fabrication et de la construction. Nous garantissons une cha\u00eene d'approvisionnement stable et des prix comp\u00e9titifs en direct. Nous proposons \u00e9galement des services personnalis\u00e9s. Les n\u00e9gociants, les constructeurs et les fabricants sont invit\u00e9s \u00e0 nous contacter.<\/p>\n<p>\n<script src=\"chrome-extension:\/\/fpelahbljekknahkcaegamhcndkfpfnc\/iFrame.js\" type=\"text\/javascript\"><\/script><\/p>","protected":false},"featured_media":1220,"comment_status":"closed","ping_status":"closed","template":"","meta":{"_acf_changed":false},"product_brand":[],"product_cat":[19,31],"product_tag":[],"class_list":{"0":"post-436","1":"product","2":"type-product","3":"status-publish","4":"has-post-thumbnail","6":"product_cat-cold-rolled-steel","7":"product_cat-cold-rolled-steel-plates","9":"first","10":"instock","11":"shipping-taxable","12":"product-type-simple"},"acf":[],"_links":{"self":[{"href":"https:\/\/www.wjlsteelsupplier.com\/fr\/wp-json\/wp\/v2\/product\/436","targetHints":{"allow":["GET"]}}],"collection":[{"href":"https:\/\/www.wjlsteelsupplier.com\/fr\/wp-json\/wp\/v2\/product"}],"about":[{"href":"https:\/\/www.wjlsteelsupplier.com\/fr\/wp-json\/wp\/v2\/types\/product"}],"replies":[{"embeddable":true,"href":"https:\/\/www.wjlsteelsupplier.com\/fr\/wp-json\/wp\/v2\/comments?post=436"}],"wp:featuredmedia":[{"embeddable":true,"href":"https:\/\/www.wjlsteelsupplier.com\/fr\/wp-json\/wp\/v2\/media\/1220"}],"wp:attachment":[{"href":"https:\/\/www.wjlsteelsupplier.com\/fr\/wp-json\/wp\/v2\/media?parent=436"}],"wp:term":[{"taxonomy":"product_brand","embeddable":true,"href":"https:\/\/www.wjlsteelsupplier.com\/fr\/wp-json\/wp\/v2\/product_brand?post=436"},{"taxonomy":"product_cat","embeddable":true,"href":"https:\/\/www.wjlsteelsupplier.com\/fr\/wp-json\/wp\/v2\/product_cat?post=436"},{"taxonomy":"product_tag","embeddable":true,"href":"https:\/\/www.wjlsteelsupplier.com\/fr\/wp-json\/wp\/v2\/product_tag?post=436"}],"curies":[{"name":"wp","href":"https:\/\/api.w.org\/{rel}","templated":true}]}}