{"id":361,"date":"2025-09-13T11:13:33","date_gmt":"2025-09-13T11:13:33","guid":{"rendered":"https:\/\/www.wjlsteelsupplier.com\/?post_type=product&#038;p=361"},"modified":"2025-09-18T14:37:33","modified_gmt":"2025-09-18T14:37:33","slug":"stainless-steel-plates","status":"publish","type":"product","link":"https:\/\/www.wjlsteelsupplier.com\/fr\/produit\/stainless-steel-plates\/","title":{"rendered":"Plaques en acier inoxydable - 210, 304, 316"},"content":{"rendered":"<h2 class=\"wp-block-heading\">Caract\u00e9ristiques des plaques en acier inoxydable<\/h2>\n\n\n\n<ul class=\"wp-block-list\">\n<li><strong>Excellente r\u00e9sistance \u00e0 la corrosion :<\/strong> Nos plaques d'acier inoxydable, en particulier les plaques d'acier inoxydable 304 et 316, peuvent r\u00e9sister \u00e0 la rouille, \u00e0 l'oxydation et \u00e0 la corrosion chimique dans divers environnements.<\/li>\n\n\n\n<li><strong>Durable : <\/strong>Ces plaques en acier inoxydable sont fabriqu\u00e9es \u00e0 partir de mat\u00e9riaux de haute qualit\u00e9 afin de garantir une excellente solidit\u00e9 et r\u00e9sistance \u00e0 l'usure. Elles peuvent conserver leur int\u00e9grit\u00e9 sous de lourdes charges et dans des conditions extr\u00eames.<\/li>\n\n\n\n<li><strong>Des capacit\u00e9s de traitement diversifi\u00e9es : <\/strong>Les t\u00f4les en acier inoxydable peuvent \u00eatre facilement coup\u00e9es, lamin\u00e9es, estamp\u00e9es, pli\u00e9es ou press\u00e9es dans diff\u00e9rentes formes, et cette polyvalence permet de r\u00e9pondre aux besoins de nombreuses industries.<\/li>\n\n\n\n<li><strong>Hygi\u00e8ne et faible co\u00fbt d'entretien : <\/strong>Nos plaques en acier inoxydable ont une surface lisse et sans pores, ce qui permet d'\u00e9viter efficacement l'adsorption de produits chimiques, de bact\u00e9ries ou d'autres polluants. Elles conviennent donc parfaitement aux applications qui requi\u00e8rent des normes d'hygi\u00e8ne extr\u00eamement \u00e9lev\u00e9es, telles que l'industrie alimentaire, les \u00e9quipements m\u00e9dicaux et les environnements de laboratoire.<\/li>\n<\/ul>","protected":false},"excerpt":{"rendered":"<p>Plaques d'acier inoxydable en gros, disponibles dans les grades 210, 304 et 316, offrant une excellente r\u00e9sistance \u00e0 la corrosion, une grande solidit\u00e9 et une grande durabilit\u00e9. Sa surface est lisse et uniforme, avec une vari\u00e9t\u00e9 d'options de traitement, ce qui en fait un choix id\u00e9al pour les applications industrielles, architecturales, d\u00e9coratives et sanitaires. En tant que fournisseur d'acier inoxydable en Chine, nous assurons l'approvisionnement en gros et proposons des prix comp\u00e9titifs.<\/p>\n<p><script src=\"chrome-extension:\/\/fpelahbljekknahkcaegamhcndkfpfnc\/iFrame.js\" type=\"text\/javascript\"><\/script><\/p>\n<p>\n<script src=\"chrome-extension:\/\/fpelahbljekknahkcaegamhcndkfpfnc\/iFrame.js\" type=\"text\/javascript\"><\/script><\/p>","protected":false},"featured_media":524,"comment_status":"closed","ping_status":"closed","template":"","meta":{"_acf_changed":false},"product_brand":[],"product_cat":[25,44],"product_tag":[],"class_list":{"0":"post-361","1":"product","2":"type-product","3":"status-publish","4":"has-post-thumbnail","6":"product_cat-stainless-steel","7":"product_cat-stainless-steel-plates","9":"first","10":"instock","11":"shipping-taxable","12":"product-type-simple"},"acf":[],"_links":{"self":[{"href":"https:\/\/www.wjlsteelsupplier.com\/fr\/wp-json\/wp\/v2\/product\/361","targetHints":{"allow":["GET"]}}],"collection":[{"href":"https:\/\/www.wjlsteelsupplier.com\/fr\/wp-json\/wp\/v2\/product"}],"about":[{"href":"https:\/\/www.wjlsteelsupplier.com\/fr\/wp-json\/wp\/v2\/types\/product"}],"replies":[{"embeddable":true,"href":"https:\/\/www.wjlsteelsupplier.com\/fr\/wp-json\/wp\/v2\/comments?post=361"}],"wp:featuredmedia":[{"embeddable":true,"href":"https:\/\/www.wjlsteelsupplier.com\/fr\/wp-json\/wp\/v2\/media\/524"}],"wp:attachment":[{"href":"https:\/\/www.wjlsteelsupplier.com\/fr\/wp-json\/wp\/v2\/media?parent=361"}],"wp:term":[{"taxonomy":"product_brand","embeddable":true,"href":"https:\/\/www.wjlsteelsupplier.com\/fr\/wp-json\/wp\/v2\/product_brand?post=361"},{"taxonomy":"product_cat","embeddable":true,"href":"https:\/\/www.wjlsteelsupplier.com\/fr\/wp-json\/wp\/v2\/product_cat?post=361"},{"taxonomy":"product_tag","embeddable":true,"href":"https:\/\/www.wjlsteelsupplier.com\/fr\/wp-json\/wp\/v2\/product_tag?post=361"}],"curies":[{"name":"wp","href":"https:\/\/api.w.org\/{rel}","templated":true}]}}