{"id":1494,"date":"2026-01-30T07:01:50","date_gmt":"2026-01-30T07:01:50","guid":{"rendered":"https:\/\/www.wjlsteelsupplier.com\/?post_type=product&#038;p=1494"},"modified":"2026-02-06T09:18:09","modified_gmt":"2026-02-06T09:18:09","slug":"wholesale-bright-finish-cold-rolled-steel-coil","status":"publish","type":"product","link":"https:\/\/www.wjlsteelsupplier.com\/fr\/produit\/wholesale-bright-finish-cold-rolled-steel-coil\/","title":{"rendered":"Fournisseur et transformateur en gros de bobines d'acier lamin\u00e9es \u00e0 froid \u00e0 finition brillante (double finition brillante)"},"content":{"rendered":"<h2 class=\"wp-block-heading\">Caract\u00e9ristiques des bobines d'acier lamin\u00e9es \u00e0 froid \u00e0 finition brillante<\/h2>\n\n\n\n<ul class=\"wp-block-list\">\n<li><strong>Int\u00e9grit\u00e9 de surface sup\u00e9rieure :<\/strong> Il pr\u00e9sente une finition brillante sur les deux faces (BA\/miroir) avec une surface exceptionnellement lisse, offrant une base esth\u00e9tique de qualit\u00e9 pour les applications haut de gamme.<\/li>\n\n\n\n<li><strong>Coh\u00e9rence dimensionnelle de haute pr\u00e9cision :<\/strong> Con\u00e7us avec des tol\u00e9rances de pointe et une plan\u00e9it\u00e9 sup\u00e9rieure (contr\u00f4le des unit\u00e9s I), ils assurent une compatibilit\u00e9 parfaite avec l'usinage CNC automatis\u00e9 \u00e0 grande vitesse, l'emboutissage de pr\u00e9cision et la d\u00e9coupe au laser.<\/li>\n\n\n\n<li><strong>Optimisation de la formabilit\u00e9 et de l'\u00e9quilibre m\u00e9canique :<\/strong> Il offre une structure de grain raffin\u00e9e qui \u00e9quilibre la r\u00e9sistance \u00e0 la traction avec un allongement \u00e9lev\u00e9, garantissant des performances stables pendant les cycles complexes de pliage, d'\u00e9tirage et d'emboutissage sans peau d'orange en surface.<\/li>\n\n\n\n<li><strong>Compatibilit\u00e9 am\u00e9lior\u00e9e avec le post-traitement :<\/strong> La chimie de surface est optimis\u00e9e pour une adh\u00e9rence sup\u00e9rieure en galvanoplastie (chrome\/nickel), en rev\u00eatement PVD et en rev\u00eatement par poudre, ce qui minimise les co\u00fbts de pr\u00e9-polissage tout en garantissant une finition finale impeccable.<\/li>\n<\/ul>\n\n\n\n<h2 class=\"wp-block-heading\">Application des bobines d'acier lamin\u00e9es \u00e0 froid \u00e0 finition brillante<\/h2>\n\n\n\n<div class=\"wp-block-columns is-layout-flex wp-container-core-columns-is-layout-9d6595d7 wp-block-columns-is-layout-flex\">\n<div class=\"wp-block-column is-layout-flow wp-block-column-is-layout-flow\" style=\"flex-basis:66.66%\">\n<p><strong>Ext\u00e9rieurs d'appareils m\u00e9nagers<\/strong><\/p>\n\n\n\n<ul class=\"wp-block-list\">\n<li><strong>R\u00e9frig\u00e9rateurs :<\/strong> Les panneaux de porte et les rev\u00eatements lat\u00e9raux haut de gamme n\u00e9cessitent une texture m\u00e9tallique \u00e9l\u00e9gante.<\/li>\n\n\n\n<li><strong>Machines \u00e0 laver :<\/strong> Cadres de panneaux de contr\u00f4le, garnitures d\u00e9coratives et \u00e9l\u00e9ments p\u00e9rim\u00e9triques.<\/li>\n\n\n\n<li><strong>\u00c9lectronique de cuisine :<\/strong> Bo\u00eetiers externes pour micro-ondes et fours o\u00f9 la r\u00e9sistance \u00e0 la chaleur doit \u00eatre associ\u00e9e \u00e0 une finition d\u00e9corative et facile \u00e0 nettoyer.<\/li>\n<\/ul>\n<\/div>\n\n\n\n<div class=\"wp-block-column is-layout-flow wp-block-column-is-layout-flow\" style=\"flex-basis:33.33%\">\n<figure class=\"wp-block-image size-full\"><img decoding=\"async\" width=\"864\" height=\"1184\" src=\"https:\/\/www.wjlsteelsupplier.com\/wp-content\/uploads\/2025\/09\/stationery-clip.webp\" alt=\"\" class=\"wp-image-1499\" srcset=\"https:\/\/www.wjlsteelsupplier.com\/wp-content\/uploads\/2025\/09\/stationery-clip.webp 864w, https:\/\/www.wjlsteelsupplier.com\/wp-content\/uploads\/2025\/09\/stationery-clip-219x300.webp 219w, https:\/\/www.wjlsteelsupplier.com\/wp-content\/uploads\/2025\/09\/stationery-clip-768x1052.webp 768w, https:\/\/www.wjlsteelsupplier.com\/wp-content\/uploads\/2025\/09\/stationery-clip-9x12.webp 9w, https:\/\/www.wjlsteelsupplier.com\/wp-content\/uploads\/2025\/09\/stationery-clip-600x822.webp 600w\" sizes=\"(max-width: 864px) 100vw, 864px\" \/><\/figure>\n<\/div>\n<\/div>\n\n\n\n<div class=\"wp-block-columns is-layout-flex wp-container-core-columns-is-layout-9d6595d7 wp-block-columns-is-layout-flex\">\n<div class=\"wp-block-column is-layout-flow wp-block-column-is-layout-flow\" style=\"flex-basis:33.33%\">\n<figure class=\"wp-block-image size-full\"><img decoding=\"async\" width=\"864\" height=\"1184\" src=\"https:\/\/www.wjlsteelsupplier.com\/wp-content\/uploads\/2025\/09\/door-handle.webp\" alt=\"\" class=\"wp-image-1498\" srcset=\"https:\/\/www.wjlsteelsupplier.com\/wp-content\/uploads\/2025\/09\/door-handle.webp 864w, https:\/\/www.wjlsteelsupplier.com\/wp-content\/uploads\/2025\/09\/door-handle-219x300.webp 219w, https:\/\/www.wjlsteelsupplier.com\/wp-content\/uploads\/2025\/09\/door-handle-768x1052.webp 768w, https:\/\/www.wjlsteelsupplier.com\/wp-content\/uploads\/2025\/09\/door-handle-9x12.webp 9w, https:\/\/www.wjlsteelsupplier.com\/wp-content\/uploads\/2025\/09\/door-handle-600x822.webp 600w\" sizes=\"(max-width: 864px) 100vw, 864px\" \/><\/figure>\n<\/div>\n\n\n\n<div class=\"wp-block-column is-layout-flow wp-block-column-is-layout-flow\" style=\"flex-basis:66.66%\">\n<p><strong>Quincaillerie et d\u00e9coration architecturale<\/strong><\/p>\n\n\n\n<ul class=\"wp-block-list\">\n<li><strong>Quincaillerie pour meubles :<\/strong> Poign\u00e9es, supports structurels et bandes d\u00e9coratives de premi\u00e8re qualit\u00e9.<\/li>\n\n\n\n<li><strong>Industrie de l'\u00e9clairage :<\/strong> Bo\u00eetiers de lampes et r\u00e9flecteurs \u00e0 haute r\u00e9flectivit\u00e9.<\/li>\n\n\n\n<li><strong>Composants galvanis\u00e9s :<\/strong> Tout mat\u00e9riel n\u00e9cessitant une \u201cfinition miroir\u201d par chromage ou nickelage ; la faible rugosit\u00e9 de la surface du mat\u00e9riau de base garantit une surface plaqu\u00e9e de haute qualit\u00e9 et sans d\u00e9faut.<\/li>\n<\/ul>\n<\/div>\n<\/div>\n\n\n\n<p><\/p>","protected":false},"excerpt":{"rendered":"<p>Bobine d'acier lamin\u00e9 \u00e0 froid \u00e0 finition brillante en gros (double finition brillante) qui pr\u00e9sente des surfaces lisses et brillantes des deux c\u00f4t\u00e9s.  Il est con\u00e7u pour les panneaux d'appareils \u00e9lectrom\u00e9nagers et la quincaillerie d\u00e9corative n\u00e9cessitant une excellente apparence, une pr\u00e9cision dimensionnelle et un traitement de surface sup\u00e9rieur. En tant que fournisseur d'acier inoxydable en Chine, nous assurons un approvisionnement en gros et proposons des prix comp\u00e9titifs.<\/p>\n<p><script src=\"chrome-extension:\/\/fpelahbljekknahkcaegamhcndkfpfnc\/iFrame.js\" type=\"text\/javascript\"><\/script><\/p>","protected":false},"featured_media":1506,"comment_status":"closed","ping_status":"closed","template":"","meta":{"_acf_changed":false},"product_brand":[],"product_cat":[19,66],"product_tag":[],"class_list":{"0":"post-1494","1":"product","2":"type-product","3":"status-publish","4":"has-post-thumbnail","6":"product_cat-cold-rolled-steel","7":"product_cat-bright-finish-cold-rolled-steel-coil","9":"first","10":"instock","11":"shipping-taxable","12":"product-type-simple"},"acf":[],"_links":{"self":[{"href":"https:\/\/www.wjlsteelsupplier.com\/fr\/wp-json\/wp\/v2\/product\/1494","targetHints":{"allow":["GET"]}}],"collection":[{"href":"https:\/\/www.wjlsteelsupplier.com\/fr\/wp-json\/wp\/v2\/product"}],"about":[{"href":"https:\/\/www.wjlsteelsupplier.com\/fr\/wp-json\/wp\/v2\/types\/product"}],"replies":[{"embeddable":true,"href":"https:\/\/www.wjlsteelsupplier.com\/fr\/wp-json\/wp\/v2\/comments?post=1494"}],"wp:featuredmedia":[{"embeddable":true,"href":"https:\/\/www.wjlsteelsupplier.com\/fr\/wp-json\/wp\/v2\/media\/1506"}],"wp:attachment":[{"href":"https:\/\/www.wjlsteelsupplier.com\/fr\/wp-json\/wp\/v2\/media?parent=1494"}],"wp:term":[{"taxonomy":"product_brand","embeddable":true,"href":"https:\/\/www.wjlsteelsupplier.com\/fr\/wp-json\/wp\/v2\/product_brand?post=1494"},{"taxonomy":"product_cat","embeddable":true,"href":"https:\/\/www.wjlsteelsupplier.com\/fr\/wp-json\/wp\/v2\/product_cat?post=1494"},{"taxonomy":"product_tag","embeddable":true,"href":"https:\/\/www.wjlsteelsupplier.com\/fr\/wp-json\/wp\/v2\/product_tag?post=1494"}],"curies":[{"name":"wp","href":"https:\/\/api.w.org\/{rel}","templated":true}]}}