{"id":579,"date":"2025-09-17T02:12:59","date_gmt":"2025-09-17T02:12:59","guid":{"rendered":"https:\/\/www.wjlsteelsupplier.com\/?post_type=product&#038;p=579"},"modified":"2025-09-17T02:22:17","modified_gmt":"2025-09-17T02:22:17","slug":"prepainted-steel-sheets","status":"publish","type":"product","link":"https:\/\/www.wjlsteelsupplier.com\/es\/producto\/prepainted-steel-sheets\/","title":{"rendered":"Hojas de acero prepintadas al por mayor - Hojas de acero recubiertas de color directamente de la f\u00e1brica de China"},"content":{"rendered":"<h2 class=\"wp-block-heading\">Caracter\u00edsticas de las chapas de acero prelacado<\/h2>\n\n\n\n<ul class=\"wp-block-list\">\n<li><strong>Protecci\u00f3n duradera de la superficie: <\/strong>Nuestras placas de acero prepintadas est\u00e1n recubiertas con pintura de alta calidad, que tiene una excelente resistencia a la corrosi\u00f3n, prevenci\u00f3n de la oxidaci\u00f3n, protecci\u00f3n UV y resistencia a la humedad.<\/li>\n\n\n\n<li><strong>Ampliamente aplicable: <\/strong>Estas chapas de acero preparadas tienen una amplia gama de usos y son adecuadas para diversos fines, como sistemas de tejados, revestimientos de paredes, paneles de muebles, electrodom\u00e9sticos, se\u00f1alizaci\u00f3n y otros usos industriales o de construcci\u00f3n.<\/li>\n\n\n\n<li><strong>Eficiencia econ\u00f3mica: <\/strong>Mediante la venta directa de f\u00e1brica y el suministro al por mayor, los clientes pueden disfrutar de precios muy competitivos, y garantizamos la calidad de los productos.<\/li>\n<\/ul>","protected":false},"excerpt":{"rendered":"<p><span data-slate-node=\"text\">Chapas de acero prepintadas al por mayor de alta calidad, Adecuadas para edificios, tejados, paneles murales, electrodom\u00e9sticos y aplicaciones industriales.<\/span><span data-slate-node=\"text\" data-slate-fragment=\"JTVCJTdCJTIydHlwZSUyMiUzQSUyMnBhcmFncmFwaCUyMiUyQyUyMmNoaWxkcmVuJTIyJTNBJTVCJTdCJTIyaWQlMjIlM0ElMjJlNmJBUlBsV2FlJTIyJTJDJTIycGFyYUlkeCUyMiUzQTAlMkMlMjJzcmMlMjIlM0ElMjJIaWdoLXF1YWxpdHklMjB3aG9sZXNhbGUlMjBwcmVwYWludGVkJTIwc3RlZWwlMjBzaGVldHMlMkMlMjBTdWl0YWJsZSUyMGZvciUyMGJ1aWxkaW5ncyUyQyUyMHJvb2ZzJTJDJTIwd2FsbCUyMHBhbmVscyUyQyUyMGhvbWUlMjBhcHBsaWFuY2VzJTJDJTIwYW5kJTIwaW5kdXN0cmlhbCUyMGFwcGxpY2F0aW9ucy4lMjIlMkMlMjJkc3QlMjIlM0ElMjIlRTklQUIlOTglRTUlOTMlODElRTglQjQlQTglRTYlODklQjklRTUlOEYlOTElRTklQTIlODQlRTYlQjYlODIlRTklOTIlQTIlRTYlOUQlQkYlRUYlQkMlOEMlRTklODAlODIlRTclOTQlQTglRTQlQkElOEUlRTUlQkIlQkElRTclQUQlOTElRTMlODAlODElRTUlQjElOEIlRTklQTElQjYlRTMlODAlODElRTUlQTIlOTklRTYlOUQlQkYlRTMlODAlODElRTUlQUUlQjYlRTclOTQlQTglRTclOTQlQjUlRTUlOTklQTglRTUlOTIlOEMlRTUlQjclQTUlRTQlQjglOUElRTUlQkElOTQlRTclOTQlQTglRTMlODAlODIlMjIlMkMlMjJtZXRhZGF0YSUyMiUzQSUyMiUyMiUyQyUyMm1hdGNoZXMlMjIlM0FudWxsJTJDJTIydHJhbnNsYXRlZEJ5JTIyJTNBbnVsbCUyQyUyMm1ldGFEYXRhJTIyJTNBJTVCJTVEJTJDJTIydGV4dCUyMiUzQSUyMkhpZ2gtcXVhbGl0eSUyMHdob2xlc2FsZSUyMHByZXBhaW50ZWQlMjBzdGVlbCUyMHNoZWV0cyUyQyUyMFN1aXRhYmxlJTIwZm9yJTIwYnVpbGRpbmdzJTJDJTIwcm9vZnMlMkMlMjB3YWxsJTIwcGFuZWxzJTJDJTIwaG9tZSUyMGFwcGxpYW5jZXMlMkMlMjBhbmQlMjBpbmR1c3RyaWFsJTIwYXBwbGljYXRpb25zLiUyMiU3RCUyQyU3QiUyMmlkJTIyJTNBJTIyVlJnbVlRS2xReiUyMiUyQyUyMnBhcmFJZHglMjIlM0EwJTJDJTIyc3JjJTIyJTNBJTIyJTIwRmFjdG9yeSUyMGRpcmVjdCUyMHNhbGVzJTIwZW5zdXJlJTIwZmF2b3JhYmxlJTIwcHJpY2VzJTIwYW5kJTIwc3RhYmxlJTIwcXVhbGl0eSUyMGZvciUyMGxhcmdlLXNjYWxlJTIwcHJvamVjdHMuJTIyJTJDJTIyZHN0JTIyJTNBJTIyJUU1JUI3JUE1JUU1JThFJTgyJUU3JTlCJUI0JUU5JTk0JTgwJUU3JUExJUFFJUU0JUJGJTlEJUU0JUJBJTg2JUU1JUE0JUE3JUU1JTlFJThCJUU5JUExJUI5JUU3JTlCJUFFJUU3JTlBJTg0JUU0JUJDJTk4JUU2JTgzJUEwJUU0JUJCJUI3JUU2JUEwJUJDJUU1JTkyJThDJUU3JUE4JUIzJUU1JUFFJTlBJUU4JUI0JUE4JUU5JTg3JThGJUUzJTgwJTgyJTIyJTJDJTIybWV0YWRhdGElMjIlM0ElMjIlMjIlMkMlMjJtYXRjaGVzJTIyJTNBbnVsbCUyQyUyMnRyYW5zbGF0ZWRCeSUyMiUzQW51bGwlMkMlMjJtZXRhRGF0YSUyMiUzQSU1QiU1RCUyQyUyMnRleHQlMjIlM0ElMjIlMjBGYWN0b3J5JTIwZGlyZWN0JTIwc2FsZXMlMjBlbnN1cmUlMjBmYXZvcmFibGUlMjBwcmljZXMlMjBhbmQlMjBzdGFibGUlMjBxdWFsaXR5JTIwZm9yJTIwbGFyZ2Utc2NhbGUlMjBwcm9qZWN0cy4lMjIlN0QlNUQlN0QlNUQ=\"><span class=\"\" data-slate-leaf=\"true\" data-sent-id=\"VRgmYQKlQz\" data-para-id=\"0\"> La venta directa de f\u00e1brica garantiza precios favorables y calidad estable para proyectos a gran escala. Bienvenido a contactar con nosotros.<\/span><\/span><\/p>","protected":false},"featured_media":580,"comment_status":"closed","ping_status":"closed","template":"","meta":{"_acf_changed":false},"product_brand":[],"product_cat":[20,62],"product_tag":[],"class_list":{"0":"post-579","1":"product","2":"type-product","3":"status-publish","4":"has-post-thumbnail","6":"product_cat-prepainted-steel","7":"product_cat-prepainted-steel-sheets","9":"first","10":"instock","11":"shipping-taxable","12":"product-type-simple"},"acf":[],"_links":{"self":[{"href":"https:\/\/www.wjlsteelsupplier.com\/es\/wp-json\/wp\/v2\/product\/579","targetHints":{"allow":["GET"]}}],"collection":[{"href":"https:\/\/www.wjlsteelsupplier.com\/es\/wp-json\/wp\/v2\/product"}],"about":[{"href":"https:\/\/www.wjlsteelsupplier.com\/es\/wp-json\/wp\/v2\/types\/product"}],"replies":[{"embeddable":true,"href":"https:\/\/www.wjlsteelsupplier.com\/es\/wp-json\/wp\/v2\/comments?post=579"}],"wp:featuredmedia":[{"embeddable":true,"href":"https:\/\/www.wjlsteelsupplier.com\/es\/wp-json\/wp\/v2\/media\/580"}],"wp:attachment":[{"href":"https:\/\/www.wjlsteelsupplier.com\/es\/wp-json\/wp\/v2\/media?parent=579"}],"wp:term":[{"taxonomy":"product_brand","embeddable":true,"href":"https:\/\/www.wjlsteelsupplier.com\/es\/wp-json\/wp\/v2\/product_brand?post=579"},{"taxonomy":"product_cat","embeddable":true,"href":"https:\/\/www.wjlsteelsupplier.com\/es\/wp-json\/wp\/v2\/product_cat?post=579"},{"taxonomy":"product_tag","embeddable":true,"href":"https:\/\/www.wjlsteelsupplier.com\/es\/wp-json\/wp\/v2\/product_tag?post=579"}],"curies":[{"name":"wp","href":"https:\/\/api.w.org\/{rel}","templated":true}]}}