{"id":574,"date":"2025-09-17T01:32:09","date_gmt":"2025-09-17T01:32:09","guid":{"rendered":"https:\/\/www.wjlsteelsupplier.com\/?post_type=product&#038;p=574"},"modified":"2025-09-17T01:53:29","modified_gmt":"2025-09-17T01:53:29","slug":"prepainted-steel-plates","status":"publish","type":"product","link":"https:\/\/www.wjlsteelsupplier.com\/es\/producto\/prepainted-steel-plates\/","title":{"rendered":"Placas de acero prepintadas al por mayor - China Factory Bulk Supply"},"content":{"rendered":"<h2 class=\"wp-block-heading\">Caracter\u00edsticas de las chapas de acero prelacadas<\/h2>\n\n\n\n<ul class=\"wp-block-list\">\n<li><strong>Excelente resistencia a la corrosi\u00f3n: <\/strong>Nuestras chapas de acero prelacado est\u00e1n recubiertas con pintura industrial de alta calidad, formando una barrera protectora contra el \u00f3xido, la humedad y la corrosi\u00f3n qu\u00edmica.<\/li>\n\n\n\n<li><strong>Reducir los costes de procesamiento: <\/strong>Como las chapas de acero se recubren previamente con revestimientos de precisi\u00f3n en la f\u00e1brica, no es necesario pintarlas ni acabarlas in situ. Esto no solo ahorra mano de obra y acorta el tiempo de producci\u00f3n, sino que tambi\u00e9n minimiza al m\u00e1ximo los costes de material.<\/li>\n\n\n\n<li><strong>Mayor durabilidad: <\/strong>El avanzado sistema de revestimiento multicapa proporciona una excelente adherencia y resistencia al rayado, as\u00ed como a los rayos UV y al desgaste qu\u00edmico y mec\u00e1nico.<\/li>\n\n\n\n<li><strong>Ventaja econ\u00f3mica del suministro a granel: <\/strong>Al comprar directamente a las f\u00e1bricas chinas, los compradores pueden disfrutar de precios al por mayor muy competitivos, una calidad constante de los productos y opciones flexibles de personalizaci\u00f3n del color, el tama\u00f1o y el grosor.<\/li>\n<\/ul>","protected":false},"excerpt":{"rendered":"<p>Nuestras chapas de acero preparadas al por mayor son chapas de acero con revestimiento de f\u00e1brica de alta calidad dise\u00f1adas para ofrecer un rendimiento duradero y excelentes efectos visuales. Ofrecemos un suministro fiable y opciones personalizables. P\u00f3ngase en contacto con nosotros para obtener el mejor presupuesto.<\/p>\n<p>&nbsp;<\/p>\n<p>\n<script src=\"chrome-extension:\/\/fpelahbljekknahkcaegamhcndkfpfnc\/iFrame.js\" type=\"text\/javascript\"><\/script><\/p>","protected":false},"featured_media":575,"comment_status":"closed","ping_status":"closed","template":"","meta":{"_acf_changed":false},"product_brand":[],"product_cat":[20,63],"product_tag":[],"class_list":{"0":"post-574","1":"product","2":"type-product","3":"status-publish","4":"has-post-thumbnail","6":"product_cat-prepainted-steel","7":"product_cat-prepainted-steel-plates","9":"first","10":"instock","11":"shipping-taxable","12":"product-type-simple"},"acf":[],"_links":{"self":[{"href":"https:\/\/www.wjlsteelsupplier.com\/es\/wp-json\/wp\/v2\/product\/574","targetHints":{"allow":["GET"]}}],"collection":[{"href":"https:\/\/www.wjlsteelsupplier.com\/es\/wp-json\/wp\/v2\/product"}],"about":[{"href":"https:\/\/www.wjlsteelsupplier.com\/es\/wp-json\/wp\/v2\/types\/product"}],"replies":[{"embeddable":true,"href":"https:\/\/www.wjlsteelsupplier.com\/es\/wp-json\/wp\/v2\/comments?post=574"}],"wp:featuredmedia":[{"embeddable":true,"href":"https:\/\/www.wjlsteelsupplier.com\/es\/wp-json\/wp\/v2\/media\/575"}],"wp:attachment":[{"href":"https:\/\/www.wjlsteelsupplier.com\/es\/wp-json\/wp\/v2\/media?parent=574"}],"wp:term":[{"taxonomy":"product_brand","embeddable":true,"href":"https:\/\/www.wjlsteelsupplier.com\/es\/wp-json\/wp\/v2\/product_brand?post=574"},{"taxonomy":"product_cat","embeddable":true,"href":"https:\/\/www.wjlsteelsupplier.com\/es\/wp-json\/wp\/v2\/product_cat?post=574"},{"taxonomy":"product_tag","embeddable":true,"href":"https:\/\/www.wjlsteelsupplier.com\/es\/wp-json\/wp\/v2\/product_tag?post=574"}],"curies":[{"name":"wp","href":"https:\/\/api.w.org\/{rel}","templated":true}]}}