{"id":571,"date":"2025-09-17T01:08:30","date_gmt":"2025-09-17T01:08:30","guid":{"rendered":"https:\/\/www.wjlsteelsupplier.com\/?post_type=product&#038;p=571"},"modified":"2025-09-17T01:31:27","modified_gmt":"2025-09-17T01:31:27","slug":"prepainted-steel-coils","status":"publish","type":"product","link":"https:\/\/www.wjlsteelsupplier.com\/es\/producto\/prepainted-steel-coils\/","title":{"rendered":"Bobinas de acero prelacado al por mayor - Adecuadas para diversos fines industriales y de construcci\u00f3n"},"content":{"rendered":"<h2 class=\"wp-block-heading\">Caracter\u00edsticas de las bobinas de acero prelacado<\/h2>\n\n\n\n<ul class=\"wp-block-list\">\n<li><strong>Excelente resistencia a la corrosi\u00f3n: <\/strong>La bobina de acero se recubre con pintura de alta calidad y una capa protectora, formando una fuerte barrera que resiste eficazmente la humedad, los productos qu\u00edmicos y la erosi\u00f3n ambiental.<\/li>\n\n\n\n<li><strong>Mayor durabilidad:<\/strong> Los revestimientos prepintados pueden mejorar la superficie del acero, proporcionando una excelente resistencia al rayado, a la decoloraci\u00f3n y al desgaste. Incluso en entornos industriales o exteriores dif\u00edciles, puede prolongar su vida \u00fatil y mantener un rendimiento fiable.<\/li>\n\n\n\n<li><strong>Econ\u00f3micamente eficiente: <\/strong>Como el acero se recubre previamente durante el proceso de fabricaci\u00f3n, no es necesario pintar ni tratar la superficie in situ. Esto maximiza la reducci\u00f3n de los costes de mano de obra y acorta la duraci\u00f3n del proyecto.<\/li>\n\n\n\n<li><strong>Ampliamente aplicable: <\/strong>Las bobinas de acero prelacado son una opci\u00f3n ideal para tejados, paredes, techos, electrodom\u00e9sticos, muebles y diversos proyectos industriales y de construcci\u00f3n. Su versatilidad la convierte en una opci\u00f3n fiable para mayoristas y usuarios finales.<\/li>\n<\/ul>","protected":false},"excerpt":{"rendered":"<p>Venta al por mayor de bobinas de acero prepintadas. Estas bobinas de acero son asequibles, f\u00e1ciles de instalar y respetuosos del medio ambiente, proporcionando un rendimiento duradero y hermosa decoraci\u00f3n para diversos proyectos. Fabricantes y constructores son bienvenidos a contactar con nosotros.<\/p>","protected":false},"featured_media":572,"comment_status":"closed","ping_status":"closed","template":"","meta":{"_acf_changed":false},"product_brand":[],"product_cat":[20,61],"product_tag":[],"class_list":{"0":"post-571","1":"product","2":"type-product","3":"status-publish","4":"has-post-thumbnail","6":"product_cat-prepainted-steel","7":"product_cat-prepainted-steel-coils","9":"first","10":"instock","11":"shipping-taxable","12":"product-type-simple"},"acf":[],"_links":{"self":[{"href":"https:\/\/www.wjlsteelsupplier.com\/es\/wp-json\/wp\/v2\/product\/571","targetHints":{"allow":["GET"]}}],"collection":[{"href":"https:\/\/www.wjlsteelsupplier.com\/es\/wp-json\/wp\/v2\/product"}],"about":[{"href":"https:\/\/www.wjlsteelsupplier.com\/es\/wp-json\/wp\/v2\/types\/product"}],"replies":[{"embeddable":true,"href":"https:\/\/www.wjlsteelsupplier.com\/es\/wp-json\/wp\/v2\/comments?post=571"}],"wp:featuredmedia":[{"embeddable":true,"href":"https:\/\/www.wjlsteelsupplier.com\/es\/wp-json\/wp\/v2\/media\/572"}],"wp:attachment":[{"href":"https:\/\/www.wjlsteelsupplier.com\/es\/wp-json\/wp\/v2\/media?parent=571"}],"wp:term":[{"taxonomy":"product_brand","embeddable":true,"href":"https:\/\/www.wjlsteelsupplier.com\/es\/wp-json\/wp\/v2\/product_brand?post=571"},{"taxonomy":"product_cat","embeddable":true,"href":"https:\/\/www.wjlsteelsupplier.com\/es\/wp-json\/wp\/v2\/product_cat?post=571"},{"taxonomy":"product_tag","embeddable":true,"href":"https:\/\/www.wjlsteelsupplier.com\/es\/wp-json\/wp\/v2\/product_tag?post=571"}],"curies":[{"name":"wp","href":"https:\/\/api.w.org\/{rel}","templated":true}]}}