{"id":565,"date":"2025-09-16T10:48:15","date_gmt":"2025-09-16T10:48:15","guid":{"rendered":"https:\/\/www.wjlsteelsupplier.com\/?post_type=product&#038;p=565"},"modified":"2025-09-16T11:35:05","modified_gmt":"2025-09-16T11:35:05","slug":"galvanized-steel-strips","status":"publish","type":"product","link":"https:\/\/www.wjlsteelsupplier.com\/es\/producto\/galvanized-steel-strips\/","title":{"rendered":"Galvanized Steel Strips Wholesale - Proveedor de acero galvanizado"},"content":{"rendered":"<h2 class=\"wp-block-heading\">Caracter\u00edsticas de las placas de acero inoxidable<\/h2>\n\n\n\n<ul class=\"wp-block-list\">\n<li><strong>Excelente resistencia a la corrosi\u00f3n:<\/strong> Los flejes de acero galvanizado est\u00e1n recubiertos con una capa protectora de zinc en la superficie, que forma una barrera contra la humedad y el ox\u00edgeno. Incluso en entornos dif\u00edciles, puede evitar eficazmente la oxidaci\u00f3n y es una opci\u00f3n ideal para edificios exteriores, tejados, componentes de automoci\u00f3n y aplicaciones industriales.<\/li>\n\n\n\n<li><strong>Larga vida \u00fatil: <\/strong>La capa galvanizada no s\u00f3lo evita la corrosi\u00f3n del acero, sino que tambi\u00e9n aumenta su resistencia y elasticidad. Esto garantiza la durabilidad del acero, reduce la necesidad de sustituirlo con frecuencia y ahorra costes de mantenimiento a los compradores y usuarios finales.<\/li>\n\n\n\n<li><strong>Excelente relaci\u00f3n coste-eficacia:<\/strong> En comparaci\u00f3n con el acero no galvanizado o las costosas aleaciones resistentes a la corrosi\u00f3n, el acero galvanizado tiene una vida \u00fatil m\u00e1s larga y es una opci\u00f3n muy econ\u00f3mica.<\/li>\n\n\n\n<li><strong>Suministro fiable a granel:<\/strong> Como proveedor de acero galvanizado de confianza, podemos personalizar los pedidos al por mayor en funci\u00f3n de las dimensiones, el grosor y el peso del revestimiento espec\u00edficos.<\/li>\n<\/ul>","protected":false},"excerpt":{"rendered":"<p>Venta al por mayor de flejes de acero galvanizado. Los flejes de acero galvanizado son una opci\u00f3n ideal para las industrias de la construcci\u00f3n, la construcci\u00f3n de tejados, la automoci\u00f3n, la electricidad y la agricultura. Como proveedor de confianza de acero galvanizado, ofrecemos precios competitivos y servicios profesionales de suministro al por mayor. No dude en ponerse en contacto con nosotros.<\/p>\n<p>\n<script src=\"chrome-extension:\/\/fpelahbljekknahkcaegamhcndkfpfnc\/iFrame.js\" type=\"text\/javascript\"><\/script><\/p>","protected":false},"featured_media":566,"comment_status":"closed","ping_status":"closed","template":"","meta":{"_acf_changed":false},"product_brand":[],"product_cat":[21,59],"product_tag":[],"class_list":{"0":"post-565","1":"product","2":"type-product","3":"status-publish","4":"has-post-thumbnail","6":"product_cat-galvanized-steel","7":"product_cat-galvanized-steel-strips","9":"first","10":"instock","11":"shipping-taxable","12":"product-type-simple"},"acf":[],"_links":{"self":[{"href":"https:\/\/www.wjlsteelsupplier.com\/es\/wp-json\/wp\/v2\/product\/565","targetHints":{"allow":["GET"]}}],"collection":[{"href":"https:\/\/www.wjlsteelsupplier.com\/es\/wp-json\/wp\/v2\/product"}],"about":[{"href":"https:\/\/www.wjlsteelsupplier.com\/es\/wp-json\/wp\/v2\/types\/product"}],"replies":[{"embeddable":true,"href":"https:\/\/www.wjlsteelsupplier.com\/es\/wp-json\/wp\/v2\/comments?post=565"}],"wp:featuredmedia":[{"embeddable":true,"href":"https:\/\/www.wjlsteelsupplier.com\/es\/wp-json\/wp\/v2\/media\/566"}],"wp:attachment":[{"href":"https:\/\/www.wjlsteelsupplier.com\/es\/wp-json\/wp\/v2\/media?parent=565"}],"wp:term":[{"taxonomy":"product_brand","embeddable":true,"href":"https:\/\/www.wjlsteelsupplier.com\/es\/wp-json\/wp\/v2\/product_brand?post=565"},{"taxonomy":"product_cat","embeddable":true,"href":"https:\/\/www.wjlsteelsupplier.com\/es\/wp-json\/wp\/v2\/product_cat?post=565"},{"taxonomy":"product_tag","embeddable":true,"href":"https:\/\/www.wjlsteelsupplier.com\/es\/wp-json\/wp\/v2\/product_tag?post=565"}],"curies":[{"name":"wp","href":"https:\/\/api.w.org\/{rel}","templated":true}]}}