{"id":563,"date":"2025-09-16T10:36:22","date_gmt":"2025-09-16T10:36:22","guid":{"rendered":"https:\/\/www.wjlsteelsupplier.com\/?post_type=product&#038;p=563"},"modified":"2026-01-19T09:30:43","modified_gmt":"2026-01-19T09:30:43","slug":"galvanized-steel-coils","status":"publish","type":"product","link":"https:\/\/www.wjlsteelsupplier.com\/es\/producto\/galvanized-steel-coils\/","title":{"rendered":"Bobinas de acero galvanizado al por mayor - China Proveedor de acero galvanizado"},"content":{"rendered":"<h2 class=\"wp-block-heading\">Caracter\u00edsticas de las bobinas de acero galvanizado<\/h2>\n\n\n\n<ul class=\"wp-block-list\">\n<li><strong>Excelente resistencia a la corrosi\u00f3n:<\/strong> Nuestras bobinas de acero galvanizado est\u00e1n recubiertas con una capa de zinc de alta calidad en la superficie, proporcionando una excelente prevenci\u00f3n de la oxidaci\u00f3n, resistencia a la humedad, y otra protecci\u00f3n del medio ambiente. Puede proporcionar una excelente protecci\u00f3n contra el \u00f3xido, la humedad y otros factores ambientales.<\/li>\n\n\n\n<li><strong>Excelente durabilidad y resistencia:<\/strong> Las bobinas de acero galvanizado combinan la resistencia mec\u00e1nica del acero avanzado con las ventajas protectoras de los revestimientos galvanizados. Esto lo convierte en la opci\u00f3n ideal para aplicaciones estructurales de alta exigencia.<\/li>\n\n\n\n<li><strong>Rentable y duradero: <\/strong>Las bobinas de acero galvanizado reducen la necesidad de mantenimiento, reparaci\u00f3n o sustituci\u00f3n frecuentes, proporcionando soluciones muy rentables para proyectos a corto plazo e infraestructuras a largo plazo.<\/li>\n\n\n\n<li><strong>Muy utilizado: <\/strong>Las bobinas de acero galvanizado son adecuadas para diversas industrias y aplicaciones. Desde paneles para tejados y revestimientos de paredes hasta paneles para autom\u00f3viles, electrodom\u00e9sticos y equipos industriales, las chapas de acero galvanizado pueden satisfacer con flexibilidad diversas necesidades.<\/li>\n\n\n\n<li><strong>Especificaciones personalizables: <\/strong>Ofrecemos bobinas de acero galvanizado en varios grosores, anchuras y longitudes, lo que permite a los compradores elegir el tama\u00f1o exacto necesario para proyectos espec\u00edficos.<\/li>\n<\/ul>","protected":false},"excerpt":{"rendered":"<p data-pm-slice=\"0 0 []\">Venta al por mayor de bobinas de acero galvanizado de un proveedor de confianza de China, que ofrece acero de alta calidad, duradero y resistente a la corrosi\u00f3n para una amplia gama de aplicaciones. Ofrecemos personalizable espesor, anchura y longitud para satisfacer las necesidades de diferentes escenarios de aplicaci\u00f3n. P\u00f3ngase en contacto con nosotros.<\/p>\n<p><script src=\"chrome-extension:\/\/fpelahbljekknahkcaegamhcndkfpfnc\/iFrame.js\" type=\"text\/javascript\"><\/script><\/p>","protected":false},"featured_media":1493,"comment_status":"closed","ping_status":"closed","template":"","meta":{"_acf_changed":false},"product_brand":[],"product_cat":[21,57],"product_tag":[],"class_list":{"0":"post-563","1":"product","2":"type-product","3":"status-publish","4":"has-post-thumbnail","6":"product_cat-galvanized-steel","7":"product_cat-galvanized-steel-coils","9":"first","10":"instock","11":"shipping-taxable","12":"product-type-simple"},"acf":[],"_links":{"self":[{"href":"https:\/\/www.wjlsteelsupplier.com\/es\/wp-json\/wp\/v2\/product\/563","targetHints":{"allow":["GET"]}}],"collection":[{"href":"https:\/\/www.wjlsteelsupplier.com\/es\/wp-json\/wp\/v2\/product"}],"about":[{"href":"https:\/\/www.wjlsteelsupplier.com\/es\/wp-json\/wp\/v2\/types\/product"}],"replies":[{"embeddable":true,"href":"https:\/\/www.wjlsteelsupplier.com\/es\/wp-json\/wp\/v2\/comments?post=563"}],"wp:featuredmedia":[{"embeddable":true,"href":"https:\/\/www.wjlsteelsupplier.com\/es\/wp-json\/wp\/v2\/media\/1493"}],"wp:attachment":[{"href":"https:\/\/www.wjlsteelsupplier.com\/es\/wp-json\/wp\/v2\/media?parent=563"}],"wp:term":[{"taxonomy":"product_brand","embeddable":true,"href":"https:\/\/www.wjlsteelsupplier.com\/es\/wp-json\/wp\/v2\/product_brand?post=563"},{"taxonomy":"product_cat","embeddable":true,"href":"https:\/\/www.wjlsteelsupplier.com\/es\/wp-json\/wp\/v2\/product_cat?post=563"},{"taxonomy":"product_tag","embeddable":true,"href":"https:\/\/www.wjlsteelsupplier.com\/es\/wp-json\/wp\/v2\/product_tag?post=563"}],"curies":[{"name":"wp","href":"https:\/\/api.w.org\/{rel}","templated":true}]}}