{"id":560,"date":"2025-09-16T08:16:07","date_gmt":"2025-09-16T08:16:07","guid":{"rendered":"https:\/\/www.wjlsteelsupplier.com\/?post_type=product&#038;p=560"},"modified":"2025-09-16T10:32:24","modified_gmt":"2025-09-16T10:32:24","slug":"grain-oriented-electrical-steel-plates","status":"publish","type":"product","link":"https:\/\/www.wjlsteelsupplier.com\/es\/producto\/grain-oriented-electrical-steel-plates\/","title":{"rendered":"Placas de acero el\u00e9ctrico de grano orientado al por mayor"},"content":{"rendered":"<h2 class=\"wp-block-heading\">Caracter\u00edsticas de las placas de acero el\u00e9ctrico de grano orientado<\/h2>\n\n\n\n<ul class=\"wp-block-list\">\n<li><strong>Mejorar la eficiencia energ\u00e9tica: <\/strong>Las chapas de acero el\u00e9ctrico con grano orientado se fabrican mediante procesos especiales con grano orientado, que pueden reducir significativamente la p\u00e9rdida de hierro durante la magnetizaci\u00f3n. Esto puede garantizar que los transformadores y los equipos el\u00e9ctricos mejoren la eficiencia energ\u00e9tica, reduciendo as\u00ed el consumo de energ\u00eda y los costes operativos de los clientes.<\/li>\n\n\n\n<li><strong>Elevada permeabilidad magn\u00e9tica: <\/strong>Estas chapas de acero presentan una excelente permeabilidad magn\u00e9tica a lo largo de la direcci\u00f3n de laminaci\u00f3n. Esta caracter\u00edstica permite que equipos el\u00e9ctricos como transformadores y reactores alcancen un mejor rendimiento con una potencia de excitaci\u00f3n menor, mejorando as\u00ed la fiabilidad y la eficiencia general.<\/li>\n\n\n\n<li><strong>Cumple las normas internacionales: <\/strong>Nuestras chapas de acero el\u00e9ctrico con granos orientados cumplen estrictas certificaciones industriales y normas de rendimiento, lo que las convierte en una opci\u00f3n de confianza para clientes de todo el mundo que buscan materiales fiables para transformadores y sistemas de distribuci\u00f3n de bajo consumo.<\/li>\n\n\n\n<li><strong>Suministro al por mayor rentable: <\/strong>Ofrecemos productos a granel a precios competitivos y garantizamos una alta calidad. Los fabricantes de compresores y equipos el\u00e9ctricos pueden reducir los costes de material manteniendo unos est\u00e1ndares de alta calidad.<\/li>\n<\/ul>","protected":false},"excerpt":{"rendered":"<p>Nuestras placas de acero el\u00e9ctrico de grano orientado tienen excelentes propiedades magn\u00e9ticas, menor p\u00e9rdida de hierro y mayor permeabilidad magn\u00e9tica. Suministramos a granel y garantizamos precios competitivos. Invitamos a los fabricantes a comprar al por mayor.<\/p>\n<p>\n<script src=\"chrome-extension:\/\/fpelahbljekknahkcaegamhcndkfpfnc\/iFrame.js\" type=\"text\/javascript\"><\/script><\/p>","protected":false},"featured_media":562,"comment_status":"closed","ping_status":"closed","template":"","meta":{"_acf_changed":false},"product_brand":[],"product_cat":[24,48],"product_tag":[],"class_list":{"0":"post-560","1":"product","2":"type-product","3":"status-publish","4":"has-post-thumbnail","6":"product_cat-grain-oriented-electrical-steel","7":"product_cat-grain-oriented-electrical-steel-plates","9":"first","10":"instock","11":"shipping-taxable","12":"product-type-simple"},"acf":[],"_links":{"self":[{"href":"https:\/\/www.wjlsteelsupplier.com\/es\/wp-json\/wp\/v2\/product\/560","targetHints":{"allow":["GET"]}}],"collection":[{"href":"https:\/\/www.wjlsteelsupplier.com\/es\/wp-json\/wp\/v2\/product"}],"about":[{"href":"https:\/\/www.wjlsteelsupplier.com\/es\/wp-json\/wp\/v2\/types\/product"}],"replies":[{"embeddable":true,"href":"https:\/\/www.wjlsteelsupplier.com\/es\/wp-json\/wp\/v2\/comments?post=560"}],"wp:featuredmedia":[{"embeddable":true,"href":"https:\/\/www.wjlsteelsupplier.com\/es\/wp-json\/wp\/v2\/media\/562"}],"wp:attachment":[{"href":"https:\/\/www.wjlsteelsupplier.com\/es\/wp-json\/wp\/v2\/media?parent=560"}],"wp:term":[{"taxonomy":"product_brand","embeddable":true,"href":"https:\/\/www.wjlsteelsupplier.com\/es\/wp-json\/wp\/v2\/product_brand?post=560"},{"taxonomy":"product_cat","embeddable":true,"href":"https:\/\/www.wjlsteelsupplier.com\/es\/wp-json\/wp\/v2\/product_cat?post=560"},{"taxonomy":"product_tag","embeddable":true,"href":"https:\/\/www.wjlsteelsupplier.com\/es\/wp-json\/wp\/v2\/product_tag?post=560"}],"curies":[{"name":"wp","href":"https:\/\/api.w.org\/{rel}","templated":true}]}}