{"id":556,"date":"2025-09-16T03:25:47","date_gmt":"2025-09-16T03:25:47","guid":{"rendered":"https:\/\/www.wjlsteelsupplier.com\/?post_type=product&#038;p=556"},"modified":"2025-09-16T03:39:34","modified_gmt":"2025-09-16T03:39:34","slug":"grain-oriented-electrical-steel-strips","status":"publish","type":"product","link":"https:\/\/www.wjlsteelsupplier.com\/es\/producto\/grain-oriented-electrical-steel-strips\/","title":{"rendered":"Tiras de acero el\u00e9ctrico de grano orientado al por mayor - Tiras GOES"},"content":{"rendered":"<h2 class=\"wp-block-heading\">Caracter\u00edsticas de las bandas de acero el\u00e9ctrico de grano orientado<\/h2>\n\n\n\n<ul class=\"wp-block-list\">\n<li><strong>Alto rendimiento magn\u00e9tico: <\/strong>Nuestras tiras GOES tienen excelentes propiedades magn\u00e9ticas, lo que garantiza una alta permeabilidad magn\u00e9tica y una baja p\u00e9rdida en el n\u00facleo.<\/li>\n\n\n\n<li><strong>Tama\u00f1os personalizables: <\/strong>Ofrecemos opciones flexibles de anchura, longitud y grosor para satisfacer las distintas necesidades de la industria. Esto permite a los fabricantes optimizar la utilizaci\u00f3n del material y ajustar la banda seg\u00fan los dise\u00f1os espec\u00edficos de transformadores o motores.<\/li>\n\n\n\n<li><strong>Multiusos: <\/strong>Adecuadas para transformadores de potencia, transformadores de distribuci\u00f3n y otros equipos el\u00e9ctricos, nuestras regletas GOES se utilizan ampliamente en la fabricaci\u00f3n de equipos el\u00e9ctricos industriales y comerciales.<\/li>\n\n\n\n<li><strong>Suministro al por mayor econ\u00f3micamente eficiente: <\/strong>Suministramos tiras GOES a granel a precios competitivos y garantizamos una alta calidad, reduciendo as\u00ed los costes de adquisici\u00f3n y simplificando la producci\u00f3n para operaciones a gran escala.<\/li>\n<\/ul>","protected":false},"excerpt":{"rendered":"<p>Venta al por mayor Tiras de acero el\u00e9ctrico de grano orientado de alta calidad. Tiene una alta eficiencia magn\u00e9tica y un rendimiento estable, por lo que es una opci\u00f3n ideal para transformadores, motores y equipos el\u00e9ctricos. Ofrecemos precios competitivos y servicios profesionales de personalizaci\u00f3n. No dude en ponerse en contacto con nosotros.<\/p>\n<p>\n<script src=\"chrome-extension:\/\/fpelahbljekknahkcaegamhcndkfpfnc\/iFrame.js\" type=\"text\/javascript\"><\/script><\/p>","protected":false},"featured_media":557,"comment_status":"closed","ping_status":"closed","template":"","meta":{"_acf_changed":false},"product_brand":[],"product_cat":[24,47],"product_tag":[],"class_list":{"0":"post-556","1":"product","2":"type-product","3":"status-publish","4":"has-post-thumbnail","6":"product_cat-grain-oriented-electrical-steel","7":"product_cat-grain-oriented-electrical-steel-strips","9":"first","10":"instock","11":"shipping-taxable","12":"product-type-simple"},"acf":[],"_links":{"self":[{"href":"https:\/\/www.wjlsteelsupplier.com\/es\/wp-json\/wp\/v2\/product\/556","targetHints":{"allow":["GET"]}}],"collection":[{"href":"https:\/\/www.wjlsteelsupplier.com\/es\/wp-json\/wp\/v2\/product"}],"about":[{"href":"https:\/\/www.wjlsteelsupplier.com\/es\/wp-json\/wp\/v2\/types\/product"}],"replies":[{"embeddable":true,"href":"https:\/\/www.wjlsteelsupplier.com\/es\/wp-json\/wp\/v2\/comments?post=556"}],"wp:featuredmedia":[{"embeddable":true,"href":"https:\/\/www.wjlsteelsupplier.com\/es\/wp-json\/wp\/v2\/media\/557"}],"wp:attachment":[{"href":"https:\/\/www.wjlsteelsupplier.com\/es\/wp-json\/wp\/v2\/media?parent=556"}],"wp:term":[{"taxonomy":"product_brand","embeddable":true,"href":"https:\/\/www.wjlsteelsupplier.com\/es\/wp-json\/wp\/v2\/product_brand?post=556"},{"taxonomy":"product_cat","embeddable":true,"href":"https:\/\/www.wjlsteelsupplier.com\/es\/wp-json\/wp\/v2\/product_cat?post=556"},{"taxonomy":"product_tag","embeddable":true,"href":"https:\/\/www.wjlsteelsupplier.com\/es\/wp-json\/wp\/v2\/product_tag?post=556"}],"curies":[{"name":"wp","href":"https:\/\/api.w.org\/{rel}","templated":true}]}}