{"id":549,"date":"2025-09-16T02:18:57","date_gmt":"2025-09-16T02:18:57","guid":{"rendered":"https:\/\/www.wjlsteelsupplier.com\/?post_type=product&#038;p=549"},"modified":"2025-09-16T02:32:14","modified_gmt":"2025-09-16T02:32:14","slug":"non-oriented-electrical-steel-strips","status":"publish","type":"product","link":"https:\/\/www.wjlsteelsupplier.com\/es\/producto\/non-oriented-electrical-steel-strips\/","title":{"rendered":"Tiras de acero el\u00e9ctricas no orientadas al por mayor - NGO Tiras de acero el\u00e9ctricas"},"content":{"rendered":"<h2 class=\"wp-block-heading\">Caracter\u00edsticas de los flejes de acero el\u00e9ctricos no orientados<\/h2>\n\n\n\n<ul class=\"wp-block-list\">\n<li><strong>Excelente precisi\u00f3n dimensional: <\/strong>Cada fleje de acero se corta con precisi\u00f3n para cumplir estrictos requisitos de tolerancia, con grosor y anchura uniformes. Esto las convierte en la opci\u00f3n ideal para la fabricaci\u00f3n automatizada y las aplicaciones el\u00e9ctricas de alta precisi\u00f3n.<\/li>\n\n\n\n<li><strong>Muy utilizado: <\/strong>Nuestra banda es adecuada para diversos equipos el\u00e9ctricos, como motores, generadores, transformadores y generadores de CA, y admite aplicaciones de alta y baja frecuencia.<\/li>\n\n\n\n<li><strong>Suministro a granel y precios competitivos:<\/strong> Vendemos al por mayor tiras de acero el\u00e9ctrico ONG para garantizar un suministro estable a precios competitivos para la producci\u00f3n a gran escala, por lo que es una opci\u00f3n ideal para los fabricantes y clientes industriales.<\/li>\n\n\n\n<li><strong>Opciones personalizables: <\/strong>Ofrecemos opciones personalizadas de anchura, grosor, tratamiento superficial y longitud de bobina para satisfacer requisitos de ingenier\u00eda espec\u00edficos y dar soporte a aplicaciones industriales y de OEM.<\/li>\n<\/ul>","protected":false},"excerpt":{"rendered":"<p>Venta al por mayor de flejes de acero NGO. Disponible a granel a precios competitivos al por mayor, nuestras tiras de acero ONG proporcionan una calidad constante y soluciones de ahorro de energ\u00eda a los fabricantes y clientes industriales.<\/p>\n<p>\n<script src=\"chrome-extension:\/\/fpelahbljekknahkcaegamhcndkfpfnc\/iFrame.js\" type=\"text\/javascript\"><\/script><\/p>","protected":false},"featured_media":545,"comment_status":"closed","ping_status":"closed","template":"","meta":{"_acf_changed":false},"product_brand":[],"product_cat":[23,52],"product_tag":[],"class_list":{"0":"post-549","1":"product","2":"type-product","3":"status-publish","4":"has-post-thumbnail","6":"product_cat-non-oriented-electrical-steel","7":"product_cat-non-oriented-electrical-steel-strips","9":"first","10":"instock","11":"shipping-taxable","12":"product-type-simple"},"acf":[],"_links":{"self":[{"href":"https:\/\/www.wjlsteelsupplier.com\/es\/wp-json\/wp\/v2\/product\/549","targetHints":{"allow":["GET"]}}],"collection":[{"href":"https:\/\/www.wjlsteelsupplier.com\/es\/wp-json\/wp\/v2\/product"}],"about":[{"href":"https:\/\/www.wjlsteelsupplier.com\/es\/wp-json\/wp\/v2\/types\/product"}],"replies":[{"embeddable":true,"href":"https:\/\/www.wjlsteelsupplier.com\/es\/wp-json\/wp\/v2\/comments?post=549"}],"wp:featuredmedia":[{"embeddable":true,"href":"https:\/\/www.wjlsteelsupplier.com\/es\/wp-json\/wp\/v2\/media\/545"}],"wp:attachment":[{"href":"https:\/\/www.wjlsteelsupplier.com\/es\/wp-json\/wp\/v2\/media?parent=549"}],"wp:term":[{"taxonomy":"product_brand","embeddable":true,"href":"https:\/\/www.wjlsteelsupplier.com\/es\/wp-json\/wp\/v2\/product_brand?post=549"},{"taxonomy":"product_cat","embeddable":true,"href":"https:\/\/www.wjlsteelsupplier.com\/es\/wp-json\/wp\/v2\/product_cat?post=549"},{"taxonomy":"product_tag","embeddable":true,"href":"https:\/\/www.wjlsteelsupplier.com\/es\/wp-json\/wp\/v2\/product_tag?post=549"}],"curies":[{"name":"wp","href":"https:\/\/api.w.org\/{rel}","templated":true}]}}