{"id":548,"date":"2025-09-16T02:18:53","date_gmt":"2025-09-16T02:18:53","guid":{"rendered":"https:\/\/www.wjlsteelsupplier.com\/?post_type=product&#038;p=548"},"modified":"2025-09-16T02:50:42","modified_gmt":"2025-09-16T02:50:42","slug":"non-oriented-electrical-steel-plates","status":"publish","type":"product","link":"https:\/\/www.wjlsteelsupplier.com\/es\/producto\/non-oriented-electrical-steel-plates\/","title":{"rendered":"Placas de acero el\u00e9ctricas no orientadas al por mayor - Placas de acero el\u00e9ctricas NGO"},"content":{"rendered":"<h2 class=\"wp-block-heading\">Caracter\u00edsticas de las chapas de acero el\u00e9ctrico no orientadas<\/h2>\n\n\n\n<ul class=\"wp-block-list\">\n<li><strong>Espesor uniforme y tama\u00f1o preciso:<\/strong> Cada lote de planchas se somete a una estricta inspecci\u00f3n para garantizar un grosor uniforme y un tama\u00f1o preciso. Unas planchas uniformes y precisas pueden minimizar los errores de montaje y mejorar al m\u00e1ximo la eficiencia de la producci\u00f3n.<\/li>\n\n\n\n<li><strong>Amplia gama de aplicaciones industriales: <\/strong>Adecuadas para diversos motores, generadores, transformadores, electrodom\u00e9sticos y otros dispositivos electr\u00f3nicos, estas placas cumplen los requisitos de rendimiento de diferentes industrias.<\/li>\n\n\n\n<li><strong>Personalizaci\u00f3n por lotes, especificaciones flexibles:<\/strong> Ofrecemos opciones personalizadas de grosor, anchura, longitud y tratamiento superficial seg\u00fan las necesidades del cliente.<\/li>\n\n\n\n<li><strong>Gesti\u00f3n y certificaci\u00f3n estrictas de la calidad: <\/strong>Cada lote de productos se somete a rigurosas pruebas para cumplir las normas internacionales y los est\u00e1ndares del sector, lo que garantiza su estabilidad y fiabilidad a largo plazo.<\/li>\n\n\n\n<li><strong>Suministro continuo y ventaja de costes: <\/strong>Disponemos de una l\u00ednea de producci\u00f3n completa y un sistema de gesti\u00f3n de inventarios para garantizar un suministro estable a largo plazo. Los precios al por mayor proporcionan una alta rentabilidad, lo que ayuda a los clientes industriales a obtener ventajas en la adquisici\u00f3n y la fabricaci\u00f3n.<\/li>\n<\/ul>","protected":false},"excerpt":{"rendered":"<p>Placas de acero el\u00e9ctrico no orientado de f\u00e1brica en China al por mayor. Estas placas ofrecen espesor uniforme, durabilidad y calidad confiable, haci\u00e9ndolos ideales para motores, transformadores y aplicaciones el\u00e9ctricas industriales. Ofrecemos tama\u00f1os personalizados y tratamientos superficiales, as\u00ed que por favor p\u00f3ngase en contacto con nosotros.<\/p>\n<p>\n<script src=\"chrome-extension:\/\/fpelahbljekknahkcaegamhcndkfpfnc\/iFrame.js\" type=\"text\/javascript\"><\/script><\/p>","protected":false},"featured_media":551,"comment_status":"closed","ping_status":"closed","template":"","meta":{"_acf_changed":false},"product_brand":[],"product_cat":[23,51],"product_tag":[],"class_list":{"0":"post-548","1":"product","2":"type-product","3":"status-publish","4":"has-post-thumbnail","6":"product_cat-non-oriented-electrical-steel","7":"product_cat-non-oriented-electrical-steel-plates","9":"first","10":"instock","11":"shipping-taxable","12":"product-type-simple"},"acf":[],"_links":{"self":[{"href":"https:\/\/www.wjlsteelsupplier.com\/es\/wp-json\/wp\/v2\/product\/548","targetHints":{"allow":["GET"]}}],"collection":[{"href":"https:\/\/www.wjlsteelsupplier.com\/es\/wp-json\/wp\/v2\/product"}],"about":[{"href":"https:\/\/www.wjlsteelsupplier.com\/es\/wp-json\/wp\/v2\/types\/product"}],"replies":[{"embeddable":true,"href":"https:\/\/www.wjlsteelsupplier.com\/es\/wp-json\/wp\/v2\/comments?post=548"}],"wp:featuredmedia":[{"embeddable":true,"href":"https:\/\/www.wjlsteelsupplier.com\/es\/wp-json\/wp\/v2\/media\/551"}],"wp:attachment":[{"href":"https:\/\/www.wjlsteelsupplier.com\/es\/wp-json\/wp\/v2\/media?parent=548"}],"wp:term":[{"taxonomy":"product_brand","embeddable":true,"href":"https:\/\/www.wjlsteelsupplier.com\/es\/wp-json\/wp\/v2\/product_brand?post=548"},{"taxonomy":"product_cat","embeddable":true,"href":"https:\/\/www.wjlsteelsupplier.com\/es\/wp-json\/wp\/v2\/product_cat?post=548"},{"taxonomy":"product_tag","embeddable":true,"href":"https:\/\/www.wjlsteelsupplier.com\/es\/wp-json\/wp\/v2\/product_tag?post=548"}],"curies":[{"name":"wp","href":"https:\/\/api.w.org\/{rel}","templated":true}]}}