{"id":546,"date":"2025-09-16T02:15:39","date_gmt":"2025-09-16T02:15:39","guid":{"rendered":"https:\/\/www.wjlsteelsupplier.com\/?post_type=product&#038;p=546"},"modified":"2025-09-16T02:18:27","modified_gmt":"2025-09-16T02:18:27","slug":"non-oriented-electrical-steel-coils","status":"publish","type":"product","link":"https:\/\/www.wjlsteelsupplier.com\/es\/producto\/non-oriented-electrical-steel-coils\/","title":{"rendered":"Bobinas de acero el\u00e9ctricas no orientadas al por mayor - NGO Bobinas de acero el\u00e9ctricas"},"content":{"rendered":"<h2 class=\"wp-block-heading\">Caracter\u00edsticas de las bobinas de acero el\u00e9ctrico no orientado<\/h2>\n\n\n\n<ul class=\"wp-block-list\">\n<li><strong>Magnetismo uniforme en todas las direcciones: <\/strong>El acero el\u00e9ctrico NGO est\u00e1 especialmente dise\u00f1ado para mantener unas propiedades magn\u00e9ticas uniformes independientemente de la orientaci\u00f3n del material. Esta uniformidad garantiza un rendimiento magn\u00e9tico estable de la maquinaria rotativa, los motores el\u00e9ctricos y los generadores.<\/li>\n\n\n\n<li><strong>Gran resistencia mec\u00e1nica y durabilidad: <\/strong>Estas bobinas est\u00e1n fabricadas con acero al silicio de alta calidad, que tiene una excelente resistencia a la tracci\u00f3n y estabilidad mec\u00e1nica. Esto las hace muy resistentes a la deformaci\u00f3n durante las operaciones de estampado, corte y bobinado.<\/li>\n\n\n\n<li><strong>Adecuado para diversas aplicaciones el\u00e9ctricas: <\/strong>El acero el\u00e9ctrico NGO se utiliza ampliamente en diversos productos, como motores de automoci\u00f3n e industriales, generadores de corriente alterna, compresores, peque\u00f1os transformadores y electrodom\u00e9sticos.<\/li>\n\n\n\n<li><strong>Suministro a granel econ\u00f3micamente eficiente: <\/strong>Como proveedor profesional de acero, ofrecemos precios muy competitivos y una calidad estable para ayudar a los fabricantes a mantener la rentabilidad al tiempo que alcanzan sus objetivos de producci\u00f3n.<\/li>\n<\/ul>","protected":false},"excerpt":{"rendered":"<p>Nuestras bobinas de acero el\u00e9ctrico no orientado est\u00e1n disponibles a granel a precios competitivos y cumplen normas internacionales como ASTM, IEC y JIS. Bienvenido a la compra a granel.<\/p>\n<p>\n<script src=\"chrome-extension:\/\/fpelahbljekknahkcaegamhcndkfpfnc\/iFrame.js\" type=\"text\/javascript\"><\/script><\/p>","protected":false},"featured_media":543,"comment_status":"closed","ping_status":"closed","template":"","meta":{"_acf_changed":false},"product_brand":[],"product_cat":[23,49],"product_tag":[],"class_list":{"0":"post-546","1":"product","2":"type-product","3":"status-publish","4":"has-post-thumbnail","6":"product_cat-non-oriented-electrical-steel","7":"product_cat-non-oriented-electrical-steel-coils","9":"first","10":"instock","11":"shipping-taxable","12":"product-type-simple"},"acf":[],"_links":{"self":[{"href":"https:\/\/www.wjlsteelsupplier.com\/es\/wp-json\/wp\/v2\/product\/546","targetHints":{"allow":["GET"]}}],"collection":[{"href":"https:\/\/www.wjlsteelsupplier.com\/es\/wp-json\/wp\/v2\/product"}],"about":[{"href":"https:\/\/www.wjlsteelsupplier.com\/es\/wp-json\/wp\/v2\/types\/product"}],"replies":[{"embeddable":true,"href":"https:\/\/www.wjlsteelsupplier.com\/es\/wp-json\/wp\/v2\/comments?post=546"}],"wp:featuredmedia":[{"embeddable":true,"href":"https:\/\/www.wjlsteelsupplier.com\/es\/wp-json\/wp\/v2\/media\/543"}],"wp:attachment":[{"href":"https:\/\/www.wjlsteelsupplier.com\/es\/wp-json\/wp\/v2\/media?parent=546"}],"wp:term":[{"taxonomy":"product_brand","embeddable":true,"href":"https:\/\/www.wjlsteelsupplier.com\/es\/wp-json\/wp\/v2\/product_brand?post=546"},{"taxonomy":"product_cat","embeddable":true,"href":"https:\/\/www.wjlsteelsupplier.com\/es\/wp-json\/wp\/v2\/product_cat?post=546"},{"taxonomy":"product_tag","embeddable":true,"href":"https:\/\/www.wjlsteelsupplier.com\/es\/wp-json\/wp\/v2\/product_tag?post=546"}],"curies":[{"name":"wp","href":"https:\/\/api.w.org\/{rel}","templated":true}]}}