{"id":538,"date":"2025-09-15T11:35:59","date_gmt":"2025-09-15T11:35:59","guid":{"rendered":"https:\/\/www.wjlsteelsupplier.com\/?post_type=product&#038;p=538"},"modified":"2025-09-20T02:14:07","modified_gmt":"2025-09-20T02:14:07","slug":"galvalume-steel-plates-2","status":"publish","type":"product","link":"https:\/\/www.wjlsteelsupplier.com\/es\/producto\/galvalume-steel-plates-2\/","title":{"rendered":"Placas de acero Galvalume al por mayor - Suministro a granel para construcci\u00f3n, aplicaciones industriales"},"content":{"rendered":"<h2 class=\"wp-block-heading\">Caracter\u00edsticas de las chapas de acero Galvalume<\/h2>\n\n\n\n<ul class=\"wp-block-list\">\n<li><strong>Excelente resistencia a la corrosi\u00f3n:<\/strong> Las chapas de acero Galvalume est\u00e1n recubiertas con una aleaci\u00f3n de aluminio y zinc de alta calidad que forma una capa protectora duradera en la superficie, evitando eficazmente la oxidaci\u00f3n y los da\u00f1os causados por la humedad o las inclemencias del tiempo.<\/li>\n\n\n\n<li><strong>Maquinabilidad: <\/strong>Estas chapas de acero tienen una amplia gama de aplicaciones, como corte, doblado, estampado o soldadura, y son adecuadas para diversas aplicaciones, como tejados, paneles de pared, equipos mec\u00e1nicos, etc.<\/li>\n\n\n\n<li><strong>Rentable y duradero: <\/strong>Las chapas de acero Galvalume combinan econom\u00eda y durabilidad, lo que las convierte en una opci\u00f3n pr\u00e1ctica para grandes proyectos industriales o de construcci\u00f3n.<\/li>\n\n\n\n<li><strong>Suministro por lotes para proyectos a gran escala: <\/strong>Como f\u00e1brica profesional de acero, podemos suministrar lotes de chapas de acero Galvalume para proyectos a gran escala y garantizar que los compradores reciban una calidad constante y precios competitivos.<\/li>\n<\/ul>","protected":false},"excerpt":{"rendered":"<p>Las chapas de acero Galvalume al por mayor tienen una excelente resistencia a la corrosi\u00f3n y al calor, lo que las convierte en una opci\u00f3n fiable para proyectos industriales y de construcci\u00f3n de gran demanda. Ofrecemos una gran variedad de especificaciones y espesores, y admitimos m\u00e9todos de procesamiento como el corte, el doblado, el estampado o la soldadura para satisfacer los diferentes requisitos de los proyectos. P\u00f3ngase en contacto con nosotros.<\/p>\n<p><script src=\"chrome-extension:\/\/fpelahbljekknahkcaegamhcndkfpfnc\/iFrame.js\" type=\"text\/javascript\"><\/script><\/p>","protected":false},"featured_media":536,"comment_status":"closed","ping_status":"closed","template":"","meta":{"_acf_changed":false},"product_brand":[],"product_cat":[22,55],"product_tag":[],"class_list":{"0":"post-538","1":"product","2":"type-product","3":"status-publish","4":"has-post-thumbnail","6":"product_cat-galvalume-steel","7":"product_cat-galvalume-steel-plates","9":"first","10":"instock","11":"shipping-taxable","12":"product-type-simple"},"acf":[],"_links":{"self":[{"href":"https:\/\/www.wjlsteelsupplier.com\/es\/wp-json\/wp\/v2\/product\/538","targetHints":{"allow":["GET"]}}],"collection":[{"href":"https:\/\/www.wjlsteelsupplier.com\/es\/wp-json\/wp\/v2\/product"}],"about":[{"href":"https:\/\/www.wjlsteelsupplier.com\/es\/wp-json\/wp\/v2\/types\/product"}],"replies":[{"embeddable":true,"href":"https:\/\/www.wjlsteelsupplier.com\/es\/wp-json\/wp\/v2\/comments?post=538"}],"wp:featuredmedia":[{"embeddable":true,"href":"https:\/\/www.wjlsteelsupplier.com\/es\/wp-json\/wp\/v2\/media\/536"}],"wp:attachment":[{"href":"https:\/\/www.wjlsteelsupplier.com\/es\/wp-json\/wp\/v2\/media?parent=538"}],"wp:term":[{"taxonomy":"product_brand","embeddable":true,"href":"https:\/\/www.wjlsteelsupplier.com\/es\/wp-json\/wp\/v2\/product_brand?post=538"},{"taxonomy":"product_cat","embeddable":true,"href":"https:\/\/www.wjlsteelsupplier.com\/es\/wp-json\/wp\/v2\/product_cat?post=538"},{"taxonomy":"product_tag","embeddable":true,"href":"https:\/\/www.wjlsteelsupplier.com\/es\/wp-json\/wp\/v2\/product_tag?post=538"}],"curies":[{"name":"wp","href":"https:\/\/api.w.org\/{rel}","templated":true}]}}