{"id":533,"date":"2025-09-15T10:46:58","date_gmt":"2025-09-15T10:46:58","guid":{"rendered":"https:\/\/www.wjlsteelsupplier.com\/?post_type=product&#038;p=533"},"modified":"2025-09-20T02:00:48","modified_gmt":"2025-09-20T02:00:48","slug":"galvalume-steel-sheets","status":"publish","type":"product","link":"https:\/\/www.wjlsteelsupplier.com\/es\/producto\/galvalume-steel-sheets\/","title":{"rendered":"Chapas de acero Galvalume al por mayor - Suministro a granel para aplicaciones de construcci\u00f3n, fabricaci\u00f3n y arquitectura"},"content":{"rendered":"<h2 class=\"wp-block-heading\">Caracter\u00edsticas de las chapas de acero Galvalume<\/h2>\n\n\n\n<ul class=\"wp-block-list\">\n<li><strong>Excelente durabilidad y resistencia:<\/strong> Las chapas de acero Galvalume mantienen una excelente integridad estructural incluso bajo presi\u00f3n, cargas pesadas y condiciones ambientales extremas. Su durabilidad la convierte en la opci\u00f3n ideal para cubiertas, revestimientos y proyectos de construcci\u00f3n industrial.<\/li>\n\n\n\n<li><strong>Excelente reflectividad al calor y a los rayos UV:<\/strong> Chapas de acero Galvalume La superficie reflectante del edificio puede minimizar la absorci\u00f3n de calor, mejorar la eficiencia energ\u00e9tica y reducir los costes de refrigeraci\u00f3n.<\/li>\n\n\n\n<li><strong>Econ\u00f3micamente eficiente: <\/strong>Debido a su larga vida \u00fatil y a sus bajos requisitos de mantenimiento, las chapas de acero Galvalume constituyen una opci\u00f3n econ\u00f3mica para las necesidades de construcci\u00f3n y fabricaci\u00f3n a gran escala.<\/li>\n\n\n\n<li><strong>Diversas aplicaciones y personalizaci\u00f3n: <\/strong>Estos tableros pueden personalizarse seg\u00fan diferentes tama\u00f1os, grosores y superficies para satisfacer los requisitos de los distintos proyectos.<\/li>\n<\/ul>","protected":false},"excerpt":{"rendered":"<p>Las chapas de acero Galvalume son aceros revestidos de alta calidad y resistentes a la corrosi\u00f3n, dise\u00f1ados para ofrecer un excelente rendimiento en los campos de cubiertas, revestimientos, paneles murales y fabricaci\u00f3n industrial. Nuestras chapas de acero Galvalume al por mayor ofrecen opciones de personalizaci\u00f3n, incluyendo tama\u00f1os, espesores y tratamientos superficiales a medida para satisfacer las necesidades espec\u00edficas de su proyecto. Invitamos a empresas de construcci\u00f3n, fabricantes y transformadores del metal a ponerse en contacto con nosotros.<\/p>\n<p><script src=\"chrome-extension:\/\/fpelahbljekknahkcaegamhcndkfpfnc\/iFrame.js\" type=\"text\/javascript\"><\/script><\/p>","protected":false},"featured_media":534,"comment_status":"closed","ping_status":"closed","template":"","meta":{"_acf_changed":false},"product_brand":[],"product_cat":[22,54],"product_tag":[],"class_list":{"0":"post-533","1":"product","2":"type-product","3":"status-publish","4":"has-post-thumbnail","6":"product_cat-galvalume-steel","7":"product_cat-galvalume-steel-sheets","9":"first","10":"instock","11":"shipping-taxable","12":"product-type-simple"},"acf":[],"_links":{"self":[{"href":"https:\/\/www.wjlsteelsupplier.com\/es\/wp-json\/wp\/v2\/product\/533","targetHints":{"allow":["GET"]}}],"collection":[{"href":"https:\/\/www.wjlsteelsupplier.com\/es\/wp-json\/wp\/v2\/product"}],"about":[{"href":"https:\/\/www.wjlsteelsupplier.com\/es\/wp-json\/wp\/v2\/types\/product"}],"replies":[{"embeddable":true,"href":"https:\/\/www.wjlsteelsupplier.com\/es\/wp-json\/wp\/v2\/comments?post=533"}],"wp:featuredmedia":[{"embeddable":true,"href":"https:\/\/www.wjlsteelsupplier.com\/es\/wp-json\/wp\/v2\/media\/534"}],"wp:attachment":[{"href":"https:\/\/www.wjlsteelsupplier.com\/es\/wp-json\/wp\/v2\/media?parent=533"}],"wp:term":[{"taxonomy":"product_brand","embeddable":true,"href":"https:\/\/www.wjlsteelsupplier.com\/es\/wp-json\/wp\/v2\/product_brand?post=533"},{"taxonomy":"product_cat","embeddable":true,"href":"https:\/\/www.wjlsteelsupplier.com\/es\/wp-json\/wp\/v2\/product_cat?post=533"},{"taxonomy":"product_tag","embeddable":true,"href":"https:\/\/www.wjlsteelsupplier.com\/es\/wp-json\/wp\/v2\/product_tag?post=533"}],"curies":[{"name":"wp","href":"https:\/\/api.w.org\/{rel}","templated":true}]}}