{"id":531,"date":"2025-09-15T10:35:27","date_gmt":"2025-09-15T10:35:27","guid":{"rendered":"https:\/\/www.wjlsteelsupplier.com\/?post_type=product&#038;p=531"},"modified":"2025-09-16T02:17:17","modified_gmt":"2025-09-16T02:17:17","slug":"non-oriented-electrical-steel-sheets","status":"publish","type":"product","link":"https:\/\/www.wjlsteelsupplier.com\/es\/producto\/non-oriented-electrical-steel-sheets\/","title":{"rendered":"Chapas de acero el\u00e9ctricas no orientadas al por mayor - NGO Chapas de acero el\u00e9ctricas"},"content":{"rendered":"<h2 class=\"wp-block-heading\">Caracter\u00edsticas de las chapas de acero el\u00e9ctrico no orientado<\/h2>\n\n\n\n<ul class=\"wp-block-list\">\n<li><strong>Alta resistencia mec\u00e1nica e integridad estructural:<\/strong> Las chapas de acero NGO Electrical se fabrican mediante procesos avanzados de laminaci\u00f3n y recocido, con una excelente resistencia a la tracci\u00f3n y tenacidad. Pueden soportar tensiones mec\u00e1nicas durante el montaje y el funcionamiento de motores de alta velocidad sin sufrir deformaciones ni degradaci\u00f3n de las prestaciones.<\/li>\n\n\n\n<li><strong>Amplia aplicaci\u00f3n: <\/strong>Las chapas de acero el\u00e9ctrico NGO se utilizan ampliamente en la fabricaci\u00f3n de motores el\u00e9ctricos, transformadores, generadores, electrodom\u00e9sticos, veh\u00edculos el\u00e9ctricos, sistemas de energ\u00edas renovables y equipos de automatizaci\u00f3n industrial.<\/li>\n\n\n\n<li><strong>Precios al por mayor muy competitivos:<\/strong> Como proveedor profesional de acero de China, nos aseguramos de que nuestros clientes disfruten de los precios al por mayor m\u00e1s competitivos.<\/li>\n\n\n\n<li><strong>Estricto control de calidad: <\/strong>Cada lote de chapas de acero para ONG se somete a rigurosas inspecciones, pruebas y controles de calidad para garantizar que nuestros productos cumplen normas internacionales como ISO, ASTM e IEC.<\/li>\n\n\n\n<li><strong>Servicios t\u00e9cnicos:<\/strong> Ofrecemos soluciones a medida para clientes que necesitan espesores, anchuras o chapas precortadas precisos para sus l\u00edneas de producci\u00f3n.<\/li>\n<\/ul>","protected":false},"excerpt":{"rendered":"<p>Nuestras chapas de acero el\u00e9ctrico no orientado al por mayor est\u00e1n fabricadas con acero al silicio de alta calidad, que ofrece propiedades magn\u00e9ticas constantes en todas las direcciones. Estas chapas tienen una superficie lisa y tolerancias de espesor precisas, por lo que son ideales para la producci\u00f3n automatizada y la producci\u00f3n de gran volumen. Los fabricantes pueden ponerse en contacto con nosotros para realizar compras al por mayor.<\/p>","protected":false},"featured_media":545,"comment_status":"closed","ping_status":"closed","template":"","meta":{"_acf_changed":false},"product_brand":[],"product_cat":[23,50],"product_tag":[],"class_list":{"0":"post-531","1":"product","2":"type-product","3":"status-publish","4":"has-post-thumbnail","6":"product_cat-non-oriented-electrical-steel","7":"product_cat-non-oriented-electrical-steel-sheets","9":"first","10":"instock","11":"shipping-taxable","12":"product-type-simple"},"acf":[],"_links":{"self":[{"href":"https:\/\/www.wjlsteelsupplier.com\/es\/wp-json\/wp\/v2\/product\/531","targetHints":{"allow":["GET"]}}],"collection":[{"href":"https:\/\/www.wjlsteelsupplier.com\/es\/wp-json\/wp\/v2\/product"}],"about":[{"href":"https:\/\/www.wjlsteelsupplier.com\/es\/wp-json\/wp\/v2\/types\/product"}],"replies":[{"embeddable":true,"href":"https:\/\/www.wjlsteelsupplier.com\/es\/wp-json\/wp\/v2\/comments?post=531"}],"wp:featuredmedia":[{"embeddable":true,"href":"https:\/\/www.wjlsteelsupplier.com\/es\/wp-json\/wp\/v2\/media\/545"}],"wp:attachment":[{"href":"https:\/\/www.wjlsteelsupplier.com\/es\/wp-json\/wp\/v2\/media?parent=531"}],"wp:term":[{"taxonomy":"product_brand","embeddable":true,"href":"https:\/\/www.wjlsteelsupplier.com\/es\/wp-json\/wp\/v2\/product_brand?post=531"},{"taxonomy":"product_cat","embeddable":true,"href":"https:\/\/www.wjlsteelsupplier.com\/es\/wp-json\/wp\/v2\/product_cat?post=531"},{"taxonomy":"product_tag","embeddable":true,"href":"https:\/\/www.wjlsteelsupplier.com\/es\/wp-json\/wp\/v2\/product_tag?post=531"}],"curies":[{"name":"wp","href":"https:\/\/api.w.org\/{rel}","templated":true}]}}