{"id":529,"date":"2025-09-14T23:53:14","date_gmt":"2025-09-14T23:53:14","guid":{"rendered":"https:\/\/www.wjlsteelsupplier.com\/?post_type=product&#038;p=529"},"modified":"2025-09-15T10:46:05","modified_gmt":"2025-09-15T10:46:05","slug":"galvalume-steel-coils","status":"publish","type":"product","link":"https:\/\/www.wjlsteelsupplier.com\/es\/producto\/galvalume-steel-coils\/","title":{"rendered":"Bobinas de acero Galvalume al por mayor, suministro a granel de alta calidad de un fabricante de confianza"},"content":{"rendered":"<h2 class=\"wp-block-heading\">Caracter\u00edsticas de las bobinas de acero Galvalume<\/h2>\n\n\n\n<ul class=\"wp-block-list\">\n<li><strong>Excelente resistencia a la corrosi\u00f3n: <\/strong>La superficie de las bobinas de acero Galvalume est\u00e1 recubierta con una aleaci\u00f3n de aluminio 55%, zinc 43,4% y silicio 1,6%, formando una excelente barrera contra la herrumbre y la oxidaci\u00f3n; Es de dos a cuatro veces m\u00e1s alto que el acero galvanizado est\u00e1ndar, por lo que es una opci\u00f3n ideal para techos al aire libre, paneles de pared y aplicaciones industriales.<\/li>\n\n\n\n<li><strong>Excelente resistencia al calor y a la intemperie: <\/strong>El contenido de aluminio aumenta la resistencia de las bobinas de acero Galvalume a las altas temperaturas y a la radiaci\u00f3n ultravioleta, lo que las hace adecuadas para su uso en entornos tropicales, costeros o \u00e1ridos.<\/li>\n\n\n\n<li><strong>Mejorar la durabilidad y la resistencia mec\u00e1nica:<\/strong> El revestimiento de cinc y aluminio no s\u00f3lo protege el acero de base, sino que tambi\u00e9n mejora su resistencia a la tracci\u00f3n y al impacto; puede soportar procesos de doblado, conformado y estampado sin agrietarse ni descascararse, por lo que es ideal para su uso en paneles de construcci\u00f3n, piezas de automoci\u00f3n y electrodom\u00e9sticos.<\/li>\n\n\n\n<li><strong>Suministro fiable y opciones de personalizaci\u00f3n:<\/strong> Como proveedor mayorista de confianza de bobinas de acero Galvalume, ofrecemos un control de calidad constante, anchuras y espesores de bobina flexibles y tratamientos superficiales personalizados para satisfacer sus especificaciones exactas.<\/li>\n<\/ul>","protected":false},"excerpt":{"rendered":"<p>Las bobinas de acero Galvalume tienen una excelente resistencia, conformabilidad y resistencia a la intemperie, lo que garantiza un funcionamiento fiable incluso en entornos extremos como regiones costeras, tropicales o \u00e1ridas. Son la elecci\u00f3n ideal para tejados, paneles de pared, electrodom\u00e9sticos y edificios agr\u00edcolas. Invitamos a fabricantes y comerciantes de todo el mundo a ponerse en contacto con nosotros.<\/p>\n<p>\n<script src=\"chrome-extension:\/\/fpelahbljekknahkcaegamhcndkfpfnc\/iFrame.js\" type=\"text\/javascript\"><\/script><\/p>","protected":false},"featured_media":532,"comment_status":"closed","ping_status":"closed","template":"","meta":{"_acf_changed":false},"product_brand":[],"product_cat":[22,53],"product_tag":[],"class_list":{"0":"post-529","1":"product","2":"type-product","3":"status-publish","4":"has-post-thumbnail","6":"product_cat-galvalume-steel","7":"product_cat-galvalume-steel-coils","9":"first","10":"instock","11":"shipping-taxable","12":"product-type-simple"},"acf":[],"_links":{"self":[{"href":"https:\/\/www.wjlsteelsupplier.com\/es\/wp-json\/wp\/v2\/product\/529","targetHints":{"allow":["GET"]}}],"collection":[{"href":"https:\/\/www.wjlsteelsupplier.com\/es\/wp-json\/wp\/v2\/product"}],"about":[{"href":"https:\/\/www.wjlsteelsupplier.com\/es\/wp-json\/wp\/v2\/types\/product"}],"replies":[{"embeddable":true,"href":"https:\/\/www.wjlsteelsupplier.com\/es\/wp-json\/wp\/v2\/comments?post=529"}],"wp:featuredmedia":[{"embeddable":true,"href":"https:\/\/www.wjlsteelsupplier.com\/es\/wp-json\/wp\/v2\/media\/532"}],"wp:attachment":[{"href":"https:\/\/www.wjlsteelsupplier.com\/es\/wp-json\/wp\/v2\/media?parent=529"}],"wp:term":[{"taxonomy":"product_brand","embeddable":true,"href":"https:\/\/www.wjlsteelsupplier.com\/es\/wp-json\/wp\/v2\/product_brand?post=529"},{"taxonomy":"product_cat","embeddable":true,"href":"https:\/\/www.wjlsteelsupplier.com\/es\/wp-json\/wp\/v2\/product_cat?post=529"},{"taxonomy":"product_tag","embeddable":true,"href":"https:\/\/www.wjlsteelsupplier.com\/es\/wp-json\/wp\/v2\/product_tag?post=529"}],"curies":[{"name":"wp","href":"https:\/\/api.w.org\/{rel}","templated":true}]}}