{"id":527,"date":"2025-09-14T23:32:08","date_gmt":"2025-09-14T23:32:08","guid":{"rendered":"https:\/\/www.wjlsteelsupplier.com\/?post_type=product&#038;p=527"},"modified":"2025-09-14T23:48:12","modified_gmt":"2025-09-14T23:48:12","slug":"stainless-steel-strips","status":"publish","type":"product","link":"https:\/\/www.wjlsteelsupplier.com\/es\/producto\/stainless-steel-strips\/","title":{"rendered":"tiras de acero inoxidable al por mayor, proveedor de tiras de acero de corte de precisi\u00f3n a granel - 210,304,316 Grade"},"content":{"rendered":"<h2 class=\"wp-block-heading\">Caracter\u00edsticas de las tiras de acero inoxidable<\/h2>\n\n\n\n<p><strong>Resistencia superior a la corrosi\u00f3n: <\/strong>La superficie de los flejes de acero inoxidable puede formar una capa de \u00f3xido pasiva autorregenerativa. Incluso en entornos h\u00famedos o d\u00e9bilmente \u00e1cidos, esta capa de \u00f3xido puede servir de fuerte barrera.<br><br><strong>Corte de precisi\u00f3n para mayor consistencia:<\/strong> Como proveedor profesional de acero inoxidable, garantizamos un grosor y una anchura uniformes en todo el lote de productos. Esta precisi\u00f3n garantiza que los fabricantes puedan integrar sin problemas los flejes en procesos de fabricaci\u00f3n automatizados.<br><strong><br>Excelente acabado superficial<\/strong>: Las superficies exquisitas no s\u00f3lo mejoran la est\u00e9tica, sino que tambi\u00e9n reducen la fricci\u00f3n durante los procesos de moldeo, estampado o soldadura. Por ello, son muy adecuadas para componentes visibles como interiores de autom\u00f3viles, electrodom\u00e9sticos, decoraci\u00f3n de edificios, menaje de cocina y herrajes decorativos.<\/p>\n\n\n\n<p><strong>Amplia selecci\u00f3n de grados<\/strong>: <\/p>\n\n\n\n<ul class=\"wp-block-list\">\n<li>El acero inoxidable de grado 210 es una opci\u00f3n econ\u00f3mica y fiable para aplicaciones de interior o entornos con baja corrosividad, que combina econom\u00eda y resistencia.<\/li>\n\n\n\n<li>El acero inoxidable de grado 304 se considera el est\u00e1ndar del sector, con una excelente resistencia a la corrosi\u00f3n, conformabilidad y rentabilidad.<\/li>\n\n\n\n<li>El acero inoxidable de grado 316 con molibdeno a\u00f1adido proporciona el m\u00e1ximo nivel de protecci\u00f3n contra la corrosi\u00f3n y es la opci\u00f3n preferida para aplicaciones marinas, qu\u00edmicas y al aire libre que se espera que entren en contacto con agua de mar o productos qu\u00edmicos irritantes.<\/li>\n<\/ul>\n\n\n\n<p><strong>Precios ventajosos: <\/strong>Como proveedor de acero inoxidable a granel, ofrecemos precios muy competitivos. Con un inventario fiable y cantidades de pedido flexibles, podemos satisfacer las necesidades de peque\u00f1as empresas, medianos fabricantes y grandes empresas.<\/p>","protected":false},"excerpt":{"rendered":"<p data-pm-slice=\"0 0 []\">Los flejes de acero inoxidable al por mayor se fabrican con tecnolog\u00eda de corte de alta precisi\u00f3n para garantizar un grosor uniforme, bordes lisos y un rendimiento fiable. Ofrecemos tres grados: 210, 304 y 316, adecuados para diversas aplicaciones. Somos proveedores de fleje de acero inoxidable de China y ofrecemos precios directos de f\u00e1brica, cantidades de pedido flexibles y opciones de personalizaci\u00f3n. P\u00f3ngase en contacto con nosotros.<\/p>\n<p>\n<script src=\"chrome-extension:\/\/fpelahbljekknahkcaegamhcndkfpfnc\/iFrame.js\" type=\"text\/javascript\"><\/script><\/p>","protected":false},"featured_media":528,"comment_status":"closed","ping_status":"closed","template":"","meta":{"_acf_changed":false},"product_brand":[],"product_cat":[25,42],"product_tag":[],"class_list":{"0":"post-527","1":"product","2":"type-product","3":"status-publish","4":"has-post-thumbnail","6":"product_cat-stainless-steel","7":"product_cat-stainless-steel-strips","9":"first","10":"instock","11":"shipping-taxable","12":"product-type-simple"},"acf":[],"_links":{"self":[{"href":"https:\/\/www.wjlsteelsupplier.com\/es\/wp-json\/wp\/v2\/product\/527","targetHints":{"allow":["GET"]}}],"collection":[{"href":"https:\/\/www.wjlsteelsupplier.com\/es\/wp-json\/wp\/v2\/product"}],"about":[{"href":"https:\/\/www.wjlsteelsupplier.com\/es\/wp-json\/wp\/v2\/types\/product"}],"replies":[{"embeddable":true,"href":"https:\/\/www.wjlsteelsupplier.com\/es\/wp-json\/wp\/v2\/comments?post=527"}],"wp:featuredmedia":[{"embeddable":true,"href":"https:\/\/www.wjlsteelsupplier.com\/es\/wp-json\/wp\/v2\/media\/528"}],"wp:attachment":[{"href":"https:\/\/www.wjlsteelsupplier.com\/es\/wp-json\/wp\/v2\/media?parent=527"}],"wp:term":[{"taxonomy":"product_brand","embeddable":true,"href":"https:\/\/www.wjlsteelsupplier.com\/es\/wp-json\/wp\/v2\/product_brand?post=527"},{"taxonomy":"product_cat","embeddable":true,"href":"https:\/\/www.wjlsteelsupplier.com\/es\/wp-json\/wp\/v2\/product_cat?post=527"},{"taxonomy":"product_tag","embeddable":true,"href":"https:\/\/www.wjlsteelsupplier.com\/es\/wp-json\/wp\/v2\/product_tag?post=527"}],"curies":[{"name":"wp","href":"https:\/\/api.w.org\/{rel}","templated":true}]}}