{"id":518,"date":"2025-09-13T10:14:22","date_gmt":"2025-09-13T10:14:22","guid":{"rendered":"https:\/\/www.wjlsteelsupplier.com\/?post_type=product&#038;p=518"},"modified":"2025-09-13T10:32:01","modified_gmt":"2025-09-13T10:32:01","slug":"stainless-steel-coils","status":"publish","type":"product","link":"https:\/\/www.wjlsteelsupplier.com\/es\/producto\/stainless-steel-coils\/","title":{"rendered":"Bobinas de acero inoxidable de primera calidad al por mayor - Bobinas de acero inoxidable 210, 304, 316"},"content":{"rendered":"<h2 class=\"wp-block-heading\">Caracter\u00edsticas de las bobinas de acero inoxidable<\/h2>\n\n\n\n<ul class=\"wp-block-list\">\n<li><strong>Excelente resistencia a la corrosi\u00f3n: <\/strong>Las bobinas de acero inoxidable contienen una elevada proporci\u00f3n de cromo, que puede formar una capa de \u00f3xido natural autorregenerativa en la superficie. Esta caracter\u00edstica garantiza la durabilidad a largo plazo del acero, reduce las necesidades de mantenimiento y prolonga la vida \u00fatil de los productos en industrias como la naval, la de procesamiento qu\u00edmico y la de construcci\u00f3n en exteriores.<\/li>\n\n\n\n<li><strong>Superficie lisa y est\u00e9ticamente agradable:<\/strong> Las bobinas de acero inoxidable suelen tener una superficie uniforme, pulida y est\u00e9ticamente agradable, lo que las convierte en una opci\u00f3n ideal tanto para fines funcionales como decorativos. Tambi\u00e9n son f\u00e1ciles de limpiar y tratar en superficie, por lo que resultan adecuadas para la construcci\u00f3n, los electrodom\u00e9sticos y los productos decorativos.<\/li>\n\n\n\n<li><strong>Capacidad de fabricaci\u00f3n multifuncional: <\/strong>Las bobinas de acero inoxidable pueden cortarse, laminarse, estamparse, doblarse o prensarse para darles diversas formas, como placas, tiras, tubos y tuber\u00edas. Su excelente rendimiento de transformaci\u00f3n satisface las diversas necesidades de la fabricaci\u00f3n industrial, las piezas de automoci\u00f3n, los utensilios de cocina y los equipos mec\u00e1nicos.<\/li>\n\n\n\n<li><strong>Alta calidad: <\/strong>Nuestras bobinas de acero inoxidable tienen una superficie uniforme, un rendimiento estable y unas dimensiones precisas. Combinadas con una excelente resistencia a la corrosi\u00f3n, resistencia al desgaste y solidez, garantizamos que cada lote de productos cumpla estrictas normas de calidad.<\/li>\n\n\n\n<li><\/li>\n<\/ul>","protected":false},"excerpt":{"rendered":"<p>La f\u00e1brica suministra grandes cantidades de bobinas de acero inoxidable, que tienen una excelente resistencia a la corrosi\u00f3n, una capa de \u00f3xido autorregenerable, una superficie lisa y pulida, y pueden utilizarse con fines funcionales o decorativos. Las bobinas de acero inoxidable que suministramos tienen dimensiones precisas, alta resistencia y buena durabilidad, adecuadas para aplicaciones en m\u00faltiples campos como la fabricaci\u00f3n, la construcci\u00f3n y la decoraci\u00f3n.<\/p>\n<p>\n<script src=\"chrome-extension:\/\/fpelahbljekknahkcaegamhcndkfpfnc\/iFrame.js\" type=\"text\/javascript\"><\/script><\/p>","protected":false},"featured_media":519,"comment_status":"closed","ping_status":"closed","template":"","meta":{"_acf_changed":false},"product_brand":[],"product_cat":[25,41],"product_tag":[],"class_list":{"0":"post-518","1":"product","2":"type-product","3":"status-publish","4":"has-post-thumbnail","6":"product_cat-stainless-steel","7":"product_cat-stainless-steel-coils","9":"first","10":"instock","11":"shipping-taxable","12":"product-type-simple"},"acf":[],"_links":{"self":[{"href":"https:\/\/www.wjlsteelsupplier.com\/es\/wp-json\/wp\/v2\/product\/518","targetHints":{"allow":["GET"]}}],"collection":[{"href":"https:\/\/www.wjlsteelsupplier.com\/es\/wp-json\/wp\/v2\/product"}],"about":[{"href":"https:\/\/www.wjlsteelsupplier.com\/es\/wp-json\/wp\/v2\/types\/product"}],"replies":[{"embeddable":true,"href":"https:\/\/www.wjlsteelsupplier.com\/es\/wp-json\/wp\/v2\/comments?post=518"}],"wp:featuredmedia":[{"embeddable":true,"href":"https:\/\/www.wjlsteelsupplier.com\/es\/wp-json\/wp\/v2\/media\/519"}],"wp:attachment":[{"href":"https:\/\/www.wjlsteelsupplier.com\/es\/wp-json\/wp\/v2\/media?parent=518"}],"wp:term":[{"taxonomy":"product_brand","embeddable":true,"href":"https:\/\/www.wjlsteelsupplier.com\/es\/wp-json\/wp\/v2\/product_brand?post=518"},{"taxonomy":"product_cat","embeddable":true,"href":"https:\/\/www.wjlsteelsupplier.com\/es\/wp-json\/wp\/v2\/product_cat?post=518"},{"taxonomy":"product_tag","embeddable":true,"href":"https:\/\/www.wjlsteelsupplier.com\/es\/wp-json\/wp\/v2\/product_tag?post=518"}],"curies":[{"name":"wp","href":"https:\/\/api.w.org\/{rel}","templated":true}]}}