{"id":516,"date":"2025-09-13T09:28:13","date_gmt":"2025-09-13T09:28:13","guid":{"rendered":"https:\/\/www.wjlsteelsupplier.com\/?post_type=product&#038;p=516"},"modified":"2025-09-13T09:58:01","modified_gmt":"2025-09-13T09:58:01","slug":"hot-rolled-pickled-and-oiled-steel-strips","status":"publish","type":"product","link":"https:\/\/www.wjlsteelsupplier.com\/es\/producto\/hot-rolled-pickled-and-oiled-steel-strips\/","title":{"rendered":"Fleje de acero laminado en caliente decapado y aceitado al por mayor"},"content":{"rendered":"<h2 class=\"wp-block-heading\">Caracter\u00edsticas de los flejes de acero laminados en caliente decapados y engrasados<\/h2>\n\n\n\n<ul class=\"wp-block-list\">\n<li><strong>Reducir el riesgo de defectos superficiales:<\/strong> La banda de acero HRPO puede proporcionar una superficie uniforme y consistente, sin defectos ni puntos d\u00e9biles. Esto reduce el riesgo de grietas, burbujas o revestimientos desiguales durante los procesos de fabricaci\u00f3n posteriores.<\/li>\n\n\n\n<li><strong>Precisi\u00f3n y coherencia dimensionales:<\/strong> Las tolerancias de grosor, anchura y longitud de nuestra banda de acero HRPO son muy estrictas, y esta consistencia es crucial para los procesos de producci\u00f3n y montaje a gran escala.<\/li>\n\n\n\n<li><strong>Mejora de la eficacia de corte y conformado: <\/strong>Al eliminar las irregularidades de la superficie se pueden conseguir operaciones de corte, estampado y conformado m\u00e1s limpias, r\u00e1pidas y precisas, reduciendo as\u00ed el tiempo de producci\u00f3n y el desgaste de las herramientas.<\/li>\n\n\n\n<li><strong>Mayor vida \u00fatil y protecci\u00f3n contra la corrosi\u00f3n:<\/strong> El revestimiento protector de aceite aplicado tras el decapado puede proteger la banda de acero de la humedad y los factores ambientales, reduciendo el riesgo de oxidaci\u00f3n o envejecimiento de la superficie durante el almacenamiento y el transporte.<\/li>\n<\/ul>","protected":false},"excerpt":{"rendered":"<p>La banda de acero laminada en caliente decapada y aceitada tiene una superficie lisa y limpia, excelente conformabilidad, tama\u00f1o uniforme y resistencia a la corrosi\u00f3n. Este producto es una opci\u00f3n ideal para la automoci\u00f3n, la construcci\u00f3n, la maquinaria, la producci\u00f3n de tuber\u00edas y la fabricaci\u00f3n en general, proporcionando productos rentables y fiables para diversas aplicaciones industriales. Ofrecemos suministro a granel. P\u00f3ngase en contacto con nosotros.<\/p>\n<p>\n<script src=\"chrome-extension:\/\/fpelahbljekknahkcaegamhcndkfpfnc\/iFrame.js\" type=\"text\/javascript\"><\/script><\/p>","protected":false},"featured_media":517,"comment_status":"closed","ping_status":"closed","template":"","meta":{"_acf_changed":false},"product_brand":[],"product_cat":[26,38],"product_tag":[],"class_list":{"0":"post-516","1":"product","2":"type-product","3":"status-publish","4":"has-post-thumbnail","6":"product_cat-hot-rolled-pickled-and-oiled-steel","7":"product_cat-hot-rolled-pickled-and-oiled-steel-strips","9":"first","10":"instock","11":"shipping-taxable","12":"product-type-simple"},"acf":[],"_links":{"self":[{"href":"https:\/\/www.wjlsteelsupplier.com\/es\/wp-json\/wp\/v2\/product\/516","targetHints":{"allow":["GET"]}}],"collection":[{"href":"https:\/\/www.wjlsteelsupplier.com\/es\/wp-json\/wp\/v2\/product"}],"about":[{"href":"https:\/\/www.wjlsteelsupplier.com\/es\/wp-json\/wp\/v2\/types\/product"}],"replies":[{"embeddable":true,"href":"https:\/\/www.wjlsteelsupplier.com\/es\/wp-json\/wp\/v2\/comments?post=516"}],"wp:featuredmedia":[{"embeddable":true,"href":"https:\/\/www.wjlsteelsupplier.com\/es\/wp-json\/wp\/v2\/media\/517"}],"wp:attachment":[{"href":"https:\/\/www.wjlsteelsupplier.com\/es\/wp-json\/wp\/v2\/media?parent=516"}],"wp:term":[{"taxonomy":"product_brand","embeddable":true,"href":"https:\/\/www.wjlsteelsupplier.com\/es\/wp-json\/wp\/v2\/product_brand?post=516"},{"taxonomy":"product_cat","embeddable":true,"href":"https:\/\/www.wjlsteelsupplier.com\/es\/wp-json\/wp\/v2\/product_cat?post=516"},{"taxonomy":"product_tag","embeddable":true,"href":"https:\/\/www.wjlsteelsupplier.com\/es\/wp-json\/wp\/v2\/product_tag?post=516"}],"curies":[{"name":"wp","href":"https:\/\/api.w.org\/{rel}","templated":true}]}}