{"id":514,"date":"2025-09-13T08:09:15","date_gmt":"2025-09-13T08:09:15","guid":{"rendered":"https:\/\/www.wjlsteelsupplier.com\/?post_type=product&#038;p=514"},"modified":"2025-09-13T09:14:53","modified_gmt":"2025-09-13T09:14:53","slug":"hot-rolled-pickled-and-oiled-steel-plates","status":"publish","type":"product","link":"https:\/\/www.wjlsteelsupplier.com\/es\/producto\/hot-rolled-pickled-and-oiled-steel-plates\/","title":{"rendered":"Placas de acero laminadas en caliente decapadas y aceitadas al por mayor"},"content":{"rendered":"<h2 class=\"wp-block-heading\">Caracter\u00edsticas de las chapas de acero laminadas en caliente decapadas y aceitadas<\/h2>\n\n\n\n<ul class=\"wp-block-list\">\n<li><strong>Superficie lisa y limpia:<\/strong> El tratamiento del proceso de decapado hace que la superficie de la chapa de acero sea excepcionalmente lisa y limpia, lo que no s\u00f3lo mejora su aspecto, sino que tambi\u00e9n garantiza una excelente adherencia en los procesos posteriores de revestimiento, pintura o galvanizado.<\/li>\n\n\n\n<li><strong>Listo para un procesamiento secundario eficiente:<\/strong> Las chapas de acero con revestimiento lavado al \u00e1cido laminadas en caliente se someten a un pretratamiento, por lo que se requiere un trabajo de preparaci\u00f3n m\u00ednimo antes de su posterior procesamiento o acabado. Este pretratamiento puede ahorrar tiempo, mano de obra y costes de producci\u00f3n, ya que estas chapas de acero pueden utilizarse inmediatamente para procesos de corte, soldadura, pintura o revestimiento. La superficie limpia, la capa protectora de aceite y el tama\u00f1o uniforme garantizan que los fabricantes puedan integrar eficazmente estas chapas de acero en la l\u00ednea de producci\u00f3n,<\/li>\n\n\n\n<li><strong>Mejorar la resistencia a la corrosi\u00f3n a largo plazo: <\/strong>Tras el lavado con \u00e1cido, se aplica una fina pel\u00edcula de aceite a la chapa de acero HRPO para formar una pel\u00edcula protectora a prueba de humedad y resistente a la oxidaci\u00f3n. Esto reduce significativamente el riesgo de oxidaci\u00f3n de las placas de acero durante el almacenamiento, la manipulaci\u00f3n o el transporte, garantizando que las placas de acero mantengan su calidad y aspecto a largo plazo.<\/li>\n\n\n\n<li><strong>Adecuado para diversas aplicaciones industriales: <\/strong>Las chapas de acero HRPO tienen una superficie lisa, excelente conformabilidad y precisi\u00f3n dimensional, lo que las hace adecuadas para una amplia gama de industrias.<\/li>\n<\/ul>","protected":false},"excerpt":{"rendered":"<p>La superficie de la chapa de acero HRPO es lisa y limpia, y est\u00e1 recubierta de una pel\u00edcula protectora de aceite que evita eficazmente la oxidaci\u00f3n y la corrosi\u00f3n, garantizando una buena adherencia durante la pintura, la pulverizaci\u00f3n o el galvanizado. Tras el preprocesado, puede cortarse directamente, soldarse o mecanizarse con precisi\u00f3n, lo que facilita su uso. <br \/>En comparaci\u00f3n con las chapas de acero laminadas en fr\u00edo, las chapas de acero HRPO son m\u00e1s rentables, al tiempo que mantienen una buena conformabilidad, estabilidad dimensional y resistencia a la corrosi\u00f3n a largo plazo, lo que las convierte en una opci\u00f3n ideal para diversas aplicaciones industriales.<\/p>\n<p>\n<script src=\"chrome-extension:\/\/fpelahbljekknahkcaegamhcndkfpfnc\/iFrame.js\" type=\"text\/javascript\"><\/script><\/p>","protected":false},"featured_media":515,"comment_status":"closed","ping_status":"closed","template":"","meta":{"_acf_changed":false},"product_brand":[],"product_cat":[26,37],"product_tag":[],"class_list":{"0":"post-514","1":"product","2":"type-product","3":"status-publish","4":"has-post-thumbnail","6":"product_cat-hot-rolled-pickled-and-oiled-steel","7":"product_cat-hot-rolled-pickled-and-oiled-steel-plates","9":"first","10":"instock","11":"shipping-taxable","12":"product-type-simple"},"acf":[],"_links":{"self":[{"href":"https:\/\/www.wjlsteelsupplier.com\/es\/wp-json\/wp\/v2\/product\/514","targetHints":{"allow":["GET"]}}],"collection":[{"href":"https:\/\/www.wjlsteelsupplier.com\/es\/wp-json\/wp\/v2\/product"}],"about":[{"href":"https:\/\/www.wjlsteelsupplier.com\/es\/wp-json\/wp\/v2\/types\/product"}],"replies":[{"embeddable":true,"href":"https:\/\/www.wjlsteelsupplier.com\/es\/wp-json\/wp\/v2\/comments?post=514"}],"wp:featuredmedia":[{"embeddable":true,"href":"https:\/\/www.wjlsteelsupplier.com\/es\/wp-json\/wp\/v2\/media\/515"}],"wp:attachment":[{"href":"https:\/\/www.wjlsteelsupplier.com\/es\/wp-json\/wp\/v2\/media?parent=514"}],"wp:term":[{"taxonomy":"product_brand","embeddable":true,"href":"https:\/\/www.wjlsteelsupplier.com\/es\/wp-json\/wp\/v2\/product_brand?post=514"},{"taxonomy":"product_cat","embeddable":true,"href":"https:\/\/www.wjlsteelsupplier.com\/es\/wp-json\/wp\/v2\/product_cat?post=514"},{"taxonomy":"product_tag","embeddable":true,"href":"https:\/\/www.wjlsteelsupplier.com\/es\/wp-json\/wp\/v2\/product_tag?post=514"}],"curies":[{"name":"wp","href":"https:\/\/api.w.org\/{rel}","templated":true}]}}