{"id":511,"date":"2025-09-13T07:20:50","date_gmt":"2025-09-13T07:20:50","guid":{"rendered":"https:\/\/www.wjlsteelsupplier.com\/?post_type=product&#038;p=511"},"modified":"2025-09-13T08:08:58","modified_gmt":"2025-09-13T08:08:58","slug":"hot-rolled-pickled-and-oiled-steel-sheets","status":"publish","type":"product","link":"https:\/\/www.wjlsteelsupplier.com\/es\/producto\/hot-rolled-pickled-and-oiled-steel-sheets\/","title":{"rendered":"Chapas de acero laminadas en caliente decapadas y aceitadas al por mayor (Chapas de acero HPRO)"},"content":{"rendered":"<h2 class=\"wp-block-heading\">Caracter\u00edsticas de las chapas de acero laminadas en caliente decapadas y aceitadas<\/h2>\n\n\n\n<ul class=\"wp-block-list\">\n<li><strong>Superficie de la hoja limpia y sin incrustaciones: <\/strong>El proceso de decapado elimina las incrustaciones de \u00f3xido mediante un ba\u00f1o de \u00e1cido, lo que hace que la superficie de la chapa de acero sea lisa y uniforme, y m\u00e1s limpia que las chapas de acero laminadas en caliente sin tratar. Esto garantiza la adherencia de la pintura, el galvanizado o el revestimiento en polvo y minimiza al m\u00e1ximo los defectos superficiales del producto acabado.<\/li>\n\n\n\n<li><strong>Excelente conformabilidad para la fabricaci\u00f3n de chapas: <\/strong>En comparaci\u00f3n con las chapas de acero laminadas en caliente sin tratar, las chapas de acero HRPO son m\u00e1s resistentes al doblado, estampado, punzonado o embutici\u00f3n profunda porque se ha eliminado la cascarilla de \u00f3xido abrasiva de su superficie.<\/li>\n\n\n\n<li><strong>Espesor y resistencia mec\u00e1nica constantes:<\/strong> Las chapas de acero HRPO conservan la resistencia, ductilidad y tenacidad t\u00edpicas de las chapas de acero laminadas en caliente, al tiempo que mantienen un espesor uniforme en toda la chapa. Esta uniformidad garantiza un rendimiento predecible, y los fabricantes pueden utilizar con confianza las chapas de acero HRPO para componentes que deban soportar esfuerzos mec\u00e1nicos.<\/li>\n\n\n\n<li><strong>Alternativa econ\u00f3mica a las chapas de acero laminadas en fr\u00edo: <\/strong>Aunque las chapas de acero laminadas en fr\u00edo tienen una superficie m\u00e1s lisa, tambi\u00e9n son m\u00e1s caras. La chapa de acero HRPO llena el vac\u00edo existente entre la chapa de acero laminada en caliente sin tratar y la chapa de acero laminada en fr\u00edo, con una superficie m\u00e1s limpia, un mejor rendimiento de procesamiento y un precio m\u00e1s econ\u00f3mico.<\/li>\n\n\n\n<li><strong>Experiencia mundial en exportaci\u00f3n: <\/strong>Como proveedor profesional de acero, tenemos una gran experiencia en la exportaci\u00f3n mundial, conocemos las normas internacionales y podemos suministrar acero que cumpla las certificaciones SGS, ISO o ASTM.<\/li>\n<\/ul>","protected":false},"excerpt":{"rendered":"<p>La superficie de la chapa de acero HRPO est\u00e1 limpia y libre de incrustaciones de \u00f3xido, por lo que es muy adecuada para la pintura, el galvanizado o el recubrimiento en polvo, y tiene una excelente conformabilidad. Puede utilizarse para doblado, estampado o embutici\u00f3n profunda. Tienen un grosor uniforme y una resistencia mec\u00e1nica fiable, lo que las convierte en una alternativa econ\u00f3mica a las chapas de acero laminadas en fr\u00edo. Nuestras placas de acero HRPO cumplen con las normas SGS, ISO y ASTM y tienen una amplia experiencia en la exportaci\u00f3n mundial. Invitamos a constructores, fabricantes y comerciantes de todo el mundo a ponerse en contacto con nosotros.<\/p>\n<p>\n<script src=\"chrome-extension:\/\/fpelahbljekknahkcaegamhcndkfpfnc\/iFrame.js\" type=\"text\/javascript\"><\/script><\/p>","protected":false},"featured_media":512,"comment_status":"closed","ping_status":"closed","template":"","meta":{"_acf_changed":false},"product_brand":[],"product_cat":[26,36],"product_tag":[],"class_list":{"0":"post-511","1":"product","2":"type-product","3":"status-publish","4":"has-post-thumbnail","6":"product_cat-hot-rolled-pickled-and-oiled-steel","7":"product_cat-hot-rolled-pickled-and-oiled-steel-sheets","9":"first","10":"instock","11":"shipping-taxable","12":"product-type-simple"},"acf":[],"_links":{"self":[{"href":"https:\/\/www.wjlsteelsupplier.com\/es\/wp-json\/wp\/v2\/product\/511","targetHints":{"allow":["GET"]}}],"collection":[{"href":"https:\/\/www.wjlsteelsupplier.com\/es\/wp-json\/wp\/v2\/product"}],"about":[{"href":"https:\/\/www.wjlsteelsupplier.com\/es\/wp-json\/wp\/v2\/types\/product"}],"replies":[{"embeddable":true,"href":"https:\/\/www.wjlsteelsupplier.com\/es\/wp-json\/wp\/v2\/comments?post=511"}],"wp:featuredmedia":[{"embeddable":true,"href":"https:\/\/www.wjlsteelsupplier.com\/es\/wp-json\/wp\/v2\/media\/512"}],"wp:attachment":[{"href":"https:\/\/www.wjlsteelsupplier.com\/es\/wp-json\/wp\/v2\/media?parent=511"}],"wp:term":[{"taxonomy":"product_brand","embeddable":true,"href":"https:\/\/www.wjlsteelsupplier.com\/es\/wp-json\/wp\/v2\/product_brand?post=511"},{"taxonomy":"product_cat","embeddable":true,"href":"https:\/\/www.wjlsteelsupplier.com\/es\/wp-json\/wp\/v2\/product_cat?post=511"},{"taxonomy":"product_tag","embeddable":true,"href":"https:\/\/www.wjlsteelsupplier.com\/es\/wp-json\/wp\/v2\/product_tag?post=511"}],"curies":[{"name":"wp","href":"https:\/\/api.w.org\/{rel}","templated":true}]}}