{"id":508,"date":"2025-09-13T06:52:07","date_gmt":"2025-09-13T06:52:07","guid":{"rendered":"https:\/\/www.wjlsteelsupplier.com\/?post_type=product&#038;p=508"},"modified":"2025-09-13T07:20:05","modified_gmt":"2025-09-13T07:20:05","slug":"hot-rolled-pickled-and-oiled-steel-coils","status":"publish","type":"product","link":"https:\/\/www.wjlsteelsupplier.com\/es\/producto\/hot-rolled-pickled-and-oiled-steel-coils\/","title":{"rendered":"Bobinas de acero laminado en caliente decapado y aceitado al por mayor, suministro de acero HRPO a granel"},"content":{"rendered":"<h2 class=\"wp-block-heading\">Caracter\u00edsticas del acero laminado en caliente decapado y aceitado<\/h2>\n\n\n\n<ul class=\"wp-block-list\">\n<li><strong>Superficie lisa y sin escamas:<\/strong> Durante el proceso de laminaci\u00f3n en caliente, se forma una capa rugosa de \u00f3xido en la superficie del acero. El proceso de decapado elimina la cascarilla de \u00f3xido mediante un ba\u00f1o de \u00e1cido, dejando la superficie del acero lisa y limpia. El posterior proceso de recubrimiento de aceite formar\u00e1 una fina capa de aceite protector en la superficie del acero para evitar la oxidaci\u00f3n. En comparaci\u00f3n con el acero laminado en caliente sin tratar, el proceso de revestimiento de aceite puede proporcionar mejores efectos superficiales, facilitando la pintura, el revestimiento o el tratamiento posterior.<\/li>\n\n\n\n<li><strong>Alternativa rentable al acero laminado en fr\u00edo: <\/strong>Acero HRPO La superficie es m\u00e1s limpia y f\u00e1cil de procesar que la del acero laminado en caliente ordinario, pero el coste es inferior al del acero laminado en fr\u00edo. Cuando se necesitan superficies de alta calidad pero no se quiere gastar demasiado en costes de laminado en fr\u00edo, el acero HRPO es la opci\u00f3n ideal.<\/li>\n\n\n\n<li><strong>La multifuncionalidad del Tratamiento Secundario:<\/strong> La superficie limpia y las propiedades mec\u00e1nicas estables hacen del acero HRPO un sustrato excelente para el galvanizado, la pintura, el recubrimiento en polvo o el procesamiento posterior.<\/li>\n\n\n\n<li><strong>Mejorar la soldabilidad: <\/strong>La eliminaci\u00f3n de las impurezas superficiales hace que el acero HRPO sea m\u00e1s seguro y f\u00e1cil de soldar. Hay menos contaminantes que interfieran en la integridad de la soldadura, lo que permite juntas m\u00e1s fuertes y fiables y reduce la necesidad de limpieza previa.<\/li>\n\n\n\n<li><strong>Resistencia a la corrosi\u00f3n: <\/strong>El proceso de revestimiento de aceite forma una fina capa protectora en la superficie del acero, que act\u00faa bloqueando la humedad y los factores ambientales, evitando la oxidaci\u00f3n del acero durante su almacenamiento y transporte. Esto es especialmente beneficioso para proyectos en los que el acero puede estar expuesto al exterior.<\/li>\n\n\n\n<li><strong>Aplicaciones vers\u00e1tiles: <\/strong>El acero HRPO combina una excelente procesabilidad, calidad superficial y resistencia a la corrosi\u00f3n, lo que lo convierte en una opci\u00f3n popular en diversas industrias. Se utiliza ampliamente en las industrias de fabricaci\u00f3n mec\u00e1nica y construcci\u00f3n.<\/li>\n<\/ul>","protected":false},"excerpt":{"rendered":"<p>El acero HRPO ha sido sometido a un decapado \u00e1cido y a un tratamiento de revestimiento de aceite protector, lo que da como resultado una superficie lisa y libre de ox\u00edgeno, que facilita su pintado, pulverizaci\u00f3n y procesado. Es una alternativa econ\u00f3mica y eficaz al acero laminado en fr\u00edo, con excelente soldabilidad y resistencia a la corrosi\u00f3n, y apto para el galvanizado o el recubrimiento en polvo. El acero HRPO tiene una amplia gama de aplicaciones y es duradero, ampliamente utilizado en la fabricaci\u00f3n mec\u00e1nica, la construcci\u00f3n y otros campos industriales.<\/p>\n<p>\n<script src=\"chrome-extension:\/\/fpelahbljekknahkcaegamhcndkfpfnc\/iFrame.js\" type=\"text\/javascript\"><\/script><\/p>","protected":false},"featured_media":510,"comment_status":"closed","ping_status":"closed","template":"","meta":{"_acf_changed":false},"product_brand":[],"product_cat":[26,35],"product_tag":[],"class_list":{"0":"post-508","1":"product","2":"type-product","3":"status-publish","4":"has-post-thumbnail","6":"product_cat-hot-rolled-pickled-and-oiled-steel","7":"product_cat-hot-rolled-pickled-and-oiled-steel-coils","9":"first","10":"instock","11":"shipping-taxable","12":"product-type-simple"},"acf":[],"_links":{"self":[{"href":"https:\/\/www.wjlsteelsupplier.com\/es\/wp-json\/wp\/v2\/product\/508","targetHints":{"allow":["GET"]}}],"collection":[{"href":"https:\/\/www.wjlsteelsupplier.com\/es\/wp-json\/wp\/v2\/product"}],"about":[{"href":"https:\/\/www.wjlsteelsupplier.com\/es\/wp-json\/wp\/v2\/types\/product"}],"replies":[{"embeddable":true,"href":"https:\/\/www.wjlsteelsupplier.com\/es\/wp-json\/wp\/v2\/comments?post=508"}],"wp:featuredmedia":[{"embeddable":true,"href":"https:\/\/www.wjlsteelsupplier.com\/es\/wp-json\/wp\/v2\/media\/510"}],"wp:attachment":[{"href":"https:\/\/www.wjlsteelsupplier.com\/es\/wp-json\/wp\/v2\/media?parent=508"}],"wp:term":[{"taxonomy":"product_brand","embeddable":true,"href":"https:\/\/www.wjlsteelsupplier.com\/es\/wp-json\/wp\/v2\/product_brand?post=508"},{"taxonomy":"product_cat","embeddable":true,"href":"https:\/\/www.wjlsteelsupplier.com\/es\/wp-json\/wp\/v2\/product_cat?post=508"},{"taxonomy":"product_tag","embeddable":true,"href":"https:\/\/www.wjlsteelsupplier.com\/es\/wp-json\/wp\/v2\/product_tag?post=508"}],"curies":[{"name":"wp","href":"https:\/\/api.w.org\/{rel}","templated":true}]}}