{"id":505,"date":"2025-09-13T06:35:04","date_gmt":"2025-09-13T06:35:04","guid":{"rendered":"https:\/\/www.wjlsteelsupplier.com\/?post_type=product&#038;p=505"},"modified":"2025-09-20T01:28:38","modified_gmt":"2025-09-20T01:28:38","slug":"hot-rolled-steel-strips","status":"publish","type":"product","link":"https:\/\/www.wjlsteelsupplier.com\/es\/producto\/hot-rolled-steel-strips\/","title":{"rendered":"Flejes de acero laminado en caliente al por mayor"},"content":{"rendered":"<h2 class=\"wp-block-heading\">Caracter\u00edsticas de las bandas de acero laminado en caliente<\/h2>\n\n\n\n<ul class=\"wp-block-list\">\n<li><strong>Gran resistencia y tenacidad:<\/strong> El acero laminado en caliente se produce a altas temperaturas, con una fina estructura interna y una excelente solidez y resistencia al impacto. Una vez cortado en tiras, estas caracter\u00edsticas se conservan, lo que permite a cada acero soportar la flexi\u00f3n, la soldadura o el conformado sin comprometer su integridad estructural.<\/li>\n\n\n\n<li><strong>Corte eficaz y flexibilidad dimensional:<\/strong> Como proveedor profesional, podemos cortar tiras de varias anchuras seg\u00fan los requisitos espec\u00edficos de cada proyecto. Los fabricantes y procesadores pueden obtener tama\u00f1os de fleje personalizados para tuber\u00edas o materiales de construcci\u00f3n, reduciendo as\u00ed los residuos y mejorando la eficiencia de la producci\u00f3n.<\/li>\n\n\n\n<li><strong>Amplios escenarios de aplicaci\u00f3n: <\/strong>Los flejes de acero laminados en caliente se utilizan ampliamente en la construcci\u00f3n y las infraestructuras, la producci\u00f3n de tuber\u00edas, la producci\u00f3n de equipos mec\u00e1nicos y otras aplicaciones.<\/li>\n\n\n\n<li><strong>Gran capacidad de producci\u00f3n: <\/strong>Tenemos una gran capacidad de producci\u00f3n para garantizar un suministro estable de chapas de acero laminadas en caliente. Los proveedores pueden completar r\u00e1pidamente grandes cantidades de pedidos, lo que garantiza que no se retrase el avance de los proyectos.<\/li>\n<\/ul>","protected":false},"excerpt":{"rendered":"<p>Nuestras tiras de acero laminado en caliente son duraderas, rentables y vers\u00e1tiles, y se pueden cortar con precisi\u00f3n en anchos personalizados con una resistencia fiable. Estas tiras de acero son muy adecuadas para la soldadura, conformado o revestimiento, asegurando un funcionamiento eficiente de su proyecto y minimizando el desperdicio de material en la mayor medida posible. Invitamos a comerciantes y fabricantes de todo el mundo a ponerse en contacto con nosotros.<\/p>\n<p><script src=\"chrome-extension:\/\/fpelahbljekknahkcaegamhcndkfpfnc\/iFrame.js\" type=\"text\/javascript\"><\/script><\/p>","protected":false},"featured_media":506,"comment_status":"closed","ping_status":"closed","template":"","meta":{"_acf_changed":false},"product_brand":[],"product_cat":[27,40],"product_tag":[],"class_list":{"0":"post-505","1":"product","2":"type-product","3":"status-publish","4":"has-post-thumbnail","6":"product_cat-hot-rolled-steel","7":"product_cat-hot-rolled-steel-strips","9":"first","10":"instock","11":"shipping-taxable","12":"product-type-simple"},"acf":[],"_links":{"self":[{"href":"https:\/\/www.wjlsteelsupplier.com\/es\/wp-json\/wp\/v2\/product\/505","targetHints":{"allow":["GET"]}}],"collection":[{"href":"https:\/\/www.wjlsteelsupplier.com\/es\/wp-json\/wp\/v2\/product"}],"about":[{"href":"https:\/\/www.wjlsteelsupplier.com\/es\/wp-json\/wp\/v2\/types\/product"}],"replies":[{"embeddable":true,"href":"https:\/\/www.wjlsteelsupplier.com\/es\/wp-json\/wp\/v2\/comments?post=505"}],"wp:featuredmedia":[{"embeddable":true,"href":"https:\/\/www.wjlsteelsupplier.com\/es\/wp-json\/wp\/v2\/media\/506"}],"wp:attachment":[{"href":"https:\/\/www.wjlsteelsupplier.com\/es\/wp-json\/wp\/v2\/media?parent=505"}],"wp:term":[{"taxonomy":"product_brand","embeddable":true,"href":"https:\/\/www.wjlsteelsupplier.com\/es\/wp-json\/wp\/v2\/product_brand?post=505"},{"taxonomy":"product_cat","embeddable":true,"href":"https:\/\/www.wjlsteelsupplier.com\/es\/wp-json\/wp\/v2\/product_cat?post=505"},{"taxonomy":"product_tag","embeddable":true,"href":"https:\/\/www.wjlsteelsupplier.com\/es\/wp-json\/wp\/v2\/product_tag?post=505"}],"curies":[{"name":"wp","href":"https:\/\/api.w.org\/{rel}","templated":true}]}}