{"id":502,"date":"2025-09-13T06:11:39","date_gmt":"2025-09-13T06:11:39","guid":{"rendered":"https:\/\/www.wjlsteelsupplier.com\/?post_type=product&#038;p=502"},"modified":"2025-09-13T06:24:40","modified_gmt":"2025-09-13T06:24:40","slug":"hot-rolled-steel-sheets","status":"publish","type":"product","link":"https:\/\/www.wjlsteelsupplier.com\/es\/producto\/hot-rolled-steel-sheets\/","title":{"rendered":"Chapas de acero laminado en caliente al por mayor, suministro de f\u00e1brica profesional"},"content":{"rendered":"<p> <\/p>\n\n\n\n<h2 class=\"wp-block-heading\">Caracter\u00edsticas de las chapas de acero laminadas en caliente<\/h2>\n\n\n\n<ul class=\"wp-block-list\">\n<li><strong>Gran resistencia y durabilidad: <\/strong>El proceso de laminado en caliente mejora la resistencia y la integridad estructural de las chapas de acero, dot\u00e1ndolas de una excelente resistencia a la flexi\u00f3n, el alabeo y la fractura bajo cargas pesadas.<\/li>\n\n\n\n<li><strong>Flexible y maleable: <\/strong>Aunque las chapas de acero laminadas en caliente son muy resistentes, tienen una buena ductilidad y se pueden doblar, conformar o transformar f\u00e1cilmente en diversos componentes sin que se agrieten.<\/li>\n\n\n\n<li><strong>Superficie apta para soldadura y fabricaci\u00f3n: <\/strong>Aunque la superficie de la chapa de acero laminada en caliente es ligeramente m\u00e1s rugosa que la de la chapa de acero laminada en fr\u00edo, esta textura es muy adecuada para soldar, cortar y procesar. Sus caracter\u00edsticas superficiales garantizan una fuerte adherencia cuando se une a otros metales.<\/li>\n\n\n\n<li><strong>Excelente rendimiento a altas temperaturas:<\/strong> Las chapas de acero laminadas en caliente pueden mantener su forma, resistencia y propiedades incluso en condiciones de alta temperatura. Esto las hace muy adecuadas para aplicaciones que requieren resistencia a altas temperaturas, como calderas, hornos, bastidores de autom\u00f3viles y componentes de maquinaria pesada.<\/li>\n\n\n\n<li><strong>Precios rentables y competitivos: <\/strong>Nuestra f\u00e1brica cuenta con instalaciones de producci\u00f3n a gran escala y procesos de fabricaci\u00f3n avanzados, lo que nos permite ofrecer chapas de acero laminadas en caliente a precios muy competitivos, contribuyendo a reducir los costes generales de adquisici\u00f3n para fabricantes y empresas de construcci\u00f3n.<\/li>\n\n\n\n<li><strong>Servicios profesionales de personalizaci\u00f3n:<\/strong> Como proveedor profesional chino de acero laminado en caliente, ofrecemos servicios de personalizaci\u00f3n, como el corte a medida, el tratamiento de superficies y el embalaje de bobinas. Esto ayuda a los compradores a reducir los costes adicionales de procesamiento y garantiza que las chapas de acero puedan utilizarse inmediatamente para la producci\u00f3n o fabricaci\u00f3n.<\/li>\n<\/ul>","protected":false},"excerpt":{"rendered":"<p>Chapas de acero laminado en caliente de alta calidad de los principales fabricantes chinos. Ofrecemos varios tama\u00f1os y espesores. Y proporcionar un suministro fiable y entrega a tiempo es una opci\u00f3n ideal para proyectos de construcci\u00f3n, industriales y de fabricaci\u00f3n. Bienvenido comerciantes y fabricantes globales en contacto con nosotros.<\/p>\n<p>\n<script src=\"chrome-extension:\/\/fpelahbljekknahkcaegamhcndkfpfnc\/iFrame.js\" type=\"text\/javascript\"><\/script><\/p>","protected":false},"featured_media":503,"comment_status":"closed","ping_status":"closed","template":"","meta":{"_acf_changed":false},"product_brand":[],"product_cat":[27,33],"product_tag":[],"class_list":{"0":"post-502","1":"product","2":"type-product","3":"status-publish","4":"has-post-thumbnail","6":"product_cat-hot-rolled-steel","7":"product_cat-hot-rolled-steel-sheets","9":"first","10":"instock","11":"shipping-taxable","12":"product-type-simple"},"acf":[],"_links":{"self":[{"href":"https:\/\/www.wjlsteelsupplier.com\/es\/wp-json\/wp\/v2\/product\/502","targetHints":{"allow":["GET"]}}],"collection":[{"href":"https:\/\/www.wjlsteelsupplier.com\/es\/wp-json\/wp\/v2\/product"}],"about":[{"href":"https:\/\/www.wjlsteelsupplier.com\/es\/wp-json\/wp\/v2\/types\/product"}],"replies":[{"embeddable":true,"href":"https:\/\/www.wjlsteelsupplier.com\/es\/wp-json\/wp\/v2\/comments?post=502"}],"wp:featuredmedia":[{"embeddable":true,"href":"https:\/\/www.wjlsteelsupplier.com\/es\/wp-json\/wp\/v2\/media\/503"}],"wp:attachment":[{"href":"https:\/\/www.wjlsteelsupplier.com\/es\/wp-json\/wp\/v2\/media?parent=502"}],"wp:term":[{"taxonomy":"product_brand","embeddable":true,"href":"https:\/\/www.wjlsteelsupplier.com\/es\/wp-json\/wp\/v2\/product_brand?post=502"},{"taxonomy":"product_cat","embeddable":true,"href":"https:\/\/www.wjlsteelsupplier.com\/es\/wp-json\/wp\/v2\/product_cat?post=502"},{"taxonomy":"product_tag","embeddable":true,"href":"https:\/\/www.wjlsteelsupplier.com\/es\/wp-json\/wp\/v2\/product_tag?post=502"}],"curies":[{"name":"wp","href":"https:\/\/api.w.org\/{rel}","templated":true}]}}