{"id":499,"date":"2025-09-13T03:39:46","date_gmt":"2025-09-13T03:39:46","guid":{"rendered":"https:\/\/www.wjlsteelsupplier.com\/?post_type=product&#038;p=499"},"modified":"2025-09-13T04:19:48","modified_gmt":"2025-09-13T04:19:48","slug":"hot-rolled-steel-plates","status":"publish","type":"product","link":"https:\/\/www.wjlsteelsupplier.com\/es\/producto\/hot-rolled-steel-plates\/","title":{"rendered":"Placas de acero laminado en caliente al por mayor - Placas duraderas de alta resistencia para aplicaciones industriales, de construcci\u00f3n y fabricaci\u00f3n"},"content":{"rendered":"<h2 class=\"wp-block-heading\">Caracter\u00edsticas de las chapas laminadas en caliente<\/h2>\n\n\n\n<ul class=\"wp-block-list\">\n<li><strong>Excelente resistencia y durabilidad: <\/strong>Nuestras chapas de acero laminadas en caliente se fabrican utilizando una tecnolog\u00eda de control preciso de la temperatura, con una resistencia mec\u00e1nica y una estabilidad estructural excepcionales. Tienen una resistencia extremadamente fuerte a la flexi\u00f3n, el agrietamiento o la deformaci\u00f3n bajo cargas pesadas, lo que las hace muy adecuadas para aplicaciones como la construcci\u00f3n, la industria y la maquinaria pesada, que son cruciales para la durabilidad y la fiabilidad.<\/li>\n\n\n\n<li><strong>Multifuncionalidad y amplia aplicaci\u00f3n:<\/strong> El acero laminado en caliente combina resistencia, durabilidad y conformabilidad, lo que lo hace extremadamente vers\u00e1til. Puede utilizarse en casi cualquier situaci\u00f3n en la que no se requiera precisi\u00f3n dimensional.<\/li>\n\n\n\n<li><strong>Suministro a granel econ\u00f3micamente eficiente:<\/strong> El aprovisionamiento a granel ayuda a fabricantes, transformadores y empresas de construcci\u00f3n a reducir los costes de material. Disponemos de existencias suficientes para garantizar que la producci\u00f3n de los clientes no se vea afectada.<\/li>\n\n\n\n<li><strong>Superficie de alta calidad: <\/strong>A pesar de utilizar la tecnolog\u00eda de laminaci\u00f3n en caliente, nuestras chapas de acero siguen manteniendo una superficie lisa y consistente con una m\u00ednima incrustaci\u00f3n de \u00f3xido. Este tratamiento superficial de alta calidad garantiza su excelente conformabilidad y facilita el procesamiento posterior.<\/li>\n\n\n\n<li><strong>Entrega puntual:<\/strong> Nos comprometemos a proporcionar un suministro estable y fiable de chapas de acero laminadas en caliente. Nuestras avanzadas capacidades de producci\u00f3n y log\u00edstica garantizan entregas puntuales, ayudan a los clientes a mantener operaciones fluidas, aseguran la finalizaci\u00f3n puntual de los proyectos y evitan retrasos significativos.<\/li>\n<\/ul>","protected":false},"excerpt":{"rendered":"<p>Venta al por mayor de chapas de acero laminadas en caliente de excelente resistencia, durabilidad y versatilidad. Ofrecemos varios espesores y tama\u00f1os que cumplen las normas internacionales de calidad y se someten a rigurosas pruebas de rendimiento mec\u00e1nico y fiabilidad. Nuestro inventario puede proporcionar un suministro estable y ofrecer soluciones rentables a granel para las empresas que buscan acero de alta calidad y fiable.<\/p>\n<p>\n<script src=\"chrome-extension:\/\/fpelahbljekknahkcaegamhcndkfpfnc\/iFrame.js\" type=\"text\/javascript\"><\/script><\/p>","protected":false},"featured_media":500,"comment_status":"closed","ping_status":"closed","template":"","meta":{"_acf_changed":false},"product_brand":[],"product_cat":[27,34],"product_tag":[],"class_list":{"0":"post-499","1":"product","2":"type-product","3":"status-publish","4":"has-post-thumbnail","6":"product_cat-hot-rolled-steel","7":"product_cat-hot-rolled-steel-plates","9":"first","10":"instock","11":"shipping-taxable","12":"product-type-simple"},"acf":[],"_links":{"self":[{"href":"https:\/\/www.wjlsteelsupplier.com\/es\/wp-json\/wp\/v2\/product\/499","targetHints":{"allow":["GET"]}}],"collection":[{"href":"https:\/\/www.wjlsteelsupplier.com\/es\/wp-json\/wp\/v2\/product"}],"about":[{"href":"https:\/\/www.wjlsteelsupplier.com\/es\/wp-json\/wp\/v2\/types\/product"}],"replies":[{"embeddable":true,"href":"https:\/\/www.wjlsteelsupplier.com\/es\/wp-json\/wp\/v2\/comments?post=499"}],"wp:featuredmedia":[{"embeddable":true,"href":"https:\/\/www.wjlsteelsupplier.com\/es\/wp-json\/wp\/v2\/media\/500"}],"wp:attachment":[{"href":"https:\/\/www.wjlsteelsupplier.com\/es\/wp-json\/wp\/v2\/media?parent=499"}],"wp:term":[{"taxonomy":"product_brand","embeddable":true,"href":"https:\/\/www.wjlsteelsupplier.com\/es\/wp-json\/wp\/v2\/product_brand?post=499"},{"taxonomy":"product_cat","embeddable":true,"href":"https:\/\/www.wjlsteelsupplier.com\/es\/wp-json\/wp\/v2\/product_cat?post=499"},{"taxonomy":"product_tag","embeddable":true,"href":"https:\/\/www.wjlsteelsupplier.com\/es\/wp-json\/wp\/v2\/product_tag?post=499"}],"curies":[{"name":"wp","href":"https:\/\/api.w.org\/{rel}","templated":true}]}}