{"id":493,"date":"2025-09-13T02:01:21","date_gmt":"2025-09-13T02:01:21","guid":{"rendered":"https:\/\/www.wjlsteelsupplier.com\/?post_type=product&#038;p=493"},"modified":"2025-09-13T06:28:53","modified_gmt":"2025-09-13T06:28:53","slug":"cold-rolled-steel-strips","status":"publish","type":"product","link":"https:\/\/www.wjlsteelsupplier.com\/es\/producto\/cold-rolled-steel-strips\/","title":{"rendered":"Fleje de acero laminado en fr\u00edo al por mayor, anchura y espesor personalizables"},"content":{"rendered":"<h2 class=\"wp-block-heading\">Caracter\u00edsticas del fleje de acero laminado en fr\u00edo<\/h2>\n\n\n\n<ul class=\"wp-block-list\">\n<li><strong>Acero de alta calidad: <\/strong>Suministramos flejes de acero laminado en fr\u00edo de alta calidad con una composici\u00f3n consistente y un rendimiento uniforme. Nuestro acero se somete a estrictos controles de calidad para garantizar una excelente resistencia, dureza y acabado superficial.<\/li>\n\n\n\n<li><strong>Aplicaciones multifuncionales en todos los sectores: <\/strong>Las tiras de acero laminado en fr\u00edo tienen un excelente rendimiento en t\u00e9rminos de grado, apariencia y precisi\u00f3n dimensional, lo que las hace adecuadas para diversos usos finales. El fleje de acero laminado en fr\u00edo es el material preferido por muchas industrias, como la del autom\u00f3vil, la construcci\u00f3n, los electrodom\u00e9sticos, el mobiliario met\u00e1lico, los armarios el\u00e9ctricos y las herramientas de precisi\u00f3n.<\/li>\n\n\n\n<li><strong>Estricta precisi\u00f3n dimensional:<\/strong> Como proveedor profesional de acero laminado en fr\u00edo, hemos personalizado la anchura y el grosor de las tiras de acero laminado en fr\u00edo y garantizado una estricta precisi\u00f3n dimensional. Unas dimensiones uniformes garantizan una integraci\u00f3n sin problemas en procesos automatizados y sistemas de montaje.<\/li>\n\n\n\n<li><strong>Suministro fiable y entrega r\u00e1pida:<\/strong> Mantenemos existencias suficientes y procesos de producci\u00f3n racionalizados para garantizar la entrega puntual de grandes pedidos.<\/li>\n\n\n\n<li><strong>Proveedor mundial de confianza: <\/strong>Vendemos al por mayor flejes de acero laminados en fr\u00edo a clientes de todo el mundo, con un historial fiable de calidad y consistencia. Seguimos las normas internacionales y proporcionamos las certificaciones necesarias para respaldar su cumplimiento de los requisitos del mercado local.<\/li>\n<\/ul>","protected":false},"excerpt":{"rendered":"<p>Nuestras tiras de acero laminado en fr\u00edo al por mayor est\u00e1n hechas de acero de alta calidad, con excelente resistencia, dureza y calidad superficial. Las tiras de acero tienen peque\u00f1as tolerancias dimensionales, alta planitud, superficies lisas y sin defectos, por lo que son una opci\u00f3n ideal para la industria manufacturera. Como proveedor directo de f\u00e1brica, ofrecemos precios competitivos, suministro fiable a granel y entrega r\u00e1pida. Invitamos a comerciantes y fabricantes de todo el mundo a ponerse en contacto con nosotros.<\/p>\n<p>\n<script src=\"chrome-extension:\/\/fpelahbljekknahkcaegamhcndkfpfnc\/iFrame.js\" type=\"text\/javascript\"><\/script><\/p>","protected":false},"featured_media":494,"comment_status":"closed","ping_status":"closed","template":"","meta":{"_acf_changed":false},"product_brand":[],"product_cat":[19,39],"product_tag":[],"class_list":{"0":"post-493","1":"product","2":"type-product","3":"status-publish","4":"has-post-thumbnail","6":"product_cat-cold-rolled-steel","7":"product_cat-cold-rolled-steel-strips","9":"first","10":"instock","11":"shipping-taxable","12":"product-type-simple"},"acf":[],"_links":{"self":[{"href":"https:\/\/www.wjlsteelsupplier.com\/es\/wp-json\/wp\/v2\/product\/493","targetHints":{"allow":["GET"]}}],"collection":[{"href":"https:\/\/www.wjlsteelsupplier.com\/es\/wp-json\/wp\/v2\/product"}],"about":[{"href":"https:\/\/www.wjlsteelsupplier.com\/es\/wp-json\/wp\/v2\/types\/product"}],"replies":[{"embeddable":true,"href":"https:\/\/www.wjlsteelsupplier.com\/es\/wp-json\/wp\/v2\/comments?post=493"}],"wp:featuredmedia":[{"embeddable":true,"href":"https:\/\/www.wjlsteelsupplier.com\/es\/wp-json\/wp\/v2\/media\/494"}],"wp:attachment":[{"href":"https:\/\/www.wjlsteelsupplier.com\/es\/wp-json\/wp\/v2\/media?parent=493"}],"wp:term":[{"taxonomy":"product_brand","embeddable":true,"href":"https:\/\/www.wjlsteelsupplier.com\/es\/wp-json\/wp\/v2\/product_brand?post=493"},{"taxonomy":"product_cat","embeddable":true,"href":"https:\/\/www.wjlsteelsupplier.com\/es\/wp-json\/wp\/v2\/product_cat?post=493"},{"taxonomy":"product_tag","embeddable":true,"href":"https:\/\/www.wjlsteelsupplier.com\/es\/wp-json\/wp\/v2\/product_tag?post=493"}],"curies":[{"name":"wp","href":"https:\/\/api.w.org\/{rel}","templated":true}]}}