{"id":490,"date":"2025-09-10T08:58:14","date_gmt":"2025-09-10T08:58:14","guid":{"rendered":"https:\/\/www.wjlsteelsupplier.com\/?post_type=product&#038;p=490"},"modified":"2026-01-20T01:14:10","modified_gmt":"2026-01-20T01:14:10","slug":"cold-rolled-steel-coils","status":"publish","type":"product","link":"https:\/\/www.wjlsteelsupplier.com\/es\/producto\/cold-rolled-steel-coils\/","title":{"rendered":"Bobina de acero laminado en fr\u00edo SPCC, SPCD, SPCE, DC01, DC03, DC06"},"content":{"rendered":"<h2 class=\"wp-block-heading\">Caracter\u00edsticas de la bobina de acero laminado en fr\u00edo<\/h2>\n\n\n<ul>\n<li><strong>Superficie lisa Acabado: <\/strong>La bobina de acero laminado en fr\u00edo presenta una superficie limpia, brillante y lisa, lo que la hace adecuada para componentes visibles y aplicaciones decorativas.<\/li>\n<li><strong>Excelente formabilidad: <\/strong>El acero laminado en fr\u00edo presenta una ductilidad excepcional y se puede doblar, estampar o embutir para darle formas complejas.<\/li>\n<li><strong>Buenas propiedades de pintado y revestimiento: <\/strong>El acero laminado en fr\u00edo acepta f\u00e1cilmente el galvanizado, la pintura y otros tratamientos superficiales, mejorando la resistencia a la corrosi\u00f3n y permitiendo acabados personalizados para satisfacer las diversas exigencias del mercado.<\/li>\n<li><strong>M\u00faltiples grados: <\/strong>Weijun Steel Supplier suministra al mercado mundial una gran variedad de calidades normalizadas internacionalmente, como SPCC, SPCD, SPCE, DC01, DC03, DC06, etc.<\/li>\n<li><strong>Precios competitivos:<\/strong> Weijunli proporciona materiales de acero laminado en fr\u00edo fiables a clientes de todo el mundo; ofrecemos precios competitivos y soluciones rentables.<\/li>\n<\/ul>\n\n\n<h2 class=\"wp-block-heading\">Aplicaciones de la bobina de acero laminado en fr\u00edo<\/h2>\n\n\n\n<div class=\"wp-block-columns is-layout-flex wp-container-core-columns-is-layout-9d6595d7 wp-block-columns-is-layout-flex\">\n<div class=\"wp-block-column is-layout-flow wp-block-column-is-layout-flow\"><div class=\"wp-block-image\">\n<figure class=\"aligncenter size-full\"><img decoding=\"async\" width=\"864\" height=\"1184\" src=\"https:\/\/www.wjlsteelsupplier.com\/wp-content\/uploads\/2025\/09\/door-handle.webp\" alt=\"\" class=\"wp-image-1498\" srcset=\"https:\/\/www.wjlsteelsupplier.com\/wp-content\/uploads\/2025\/09\/door-handle.webp 864w, https:\/\/www.wjlsteelsupplier.com\/wp-content\/uploads\/2025\/09\/door-handle-219x300.webp 219w, https:\/\/www.wjlsteelsupplier.com\/wp-content\/uploads\/2025\/09\/door-handle-768x1052.webp 768w, https:\/\/www.wjlsteelsupplier.com\/wp-content\/uploads\/2025\/09\/door-handle-9x12.webp 9w, https:\/\/www.wjlsteelsupplier.com\/wp-content\/uploads\/2025\/09\/door-handle-600x822.webp 600w\" sizes=\"(max-width: 864px) 100vw, 864px\" \/><figcaption class=\"wp-element-caption\">Tirador de puerta<\/figcaption><\/figure>\n<\/div><\/div>\n\n\n\n<div class=\"wp-block-column is-layout-flow wp-block-column-is-layout-flow\"><div class=\"wp-block-image\">\n<figure class=\"aligncenter size-full\"><img decoding=\"async\" width=\"864\" height=\"1184\" src=\"https:\/\/www.wjlsteelsupplier.com\/wp-content\/uploads\/2025\/09\/stationery-clip.webp\" alt=\"\" class=\"wp-image-1499\" srcset=\"https:\/\/www.wjlsteelsupplier.com\/wp-content\/uploads\/2025\/09\/stationery-clip.webp 864w, https:\/\/www.wjlsteelsupplier.com\/wp-content\/uploads\/2025\/09\/stationery-clip-219x300.webp 219w, https:\/\/www.wjlsteelsupplier.com\/wp-content\/uploads\/2025\/09\/stationery-clip-768x1052.webp 768w, https:\/\/www.wjlsteelsupplier.com\/wp-content\/uploads\/2025\/09\/stationery-clip-9x12.webp 9w, https:\/\/www.wjlsteelsupplier.com\/wp-content\/uploads\/2025\/09\/stationery-clip-600x822.webp 600w\" sizes=\"(max-width: 864px) 100vw, 864px\" \/><figcaption class=\"wp-element-caption\">Clip de papeler\u00eda<\/figcaption><\/figure>\n<\/div><\/div>\n<\/div>\n\n\n\n<p>Las aplicaciones t\u00edpicas de la bobina de acero laminado en fr\u00edo incluyen manillas para puertas, herrajes para muebles, clips de papeler\u00eda, soportes, bisagras y herrajes decorativos.<\/p>\n\n\n\n<p>Bobina de acero laminado en fr\u00edo al por mayor para compradores especializados en la producci\u00f3n de peque\u00f1os componentes de acero y productos de ferreter\u00eda. Sabemos que en estos productos, la calidad de la superficie, la precisi\u00f3n dimensional y la consistencia del procesamiento son fundamentales. Nuestra bobina de acero laminado en fr\u00edo ofrece un rendimiento fiable, un comportamiento de conformado predecible, un alto rendimiento en la producci\u00f3n en masa y un aspecto uniforme en todos los lotes, lo que reduce el riesgo de calidad al tiempo que favorece una fabricaci\u00f3n eficiente y escalable. <\/p>","protected":false},"excerpt":{"rendered":"<p>Weijunli ofrece al por mayor bobinas de acero laminado en fr\u00edo de alta calidad. Las bobinas de acero laminado en fr\u00edo est\u00e1n disponibles en grados de SPCC, SPCD, SPCE, DC01, DC03, y DC06. La bobina laminada en fr\u00edo es un tipo de acero que se lamina a temperatura ambiente. Este proceso da como resultado un acabado m\u00e1s liso, una mayor precisi\u00f3n dimensional y una mayor resistencia.<\/p>\n<p><script src=\"chrome-extension:\/\/fpelahbljekknahkcaegamhcndkfpfnc\/iFrame.js\" type=\"text\/javascript\"><\/script><\/p>","protected":false},"featured_media":1491,"comment_status":"closed","ping_status":"closed","template":"","meta":{"_acf_changed":false},"product_brand":[],"product_cat":[19,29],"product_tag":[],"class_list":{"0":"post-490","1":"product","2":"type-product","3":"status-publish","4":"has-post-thumbnail","6":"product_cat-cold-rolled-steel","7":"product_cat-cold-rolled-steel-coils","9":"first","10":"instock","11":"shipping-taxable","12":"product-type-simple"},"acf":[],"_links":{"self":[{"href":"https:\/\/www.wjlsteelsupplier.com\/es\/wp-json\/wp\/v2\/product\/490","targetHints":{"allow":["GET"]}}],"collection":[{"href":"https:\/\/www.wjlsteelsupplier.com\/es\/wp-json\/wp\/v2\/product"}],"about":[{"href":"https:\/\/www.wjlsteelsupplier.com\/es\/wp-json\/wp\/v2\/types\/product"}],"replies":[{"embeddable":true,"href":"https:\/\/www.wjlsteelsupplier.com\/es\/wp-json\/wp\/v2\/comments?post=490"}],"wp:featuredmedia":[{"embeddable":true,"href":"https:\/\/www.wjlsteelsupplier.com\/es\/wp-json\/wp\/v2\/media\/1491"}],"wp:attachment":[{"href":"https:\/\/www.wjlsteelsupplier.com\/es\/wp-json\/wp\/v2\/media?parent=490"}],"wp:term":[{"taxonomy":"product_brand","embeddable":true,"href":"https:\/\/www.wjlsteelsupplier.com\/es\/wp-json\/wp\/v2\/product_brand?post=490"},{"taxonomy":"product_cat","embeddable":true,"href":"https:\/\/www.wjlsteelsupplier.com\/es\/wp-json\/wp\/v2\/product_cat?post=490"},{"taxonomy":"product_tag","embeddable":true,"href":"https:\/\/www.wjlsteelsupplier.com\/es\/wp-json\/wp\/v2\/product_tag?post=490"}],"curies":[{"name":"wp","href":"https:\/\/api.w.org\/{rel}","templated":true}]}}