{"id":361,"date":"2025-09-13T11:13:33","date_gmt":"2025-09-13T11:13:33","guid":{"rendered":"https:\/\/www.wjlsteelsupplier.com\/?post_type=product&#038;p=361"},"modified":"2025-09-18T14:37:33","modified_gmt":"2025-09-18T14:37:33","slug":"stainless-steel-plates","status":"publish","type":"product","link":"https:\/\/www.wjlsteelsupplier.com\/es\/producto\/stainless-steel-plates\/","title":{"rendered":"Placas de acero inoxidable al por mayor de f\u00e1brica - 210, 304, 316"},"content":{"rendered":"<h2 class=\"wp-block-heading\">Caracter\u00edsticas de las placas de acero inoxidable<\/h2>\n\n\n\n<ul class=\"wp-block-list\">\n<li><strong>Excelente resistencia a la corrosi\u00f3n:<\/strong> Nuestras placas de acero inoxidable, especialmente las de grado 304 y 316, pueden resistir la herrumbre, la oxidaci\u00f3n y la corrosi\u00f3n qu\u00edmica en diversos entornos.<\/li>\n\n\n\n<li><strong>Duradera: <\/strong>Estas placas de acero inoxidable est\u00e1n fabricadas con materiales de alta calidad para garantizar una excelente solidez y resistencia al desgaste. Pueden seguir manteniendo la integridad bajo cargas pesadas y condiciones extremas.<\/li>\n\n\n\n<li><strong>Capacidades de procesamiento diversificadas: <\/strong>Las chapas de acero inoxidable se pueden cortar, laminar, estampar, doblar o prensar f\u00e1cilmente para darles diversas formas, y esta versatilidad puede satisfacer las necesidades de m\u00faltiples industrias.<\/li>\n\n\n\n<li><strong>Higiene y bajo coste de mantenimiento: <\/strong>Nuestras placas de acero inoxidable tienen una superficie lisa y sin poros, que puede evitar eficazmente la adsorci\u00f3n de productos qu\u00edmicos, bacterias u otros contaminantes. Esto las hace muy adecuadas para aplicaciones que requieren normas de higiene extremadamente estrictas, como el procesamiento de alimentos, los equipos m\u00e9dicos y los entornos de laboratorio.<\/li>\n<\/ul>","protected":false},"excerpt":{"rendered":"<p>Placas de acero inoxidable al por mayor, disponibles en los grados 210, 304 y 316, con excelente resistencia a la corrosi\u00f3n, alta resistencia y durabilidad. Su superficie es lisa y uniforme, con una variedad de opciones de procesamiento, por lo que es una opci\u00f3n ideal para aplicaciones industriales, arquitect\u00f3nicas, decorativas y sanitarias. Como proveedor de acero inoxidable de China, proporcionamos suministro a granel y ofrecemos precios competitivos.<\/p>\n<p><script src=\"chrome-extension:\/\/fpelahbljekknahkcaegamhcndkfpfnc\/iFrame.js\" type=\"text\/javascript\"><\/script><\/p>\n<p>\n<script src=\"chrome-extension:\/\/fpelahbljekknahkcaegamhcndkfpfnc\/iFrame.js\" type=\"text\/javascript\"><\/script><\/p>","protected":false},"featured_media":524,"comment_status":"closed","ping_status":"closed","template":"","meta":{"_acf_changed":false},"product_brand":[],"product_cat":[25,44],"product_tag":[],"class_list":{"0":"post-361","1":"product","2":"type-product","3":"status-publish","4":"has-post-thumbnail","6":"product_cat-stainless-steel","7":"product_cat-stainless-steel-plates","9":"first","10":"instock","11":"shipping-taxable","12":"product-type-simple"},"acf":[],"_links":{"self":[{"href":"https:\/\/www.wjlsteelsupplier.com\/es\/wp-json\/wp\/v2\/product\/361","targetHints":{"allow":["GET"]}}],"collection":[{"href":"https:\/\/www.wjlsteelsupplier.com\/es\/wp-json\/wp\/v2\/product"}],"about":[{"href":"https:\/\/www.wjlsteelsupplier.com\/es\/wp-json\/wp\/v2\/types\/product"}],"replies":[{"embeddable":true,"href":"https:\/\/www.wjlsteelsupplier.com\/es\/wp-json\/wp\/v2\/comments?post=361"}],"wp:featuredmedia":[{"embeddable":true,"href":"https:\/\/www.wjlsteelsupplier.com\/es\/wp-json\/wp\/v2\/media\/524"}],"wp:attachment":[{"href":"https:\/\/www.wjlsteelsupplier.com\/es\/wp-json\/wp\/v2\/media?parent=361"}],"wp:term":[{"taxonomy":"product_brand","embeddable":true,"href":"https:\/\/www.wjlsteelsupplier.com\/es\/wp-json\/wp\/v2\/product_brand?post=361"},{"taxonomy":"product_cat","embeddable":true,"href":"https:\/\/www.wjlsteelsupplier.com\/es\/wp-json\/wp\/v2\/product_cat?post=361"},{"taxonomy":"product_tag","embeddable":true,"href":"https:\/\/www.wjlsteelsupplier.com\/es\/wp-json\/wp\/v2\/product_tag?post=361"}],"curies":[{"name":"wp","href":"https:\/\/api.w.org\/{rel}","templated":true}]}}