{"id":1494,"date":"2026-01-30T07:01:50","date_gmt":"2026-01-30T07:01:50","guid":{"rendered":"https:\/\/www.wjlsteelsupplier.com\/?post_type=product&#038;p=1494"},"modified":"2026-02-06T09:18:09","modified_gmt":"2026-02-06T09:18:09","slug":"wholesale-bright-finish-cold-rolled-steel-coil","status":"publish","type":"product","link":"https:\/\/www.wjlsteelsupplier.com\/es\/producto\/wholesale-bright-finish-cold-rolled-steel-coil\/","title":{"rendered":"Proveedor y transformador al por mayor de bobinas de acero laminado en fr\u00edo con acabado brillante (doble acabado brillante)"},"content":{"rendered":"<h2 class=\"wp-block-heading\">Caracter\u00edsticas de la bobina de acero laminado en fr\u00edo con acabado brillante<\/h2>\n\n\n\n<ul class=\"wp-block-list\">\n<li><strong>Integridad superficial superior:<\/strong> Presenta un acabado brillante de alto lustre por las dos caras (BA\/similar a un espejo) con una excepcional suavidad superficial, lo que proporciona una base est\u00e9tica de primera calidad para aplicaciones de gama alta.<\/li>\n\n\n\n<li><strong>Consistencia dimensional de alta precisi\u00f3n:<\/strong> Dise\u00f1ado con tolerancias l\u00edderes en el sector y planitud superior (control de unidades I), lo que garantiza una compatibilidad perfecta con el mecanizado CNC automatizado de alta velocidad, el estampado de precisi\u00f3n y el corte por l\u00e1ser.<\/li>\n\n\n\n<li><strong>Formabilidad y equilibrio mec\u00e1nico optimizados:<\/strong> Ofrece una estructura de grano refinada que equilibra la resistencia a la tracci\u00f3n con un elevado alargamiento, garantizando un rendimiento estable durante ciclos complejos de plegado, embutici\u00f3n y embutici\u00f3n profunda sin piel de naranja superficial.<\/li>\n\n\n\n<li><strong>Compatibilidad mejorada con el postprocesado:<\/strong> La qu\u00edmica de la superficie est\u00e1 optimizada para una adherencia superior en galvanoplastia (Cromo\/N\u00edquel), revestimiento PVD y revestimiento en polvo, minimizando los costes de prepulido y garantizando al mismo tiempo un acabado final impecable.<\/li>\n<\/ul>\n\n\n\n<h2 class=\"wp-block-heading\">Aplicaci\u00f3n de la bobina de acero laminado en fr\u00edo con acabado brillante<\/h2>\n\n\n\n<div class=\"wp-block-columns is-layout-flex wp-container-core-columns-is-layout-9d6595d7 wp-block-columns-is-layout-flex\">\n<div class=\"wp-block-column is-layout-flow wp-block-column-is-layout-flow\" style=\"flex-basis:66.66%\">\n<p><strong>Exteriores de electrodom\u00e9sticos<\/strong><\/p>\n\n\n\n<ul class=\"wp-block-list\">\n<li><strong>Frigor\u00edficos:<\/strong> Paneles de puerta y revestimientos laterales de alta gama que requieren una textura elegante y met\u00e1lica.<\/li>\n\n\n\n<li><strong>Lavadoras:<\/strong> Marcos de paneles de control, molduras decorativas y componentes perimetrales.<\/li>\n\n\n\n<li><strong>Electr\u00f3nica de cocina:<\/strong> Carcasas exteriores para microondas y hornos en las que la resistencia al calor debe ir unida a un acabado decorativo y f\u00e1cil de limpiar.<\/li>\n<\/ul>\n<\/div>\n\n\n\n<div class=\"wp-block-column is-layout-flow wp-block-column-is-layout-flow\" style=\"flex-basis:33.33%\">\n<figure class=\"wp-block-image size-full\"><img decoding=\"async\" width=\"864\" height=\"1184\" src=\"https:\/\/www.wjlsteelsupplier.com\/wp-content\/uploads\/2025\/09\/stationery-clip.webp\" alt=\"\" class=\"wp-image-1499\" srcset=\"https:\/\/www.wjlsteelsupplier.com\/wp-content\/uploads\/2025\/09\/stationery-clip.webp 864w, https:\/\/www.wjlsteelsupplier.com\/wp-content\/uploads\/2025\/09\/stationery-clip-219x300.webp 219w, https:\/\/www.wjlsteelsupplier.com\/wp-content\/uploads\/2025\/09\/stationery-clip-768x1052.webp 768w, https:\/\/www.wjlsteelsupplier.com\/wp-content\/uploads\/2025\/09\/stationery-clip-9x12.webp 9w, https:\/\/www.wjlsteelsupplier.com\/wp-content\/uploads\/2025\/09\/stationery-clip-600x822.webp 600w\" sizes=\"(max-width: 864px) 100vw, 864px\" \/><\/figure>\n<\/div>\n<\/div>\n\n\n\n<div class=\"wp-block-columns is-layout-flex wp-container-core-columns-is-layout-9d6595d7 wp-block-columns-is-layout-flex\">\n<div class=\"wp-block-column is-layout-flow wp-block-column-is-layout-flow\" style=\"flex-basis:33.33%\">\n<figure class=\"wp-block-image size-full\"><img decoding=\"async\" width=\"864\" height=\"1184\" src=\"https:\/\/www.wjlsteelsupplier.com\/wp-content\/uploads\/2025\/09\/door-handle.webp\" alt=\"\" class=\"wp-image-1498\" srcset=\"https:\/\/www.wjlsteelsupplier.com\/wp-content\/uploads\/2025\/09\/door-handle.webp 864w, https:\/\/www.wjlsteelsupplier.com\/wp-content\/uploads\/2025\/09\/door-handle-219x300.webp 219w, https:\/\/www.wjlsteelsupplier.com\/wp-content\/uploads\/2025\/09\/door-handle-768x1052.webp 768w, https:\/\/www.wjlsteelsupplier.com\/wp-content\/uploads\/2025\/09\/door-handle-9x12.webp 9w, https:\/\/www.wjlsteelsupplier.com\/wp-content\/uploads\/2025\/09\/door-handle-600x822.webp 600w\" sizes=\"(max-width: 864px) 100vw, 864px\" \/><\/figure>\n<\/div>\n\n\n\n<div class=\"wp-block-column is-layout-flow wp-block-column-is-layout-flow\" style=\"flex-basis:66.66%\">\n<p><strong>Ferreter\u00eda y decoraci\u00f3n arquitect\u00f3nica<\/strong><\/p>\n\n\n\n<ul class=\"wp-block-list\">\n<li><strong>Herrajes para muebles:<\/strong> Tiradores de primera calidad, soportes estructurales y listones decorativos incrustados.<\/li>\n\n\n\n<li><strong>Industria de la iluminaci\u00f3n:<\/strong> Carcasas de l\u00e1mparas y reflectores de alta reflectividad.<\/li>\n\n\n\n<li><strong>Componentes galvanizados:<\/strong> Cualquier herraje que requiera un \u201cacabado de espejo\u201d mediante cromado o niquelado; la baja rugosidad superficial del material base garantiza una superficie chapada de alta calidad y sin defectos.<\/li>\n<\/ul>\n<\/div>\n<\/div>\n\n\n\n<p><\/p>","protected":false},"excerpt":{"rendered":"<p>Bobina de acero laminado en fr\u00edo con acabado brillante al por mayor (doble acabado brillante) que presenta superficies lisas y brillantes por ambas caras.  Est\u00e1 dise\u00f1ado para paneles de electrodom\u00e9sticos y hardware decorativo que requieren una excelente apariencia, precisi\u00f3n dimensional y procesabilidad superficial superior. Como proveedor de acero inoxidable de China, proporcionamos suministro a granel y ofrecemos precios competitivos.<\/p>\n<p><script src=\"chrome-extension:\/\/fpelahbljekknahkcaegamhcndkfpfnc\/iFrame.js\" type=\"text\/javascript\"><\/script><\/p>","protected":false},"featured_media":1506,"comment_status":"closed","ping_status":"closed","template":"","meta":{"_acf_changed":false},"product_brand":[],"product_cat":[19,66],"product_tag":[],"class_list":{"0":"post-1494","1":"product","2":"type-product","3":"status-publish","4":"has-post-thumbnail","6":"product_cat-cold-rolled-steel","7":"product_cat-bright-finish-cold-rolled-steel-coil","9":"first","10":"instock","11":"shipping-taxable","12":"product-type-simple"},"acf":[],"_links":{"self":[{"href":"https:\/\/www.wjlsteelsupplier.com\/es\/wp-json\/wp\/v2\/product\/1494","targetHints":{"allow":["GET"]}}],"collection":[{"href":"https:\/\/www.wjlsteelsupplier.com\/es\/wp-json\/wp\/v2\/product"}],"about":[{"href":"https:\/\/www.wjlsteelsupplier.com\/es\/wp-json\/wp\/v2\/types\/product"}],"replies":[{"embeddable":true,"href":"https:\/\/www.wjlsteelsupplier.com\/es\/wp-json\/wp\/v2\/comments?post=1494"}],"wp:featuredmedia":[{"embeddable":true,"href":"https:\/\/www.wjlsteelsupplier.com\/es\/wp-json\/wp\/v2\/media\/1506"}],"wp:attachment":[{"href":"https:\/\/www.wjlsteelsupplier.com\/es\/wp-json\/wp\/v2\/media?parent=1494"}],"wp:term":[{"taxonomy":"product_brand","embeddable":true,"href":"https:\/\/www.wjlsteelsupplier.com\/es\/wp-json\/wp\/v2\/product_brand?post=1494"},{"taxonomy":"product_cat","embeddable":true,"href":"https:\/\/www.wjlsteelsupplier.com\/es\/wp-json\/wp\/v2\/product_cat?post=1494"},{"taxonomy":"product_tag","embeddable":true,"href":"https:\/\/www.wjlsteelsupplier.com\/es\/wp-json\/wp\/v2\/product_tag?post=1494"}],"curies":[{"name":"wp","href":"https:\/\/api.w.org\/{rel}","templated":true}]}}