{"id":579,"date":"2025-09-17T02:12:59","date_gmt":"2025-09-17T02:12:59","guid":{"rendered":"https:\/\/www.wjlsteelsupplier.com\/?post_type=product&#038;p=579"},"modified":"2025-09-17T02:22:17","modified_gmt":"2025-09-17T02:22:17","slug":"prepainted-steel-sheets","status":"publish","type":"product","link":"https:\/\/www.wjlsteelsupplier.com\/de\/produkt\/prepainted-steel-sheets\/","title":{"rendered":"Vorlackierte Stahlbleche Gro\u00dfhandel - Farbe beschichtete Stahlbleche direkt aus China Fabrik"},"content":{"rendered":"<h2 class=\"wp-block-heading\">Merkmale von bandbeschichteten Stahlblechen<\/h2>\n\n\n\n<ul class=\"wp-block-list\">\n<li><strong>Dauerhafter Oberfl\u00e4chenschutz: <\/strong>Unsere vorbeschichteten Stahlplatten sind mit einer hochwertigen Farbe beschichtet, die eine ausgezeichnete Korrosionsbest\u00e4ndigkeit, Rostschutz, UV-Schutz und Feuchtigkeitsbest\u00e4ndigkeit aufweist.<\/li>\n\n\n\n<li><strong>Vielf\u00e4ltig einsetzbar: <\/strong>Diese vorbereiteten Stahlbleche sind vielseitig verwendbar und eignen sich f\u00fcr verschiedene Zwecke, z. B. f\u00fcr Dachsysteme, Wandverkleidungen, M\u00f6belplatten, Ger\u00e4te, Beschilderungen und andere industrielle oder bauliche Anwendungen.<\/li>\n\n\n\n<li><strong>Wirtschaftliche Effizienz: <\/strong>Durch den Direktverkauf ab Werk und die Belieferung durch den Gro\u00dfhandel kommen die Kunden in den Genuss \u00e4u\u00dferst wettbewerbsf\u00e4higer Preise, und wir gew\u00e4hrleisten die Produktqualit\u00e4t.<\/li>\n<\/ul>","protected":false},"excerpt":{"rendered":"<p><span data-slate-node=\"text\">Hochwertige bandbeschichtete Stahlbleche f\u00fcr den Gro\u00dfhandel, geeignet f\u00fcr Geb\u00e4ude, D\u00e4cher, Wandverkleidungen, Haushaltsger\u00e4te und industrielle Anwendungen.<\/span><span data-slate-node=\"text\" data-slate-fragment=\"JTVCJTdCJTIydHlwZSUyMiUzQSUyMnBhcmFncmFwaCUyMiUyQyUyMmNoaWxkcmVuJTIyJTNBJTVCJTdCJTIyaWQlMjIlM0ElMjJlNmJBUlBsV2FlJTIyJTJDJTIycGFyYUlkeCUyMiUzQTAlMkMlMjJzcmMlMjIlM0ElMjJIaWdoLXF1YWxpdHklMjB3aG9sZXNhbGUlMjBwcmVwYWludGVkJTIwc3RlZWwlMjBzaGVldHMlMkMlMjBTdWl0YWJsZSUyMGZvciUyMGJ1aWxkaW5ncyUyQyUyMHJvb2ZzJTJDJTIwd2FsbCUyMHBhbmVscyUyQyUyMGhvbWUlMjBhcHBsaWFuY2VzJTJDJTIwYW5kJTIwaW5kdXN0cmlhbCUyMGFwcGxpY2F0aW9ucy4lMjIlMkMlMjJkc3QlMjIlM0ElMjIlRTklQUIlOTglRTUlOTMlODElRTglQjQlQTglRTYlODklQjklRTUlOEYlOTElRTklQTIlODQlRTYlQjYlODIlRTklOTIlQTIlRTYlOUQlQkYlRUYlQkMlOEMlRTklODAlODIlRTclOTQlQTglRTQlQkElOEUlRTUlQkIlQkElRTclQUQlOTElRTMlODAlODElRTUlQjElOEIlRTklQTElQjYlRTMlODAlODElRTUlQTIlOTklRTYlOUQlQkYlRTMlODAlODElRTUlQUUlQjYlRTclOTQlQTglRTclOTQlQjUlRTUlOTklQTglRTUlOTIlOEMlRTUlQjclQTUlRTQlQjglOUElRTUlQkElOTQlRTclOTQlQTglRTMlODAlODIlMjIlMkMlMjJtZXRhZGF0YSUyMiUzQSUyMiUyMiUyQyUyMm1hdGNoZXMlMjIlM0FudWxsJTJDJTIydHJhbnNsYXRlZEJ5JTIyJTNBbnVsbCUyQyUyMm1ldGFEYXRhJTIyJTNBJTVCJTVEJTJDJTIydGV4dCUyMiUzQSUyMkhpZ2gtcXVhbGl0eSUyMHdob2xlc2FsZSUyMHByZXBhaW50ZWQlMjBzdGVlbCUyMHNoZWV0cyUyQyUyMFN1aXRhYmxlJTIwZm9yJTIwYnVpbGRpbmdzJTJDJTIwcm9vZnMlMkMlMjB3YWxsJTIwcGFuZWxzJTJDJTIwaG9tZSUyMGFwcGxpYW5jZXMlMkMlMjBhbmQlMjBpbmR1c3RyaWFsJTIwYXBwbGljYXRpb25zLiUyMiU3RCUyQyU3QiUyMmlkJTIyJTNBJTIyVlJnbVlRS2xReiUyMiUyQyUyMnBhcmFJZHglMjIlM0EwJTJDJTIyc3JjJTIyJTNBJTIyJTIwRmFjdG9yeSUyMGRpcmVjdCUyMHNhbGVzJTIwZW5zdXJlJTIwZmF2b3JhYmxlJTIwcHJpY2VzJTIwYW5kJTIwc3RhYmxlJTIwcXVhbGl0eSUyMGZvciUyMGxhcmdlLXNjYWxlJTIwcHJvamVjdHMuJTIyJTJDJTIyZHN0JTIyJTNBJTIyJUU1JUI3JUE1JUU1JThFJTgyJUU3JTlCJUI0JUU5JTk0JTgwJUU3JUExJUFFJUU0JUJGJTlEJUU0JUJBJTg2JUU1JUE0JUE3JUU1JTlFJThCJUU5JUExJUI5JUU3JTlCJUFFJUU3JTlBJTg0JUU0JUJDJTk4JUU2JTgzJUEwJUU0JUJCJUI3JUU2JUEwJUJDJUU1JTkyJThDJUU3JUE4JUIzJUU1JUFFJTlBJUU4JUI0JUE4JUU5JTg3JThGJUUzJTgwJTgyJTIyJTJDJTIybWV0YWRhdGElMjIlM0ElMjIlMjIlMkMlMjJtYXRjaGVzJTIyJTNBbnVsbCUyQyUyMnRyYW5zbGF0ZWRCeSUyMiUzQW51bGwlMkMlMjJtZXRhRGF0YSUyMiUzQSU1QiU1RCUyQyUyMnRleHQlMjIlM0ElMjIlMjBGYWN0b3J5JTIwZGlyZWN0JTIwc2FsZXMlMjBlbnN1cmUlMjBmYXZvcmFibGUlMjBwcmljZXMlMjBhbmQlMjBzdGFibGUlMjBxdWFsaXR5JTIwZm9yJTIwbGFyZ2Utc2NhbGUlMjBwcm9qZWN0cy4lMjIlN0QlNUQlN0QlNUQ=\"><span class=\"\" data-slate-leaf=\"true\" data-sent-id=\"VRgmYQKlQz\" data-para-id=\"0\"> Der Direktvertrieb ab Werk garantiert g\u00fcnstige Preise und stabile Qualit\u00e4t f\u00fcr Gro\u00dfprojekte. Willkommen, uns zu kontaktieren.<\/span><\/span><\/p>","protected":false},"featured_media":580,"comment_status":"closed","ping_status":"closed","template":"","meta":{"_acf_changed":false},"product_brand":[],"product_cat":[20,62],"product_tag":[],"class_list":{"0":"post-579","1":"product","2":"type-product","3":"status-publish","4":"has-post-thumbnail","6":"product_cat-prepainted-steel","7":"product_cat-prepainted-steel-sheets","9":"first","10":"instock","11":"shipping-taxable","12":"product-type-simple"},"acf":[],"_links":{"self":[{"href":"https:\/\/www.wjlsteelsupplier.com\/de\/wp-json\/wp\/v2\/product\/579","targetHints":{"allow":["GET"]}}],"collection":[{"href":"https:\/\/www.wjlsteelsupplier.com\/de\/wp-json\/wp\/v2\/product"}],"about":[{"href":"https:\/\/www.wjlsteelsupplier.com\/de\/wp-json\/wp\/v2\/types\/product"}],"replies":[{"embeddable":true,"href":"https:\/\/www.wjlsteelsupplier.com\/de\/wp-json\/wp\/v2\/comments?post=579"}],"wp:featuredmedia":[{"embeddable":true,"href":"https:\/\/www.wjlsteelsupplier.com\/de\/wp-json\/wp\/v2\/media\/580"}],"wp:attachment":[{"href":"https:\/\/www.wjlsteelsupplier.com\/de\/wp-json\/wp\/v2\/media?parent=579"}],"wp:term":[{"taxonomy":"product_brand","embeddable":true,"href":"https:\/\/www.wjlsteelsupplier.com\/de\/wp-json\/wp\/v2\/product_brand?post=579"},{"taxonomy":"product_cat","embeddable":true,"href":"https:\/\/www.wjlsteelsupplier.com\/de\/wp-json\/wp\/v2\/product_cat?post=579"},{"taxonomy":"product_tag","embeddable":true,"href":"https:\/\/www.wjlsteelsupplier.com\/de\/wp-json\/wp\/v2\/product_tag?post=579"}],"curies":[{"name":"wp","href":"https:\/\/api.w.org\/{rel}","templated":true}]}}