{"id":576,"date":"2025-09-17T01:53:52","date_gmt":"2025-09-17T01:53:52","guid":{"rendered":"https:\/\/www.wjlsteelsupplier.com\/?post_type=product&#038;p=576"},"modified":"2025-09-17T02:08:45","modified_gmt":"2025-09-17T02:08:45","slug":"prepainted-steel-strips","status":"publish","type":"product","link":"https:\/\/www.wjlsteelsupplier.com\/de\/produkt\/prepainted-steel-strips\/","title":{"rendered":"Prepainted Steel Strips Factory Gro\u00dfhandel - Professional Prepainted Steel Lieferant"},"content":{"rendered":"<h2 class=\"wp-block-heading\">Merkmale von bandbeschichtetem Stahl<\/h2>\n\n\n\n<ul class=\"wp-block-list\">\n<li><strong>Hochwertige Beschichtung:<\/strong> Jedes Stahlband ist mit mehreren Schichten hochwertiger Farbe beschichtet, die eine ausgezeichnete Kratzfestigkeit, Ausbleichbest\u00e4ndigkeit und Best\u00e4ndigkeit gegen Umwelteinfl\u00fcsse aufweist, so dass die strukturelle Integrit\u00e4t und die \u00c4sthetik des Stahlbandes auch bei langfristiger Nutzung erhalten bleiben.<\/li>\n\n\n\n<li><strong>Gleichm\u00e4\u00dfige und glatte Oberfl\u00e4chenbehandlung: <\/strong>Das Beschichtungsverfahren gew\u00e4hrleistet eine gleichm\u00e4\u00dfige Oberfl\u00e4che und sorgt f\u00fcr optisch ansprechende Oberfl\u00e4cheneffekte, wodurch es sich ideal f\u00fcr exponierte Anwendungen in der modernen Architektur, f\u00fcr dekorative Platten, M\u00f6bel und Haushaltsger\u00e4te eignet.<\/li>\n\n\n\n<li><strong>Umfangreiche Anpassungsm\u00f6glichkeiten:<\/strong> Unsere Stahlb\u00e4nder k\u00f6nnen je nach Kundenwunsch in verschiedenen Farben, Beschichtungen, Dicken und Oberfl\u00e4chenbeschaffenheiten hergestellt werden.<\/li>\n\n\n\n<li><strong>Zuverl\u00e4ssige Versorgung durch den Gro\u00dfhandel: <\/strong>Der Direktvertrieb ab Werk gew\u00e4hrleistet \u00e4u\u00dferst wettbewerbsf\u00e4hige Preise, stabile Produktqualit\u00e4t und stabile Liefertermine f\u00fcr Gro\u00dfauftr\u00e4ge.<\/li>\n<\/ul>","protected":false},"excerpt":{"rendered":"<p>Vorlackierte Stahlb\u00e4nder aus dem Gro\u00dfhandel haben eine ausgezeichnete Korrosionsbest\u00e4ndigkeit und Haltbarkeit. Wir bieten eine Vielzahl von Farben, Dicken und Oberfl\u00e4chenbehandlungen an, um die individuellen Bed\u00fcrfnisse der Industrie, des Baugewerbes, der Haushaltsger\u00e4te- und M\u00f6belindustrie zu erf\u00fcllen. Hersteller und Lieferanten sind herzlich eingeladen, uns zu kontaktieren.<\/p>\n<p>\n<script src=\"chrome-extension:\/\/fpelahbljekknahkcaegamhcndkfpfnc\/iFrame.js\" type=\"text\/javascript\"><\/script><\/p>","protected":false},"featured_media":577,"comment_status":"closed","ping_status":"closed","template":"","meta":{"_acf_changed":false},"product_brand":[],"product_cat":[20,64],"product_tag":[],"class_list":{"0":"post-576","1":"product","2":"type-product","3":"status-publish","4":"has-post-thumbnail","6":"product_cat-prepainted-steel","7":"product_cat-prepainted-steel-strips","9":"first","10":"instock","11":"shipping-taxable","12":"product-type-simple"},"acf":[],"_links":{"self":[{"href":"https:\/\/www.wjlsteelsupplier.com\/de\/wp-json\/wp\/v2\/product\/576","targetHints":{"allow":["GET"]}}],"collection":[{"href":"https:\/\/www.wjlsteelsupplier.com\/de\/wp-json\/wp\/v2\/product"}],"about":[{"href":"https:\/\/www.wjlsteelsupplier.com\/de\/wp-json\/wp\/v2\/types\/product"}],"replies":[{"embeddable":true,"href":"https:\/\/www.wjlsteelsupplier.com\/de\/wp-json\/wp\/v2\/comments?post=576"}],"wp:featuredmedia":[{"embeddable":true,"href":"https:\/\/www.wjlsteelsupplier.com\/de\/wp-json\/wp\/v2\/media\/577"}],"wp:attachment":[{"href":"https:\/\/www.wjlsteelsupplier.com\/de\/wp-json\/wp\/v2\/media?parent=576"}],"wp:term":[{"taxonomy":"product_brand","embeddable":true,"href":"https:\/\/www.wjlsteelsupplier.com\/de\/wp-json\/wp\/v2\/product_brand?post=576"},{"taxonomy":"product_cat","embeddable":true,"href":"https:\/\/www.wjlsteelsupplier.com\/de\/wp-json\/wp\/v2\/product_cat?post=576"},{"taxonomy":"product_tag","embeddable":true,"href":"https:\/\/www.wjlsteelsupplier.com\/de\/wp-json\/wp\/v2\/product_tag?post=576"}],"curies":[{"name":"wp","href":"https:\/\/api.w.org\/{rel}","templated":true}]}}