{"id":565,"date":"2025-09-16T10:48:15","date_gmt":"2025-09-16T10:48:15","guid":{"rendered":"https:\/\/www.wjlsteelsupplier.com\/?post_type=product&#038;p=565"},"modified":"2025-09-16T11:35:05","modified_gmt":"2025-09-16T11:35:05","slug":"galvanized-steel-strips","status":"publish","type":"product","link":"https:\/\/www.wjlsteelsupplier.com\/de\/produkt\/galvanized-steel-strips\/","title":{"rendered":"Verzinkte Stahlb\u00e4nder Gro\u00dfhandel - Verzinkter Stahl Lieferant"},"content":{"rendered":"<h2 class=\"wp-block-heading\">Merkmale von Platten aus rostfreiem Stahl<\/h2>\n\n\n\n<ul class=\"wp-block-list\">\n<li><strong>Ausgezeichnete Korrosionsbest\u00e4ndigkeit:<\/strong> Verzinkte Stahlb\u00e4nder sind an der Oberfl\u00e4che mit einer sch\u00fctzenden Zinkschicht \u00fcberzogen, die eine Barriere gegen Feuchtigkeit und Sauerstoff bildet. Selbst in rauen Umgebungen kann es wirksam Rost verhindern und ist eine ideale Wahl f\u00fcr Geb\u00e4ude im Freien, D\u00e4cher, Automobilteile und industrielle Anwendungen.<\/li>\n\n\n\n<li><strong>Lange Nutzungsdauer: <\/strong>Die verzinkte Schicht verhindert nicht nur die Korrosion des Stahls, sondern erh\u00f6ht auch seine Festigkeit und Elastizit\u00e4t. Dies gew\u00e4hrleistet die Haltbarkeit des Stahls, verringert die Notwendigkeit eines h\u00e4ufigen Austauschs und spart den K\u00e4ufern und Endverbrauchern Wartungskosten.<\/li>\n\n\n\n<li><strong>Hervorragendes Kosten-Nutzen-Verh\u00e4ltnis:<\/strong> Im Vergleich zu nicht verzinktem Stahl oder teuren korrosionsbest\u00e4ndigen Legierungen hat verzinkter Stahl eine l\u00e4ngere Lebensdauer und ist eine sehr wirtschaftliche Wahl.<\/li>\n\n\n\n<li><strong>Zuverl\u00e4ssige Lieferung in gro\u00dfen Mengen:<\/strong> Als zuverl\u00e4ssiger Lieferant von verzinktem Stahl k\u00f6nnen wir Gro\u00dfhandelsbestellungen auf der Grundlage spezifischer Abmessungen, Dicken und Beschichtungsgewichte individuell anpassen.<\/li>\n<\/ul>","protected":false},"excerpt":{"rendered":"<p>Gro\u00dfhandel f\u00fcr verzinkte Stahlb\u00e4nder. Verzinkte Stahlb\u00e4nder sind eine ideale Wahl f\u00fcr die Bau-, Dach-, Automobil-, Elektro- und Agrarindustrie. Als vertrauensw\u00fcrdiger Lieferant von verzinktem Stahl bieten wir wettbewerbsf\u00e4hige Preise und professionelle Gro\u00dfhandelslieferdienste. Bitte z\u00f6gern Sie nicht, uns zu kontaktieren.<\/p>\n<p>\n<script src=\"chrome-extension:\/\/fpelahbljekknahkcaegamhcndkfpfnc\/iFrame.js\" type=\"text\/javascript\"><\/script><\/p>","protected":false},"featured_media":566,"comment_status":"closed","ping_status":"closed","template":"","meta":{"_acf_changed":false},"product_brand":[],"product_cat":[21,59],"product_tag":[],"class_list":{"0":"post-565","1":"product","2":"type-product","3":"status-publish","4":"has-post-thumbnail","6":"product_cat-galvanized-steel","7":"product_cat-galvanized-steel-strips","9":"first","10":"instock","11":"shipping-taxable","12":"product-type-simple"},"acf":[],"_links":{"self":[{"href":"https:\/\/www.wjlsteelsupplier.com\/de\/wp-json\/wp\/v2\/product\/565","targetHints":{"allow":["GET"]}}],"collection":[{"href":"https:\/\/www.wjlsteelsupplier.com\/de\/wp-json\/wp\/v2\/product"}],"about":[{"href":"https:\/\/www.wjlsteelsupplier.com\/de\/wp-json\/wp\/v2\/types\/product"}],"replies":[{"embeddable":true,"href":"https:\/\/www.wjlsteelsupplier.com\/de\/wp-json\/wp\/v2\/comments?post=565"}],"wp:featuredmedia":[{"embeddable":true,"href":"https:\/\/www.wjlsteelsupplier.com\/de\/wp-json\/wp\/v2\/media\/566"}],"wp:attachment":[{"href":"https:\/\/www.wjlsteelsupplier.com\/de\/wp-json\/wp\/v2\/media?parent=565"}],"wp:term":[{"taxonomy":"product_brand","embeddable":true,"href":"https:\/\/www.wjlsteelsupplier.com\/de\/wp-json\/wp\/v2\/product_brand?post=565"},{"taxonomy":"product_cat","embeddable":true,"href":"https:\/\/www.wjlsteelsupplier.com\/de\/wp-json\/wp\/v2\/product_cat?post=565"},{"taxonomy":"product_tag","embeddable":true,"href":"https:\/\/www.wjlsteelsupplier.com\/de\/wp-json\/wp\/v2\/product_tag?post=565"}],"curies":[{"name":"wp","href":"https:\/\/api.w.org\/{rel}","templated":true}]}}